{"id":2222,"date":"2023-10-09T14:01:21","date_gmt":"2023-10-09T11:01:21","guid":{"rendered":"https:\/\/powerline.fedze.com\/?post_type=product&#038;p=2222"},"modified":"2023-10-17T11:11:38","modified_gmt":"2023-10-17T08:11:38","slug":"gemini-ii-a-cift-kafa-kesim-makinesi","status":"publish","type":"product","link":"https:\/\/powerlinegrup.com\/en\/urun\/gemini-ii-a-cift-kafa-kesim-makinesi\/","title":{"rendered":"GEMINI II A \u00c7ift Kafa Kesim Makinesi"},"content":{"rendered":"<p><iframe loading=\"lazy\" title=\"YouTube video player\" src=\"https:\/\/www.youtube.com\/embed\/q9Y9JRrIIIQ?si=OixUluZ8qmPUxI7j\" width=\"560\" height=\"315\" frameborder=\"0\" allowfullscreen=\"allowfullscreen\"><\/iframe><\/p>\n<div class=\"image_frame image_item no_link scale-with-grid element_classes no_border mfn-img-box\" ><div class=\"image_wrapper \"><img decoding=\"async\" class=\"scale-with-grid\" src=\"https:\/\/powerline.fedze.com\/wp-content\/uploads\/Ekran-Resmi-2023-10-12-14.22.08.png\" alt=\"GEMINI II A \u00c7ift Kafa Kesim Makinesi\" title=\"\" width=\"\" height=\"\" style=\"\"\/><\/div><\/div>\n\n","protected":false},"excerpt":{"rendered":"<p>Al\u00fcminyum, plastik ve ah\u015fap profillerin kesim i\u015flemleri i\u00e7in kullan\u0131l\u0131r.<\/p>\n<ul>\n<li>Hidro-pn\u00f6matik kesim<\/li>\n<li>Elektronik kontroll\u00fc X ekseni<\/li>\n<li>Manyetik cetvelli pozisyon kontrol\u00fc<\/li>\n<li>Testere muhafazas\u0131 ile emniyetli kesim \u2018-45\u00b0 ve +45\u00b0 aras\u0131nda istenen t\u00fcm a\u00e7\u0131larda kesim<\/li>\n<li>Sa\u011fa ve sola 0\u00b0, 15\u00b0, 22,5\u00b0, 30\u00b0, 45\u00b0 a\u00e7\u0131 sabitleme<\/li>\n<li>Otomatik yatay ve dikey mengeneler<\/li>\n<li>Profil destek \u00fcnitesi<\/li>\n<li>Ayarlanabilir testere \u00e7\u0131k\u0131\u015f h\u0131z\u0131<\/li>\n<li>Re\u00e7ete kaydetme<\/li>\n<li>Dijital okuyucu ile hassas kesim \u00f6l\u00e7\u00fcs\u00fc<\/li>\n<li>Dokunmatik kontrol pane<\/li>\n<\/ul>\n<div class=\"icon_box icon_position_ no_border\"><a class=\"\" href=\"https:\/\/powerlinegrup.com\/wp-content\/uploads\/GEMINI-II-A.pdf\" target=\"_blank\"  title=\"\"><div class=\"icon_wrapper\"><div class=\"icon\"><i class=\"icon-acrobat\" aria-hidden=\"true\"><\/i><\/div><\/div><div class=\"desc_wrapper\"><h4 class=\"title \">PDF OLARAK G\u00d6R\u00dcNT\u00dcLEMEK \u0130\u00c7\u0130N TIKLAYINIZ<\/h4><\/div><\/a><\/div>\n\n","protected":false},"featured_media":2396,"template":"","meta":[],"product_brand":[],"product_cat":[116],"product_tag":[],"class_list":{"0":"post-2222","1":"product","2":"type-product","3":"status-publish","4":"has-post-thumbnail","6":"product_cat-ozcelik-makine","8":"first","9":"instock","10":"shipping-taxable","11":"product-type-simple"},"yoast_head":"<!-- This site is optimized with the Yoast SEO plugin v25.4 - https:\/\/yoast.com\/wordpress\/plugins\/seo\/ -->\n<title>GEMINI II A \u00c7ift Kafa Kesim Makinesi - Powerline Grup<\/title>\n<meta name=\"robots\" content=\"index, follow, max-snippet:-1, max-image-preview:large, max-video-preview:-1\" \/>\n<link rel=\"canonical\" href=\"https:\/\/powerlinegrup.com\/urun\/gemini-ii-a-cift-kafa-kesim-makinesi\/\" \/>\n<meta property=\"og:locale\" content=\"en_US\" \/>\n<meta property=\"og:type\" content=\"article\" \/>\n<meta property=\"og:title\" content=\"GEMINI II A \u00c7ift Kafa Kesim Makinesi - Powerline Grup\" \/>\n<meta property=\"og:description\" content=\"Al\u00fcminyum, plastik ve ah\u015fap profillerin kesim i\u015flemleri i\u00e7in kullan\u0131l\u0131r.   Hidro-pn\u00f6matik kesim  Elektronik kontroll\u00fc X ekseni  Manyetik cetvelli pozisyon kontrol\u00fc  Testere muhafazas\u0131 ile emniyetli kesim \u2018-45\u00b0 ve +45\u00b0 aras\u0131nda istenen t\u00fcm a\u00e7\u0131larda kesim  Sa\u011fa ve sola 0\u00b0, 15\u00b0, 22,5\u00b0, 30\u00b0, 45\u00b0 a\u00e7\u0131 sabitleme  Otomatik yatay ve dikey mengeneler  Profil destek \u00fcnitesi  Ayarlanabilir testere \u00e7\u0131k\u0131\u015f h\u0131z\u0131  Re\u00e7ete kaydetme  Dijital okuyucu ile hassas kesim \u00f6l\u00e7\u00fcs\u00fc  Dokunmatik kontrol pane\" \/>\n<meta property=\"og:url\" content=\"https:\/\/powerlinegrup.com\/urun\/gemini-ii-a-cift-kafa-kesim-makinesi\/\" \/>\n<meta property=\"og:site_name\" content=\"Powerline Grup\" \/>\n<meta property=\"article:modified_time\" content=\"2023-10-17T08:11:38+00:00\" \/>\n<meta property=\"og:image\" content=\"https:\/\/powerlinegrup.com\/wp-content\/uploads\/gemini-2-a-cift-kafa-kesim-makinesi.jpg\" \/>\n\t<meta property=\"og:image:width\" content=\"1000\" \/>\n\t<meta property=\"og:image:height\" content=\"1000\" \/>\n\t<meta property=\"og:image:type\" content=\"image\/jpeg\" \/>\n<meta name=\"twitter:card\" content=\"summary_large_image\" \/>\n<script type=\"application\/ld+json\" class=\"yoast-schema-graph\">{\"@context\":\"https:\/\/schema.org\",\"@graph\":[{\"@type\":\"WebPage\",\"@id\":\"https:\/\/powerlinegrup.com\/urun\/gemini-ii-a-cift-kafa-kesim-makinesi\/\",\"url\":\"https:\/\/powerlinegrup.com\/urun\/gemini-ii-a-cift-kafa-kesim-makinesi\/\",\"name\":\"GEMINI II A \u00c7ift Kafa Kesim Makinesi - Powerline Grup\",\"isPartOf\":{\"@id\":\"https:\/\/powerlinegrup.com\/#website\"},\"primaryImageOfPage\":{\"@id\":\"https:\/\/powerlinegrup.com\/urun\/gemini-ii-a-cift-kafa-kesim-makinesi\/#primaryimage\"},\"image\":{\"@id\":\"https:\/\/powerlinegrup.com\/urun\/gemini-ii-a-cift-kafa-kesim-makinesi\/#primaryimage\"},\"thumbnailUrl\":\"https:\/\/powerlinegrup.com\/wp-content\/uploads\/gemini-2-a-cift-kafa-kesim-makinesi.jpg\",\"datePublished\":\"2023-10-09T11:01:21+00:00\",\"dateModified\":\"2023-10-17T08:11:38+00:00\",\"breadcrumb\":{\"@id\":\"https:\/\/powerlinegrup.com\/urun\/gemini-ii-a-cift-kafa-kesim-makinesi\/#breadcrumb\"},\"inLanguage\":\"en-US\",\"potentialAction\":[{\"@type\":\"ReadAction\",\"target\":[\"https:\/\/powerlinegrup.com\/urun\/gemini-ii-a-cift-kafa-kesim-makinesi\/\"]}]},{\"@type\":\"ImageObject\",\"inLanguage\":\"en-US\",\"@id\":\"https:\/\/powerlinegrup.com\/urun\/gemini-ii-a-cift-kafa-kesim-makinesi\/#primaryimage\",\"url\":\"https:\/\/powerlinegrup.com\/wp-content\/uploads\/gemini-2-a-cift-kafa-kesim-makinesi.jpg\",\"contentUrl\":\"https:\/\/powerlinegrup.com\/wp-content\/uploads\/gemini-2-a-cift-kafa-kesim-makinesi.jpg\",\"width\":1000,\"height\":1000},{\"@type\":\"BreadcrumbList\",\"@id\":\"https:\/\/powerlinegrup.com\/urun\/gemini-ii-a-cift-kafa-kesim-makinesi\/#breadcrumb\",\"itemListElement\":[{\"@type\":\"ListItem\",\"position\":1,\"name\":\"Anasayfa\",\"item\":\"https:\/\/powerlinegrup.com\/en\/\"},{\"@type\":\"ListItem\",\"position\":2,\"name\":\"\u00dcr\u00fcnler\",\"item\":\"https:\/\/powerlinegrup.com\/en\/urunler\/\"},{\"@type\":\"ListItem\",\"position\":3,\"name\":\"GEMINI II A \u00c7ift Kafa Kesim Makinesi\"}]},{\"@type\":\"WebSite\",\"@id\":\"https:\/\/powerlinegrup.com\/#website\",\"url\":\"https:\/\/powerlinegrup.com\/\",\"name\":\"Powerline Grup\",\"description\":\"\",\"potentialAction\":[{\"@type\":\"SearchAction\",\"target\":{\"@type\":\"EntryPoint\",\"urlTemplate\":\"https:\/\/powerlinegrup.com\/?s={search_term_string}\"},\"query-input\":{\"@type\":\"PropertyValueSpecification\",\"valueRequired\":true,\"valueName\":\"search_term_string\"}}],\"inLanguage\":\"en-US\"}]}<\/script>\n<!-- \/ Yoast SEO plugin. -->","yoast_head_json":{"title":"GEMINI II A \u00c7ift Kafa Kesim Makinesi - Powerline Grup","robots":{"index":"index","follow":"follow","max-snippet":"max-snippet:-1","max-image-preview":"max-image-preview:large","max-video-preview":"max-video-preview:-1"},"canonical":"https:\/\/powerlinegrup.com\/urun\/gemini-ii-a-cift-kafa-kesim-makinesi\/","og_locale":"en_US","og_type":"article","og_title":"GEMINI II A \u00c7ift Kafa Kesim Makinesi - Powerline Grup","og_description":"Al\u00fcminyum, plastik ve ah\u015fap profillerin kesim i\u015flemleri i\u00e7in kullan\u0131l\u0131r.   Hidro-pn\u00f6matik kesim  Elektronik kontroll\u00fc X ekseni  Manyetik cetvelli pozisyon kontrol\u00fc  Testere muhafazas\u0131 ile emniyetli kesim \u2018-45\u00b0 ve +45\u00b0 aras\u0131nda istenen t\u00fcm a\u00e7\u0131larda kesim  Sa\u011fa ve sola 0\u00b0, 15\u00b0, 22,5\u00b0, 30\u00b0, 45\u00b0 a\u00e7\u0131 sabitleme  Otomatik yatay ve dikey mengeneler  Profil destek \u00fcnitesi  Ayarlanabilir testere \u00e7\u0131k\u0131\u015f h\u0131z\u0131  Re\u00e7ete kaydetme  Dijital okuyucu ile hassas kesim \u00f6l\u00e7\u00fcs\u00fc  Dokunmatik kontrol pane","og_url":"https:\/\/powerlinegrup.com\/urun\/gemini-ii-a-cift-kafa-kesim-makinesi\/","og_site_name":"Powerline Grup","article_modified_time":"2023-10-17T08:11:38+00:00","og_image":[{"width":1000,"height":1000,"url":"https:\/\/powerlinegrup.com\/wp-content\/uploads\/gemini-2-a-cift-kafa-kesim-makinesi.jpg","type":"image\/jpeg"}],"twitter_card":"summary_large_image","schema":{"@context":"https:\/\/schema.org","@graph":[{"@type":"WebPage","@id":"https:\/\/powerlinegrup.com\/urun\/gemini-ii-a-cift-kafa-kesim-makinesi\/","url":"https:\/\/powerlinegrup.com\/urun\/gemini-ii-a-cift-kafa-kesim-makinesi\/","name":"GEMINI II A \u00c7ift Kafa Kesim Makinesi - Powerline Grup","isPartOf":{"@id":"https:\/\/powerlinegrup.com\/#website"},"primaryImageOfPage":{"@id":"https:\/\/powerlinegrup.com\/urun\/gemini-ii-a-cift-kafa-kesim-makinesi\/#primaryimage"},"image":{"@id":"https:\/\/powerlinegrup.com\/urun\/gemini-ii-a-cift-kafa-kesim-makinesi\/#primaryimage"},"thumbnailUrl":"https:\/\/powerlinegrup.com\/wp-content\/uploads\/gemini-2-a-cift-kafa-kesim-makinesi.jpg","datePublished":"2023-10-09T11:01:21+00:00","dateModified":"2023-10-17T08:11:38+00:00","breadcrumb":{"@id":"https:\/\/powerlinegrup.com\/urun\/gemini-ii-a-cift-kafa-kesim-makinesi\/#breadcrumb"},"inLanguage":"en-US","potentialAction":[{"@type":"ReadAction","target":["https:\/\/powerlinegrup.com\/urun\/gemini-ii-a-cift-kafa-kesim-makinesi\/"]}]},{"@type":"ImageObject","inLanguage":"en-US","@id":"https:\/\/powerlinegrup.com\/urun\/gemini-ii-a-cift-kafa-kesim-makinesi\/#primaryimage","url":"https:\/\/powerlinegrup.com\/wp-content\/uploads\/gemini-2-a-cift-kafa-kesim-makinesi.jpg","contentUrl":"https:\/\/powerlinegrup.com\/wp-content\/uploads\/gemini-2-a-cift-kafa-kesim-makinesi.jpg","width":1000,"height":1000},{"@type":"BreadcrumbList","@id":"https:\/\/powerlinegrup.com\/urun\/gemini-ii-a-cift-kafa-kesim-makinesi\/#breadcrumb","itemListElement":[{"@type":"ListItem","position":1,"name":"Anasayfa","item":"https:\/\/powerlinegrup.com\/en\/"},{"@type":"ListItem","position":2,"name":"\u00dcr\u00fcnler","item":"https:\/\/powerlinegrup.com\/en\/urunler\/"},{"@type":"ListItem","position":3,"name":"GEMINI II A \u00c7ift Kafa Kesim Makinesi"}]},{"@type":"WebSite","@id":"https:\/\/powerlinegrup.com\/#website","url":"https:\/\/powerlinegrup.com\/","name":"Powerline Grup","description":"","potentialAction":[{"@type":"SearchAction","target":{"@type":"EntryPoint","urlTemplate":"https:\/\/powerlinegrup.com\/?s={search_term_string}"},"query-input":{"@type":"PropertyValueSpecification","valueRequired":true,"valueName":"search_term_string"}}],"inLanguage":"en-US"}]}},"_links":{"self":[{"href":"https:\/\/powerlinegrup.com\/en\/wp-json\/wp\/v2\/product\/2222","targetHints":{"allow":["GET"]}}],"collection":[{"href":"https:\/\/powerlinegrup.com\/en\/wp-json\/wp\/v2\/product"}],"about":[{"href":"https:\/\/powerlinegrup.com\/en\/wp-json\/wp\/v2\/types\/product"}],"wp:featuredmedia":[{"embeddable":true,"href":"https:\/\/powerlinegrup.com\/en\/wp-json\/wp\/v2\/media\/2396"}],"wp:attachment":[{"href":"https:\/\/powerlinegrup.com\/en\/wp-json\/wp\/v2\/media?parent=2222"}],"wp:term":[{"taxonomy":"product_brand","embeddable":true,"href":"https:\/\/powerlinegrup.com\/en\/wp-json\/wp\/v2\/product_brand?post=2222"},{"taxonomy":"product_cat","embeddable":true,"href":"https:\/\/powerlinegrup.com\/en\/wp-json\/wp\/v2\/product_cat?post=2222"},{"taxonomy":"product_tag","embeddable":true,"href":"https:\/\/powerlinegrup.com\/en\/wp-json\/wp\/v2\/product_tag?post=2222"}],"curies":[{"name":"wp","href":"https:\/\/api.w.org\/{rel}","templated":true}]}}