{"id":2229,"date":"2023-10-09T14:13:29","date_gmt":"2023-10-09T11:13:29","guid":{"rendered":"https:\/\/powerline.fedze.com\/?post_type=product&#038;p=2229"},"modified":"2023-10-17T11:01:02","modified_gmt":"2023-10-17T08:01:02","slug":"gemini-vi-cift-kafa-kesim-makinesi","status":"publish","type":"product","link":"https:\/\/powerlinegrup.com\/en\/urun\/gemini-vi-cift-kafa-kesim-makinesi\/","title":{"rendered":"GEMINI VI \u00c7ift Kafa Kesim Makinesi"},"content":{"rendered":"<p><iframe loading=\"lazy\" title=\"YouTube video player\" src=\"https:\/\/www.youtube.com\/embed\/fLiITfVSMyc?si=gXtv2ozukqZ5ko0f\" width=\"560\" height=\"315\" frameborder=\"0\" allowfullscreen=\"allowfullscreen\"><\/iframe><\/p>\n<p>&nbsp;<\/p>\n","protected":false},"excerpt":{"rendered":"<p><strong>\u00c7ift Kafa Kesim Makinesi \u00d8 600 mm &#8211; Otomatik 3 Eksen Servo Kontroll\u00fc<\/strong><\/p>\n<p>Al\u00fcminyum, plastik ve ah\u015fap profillerin kesim i\u015flemleri i\u00e7in kullan\u0131l\u0131r.<\/p>\n<ul>\n<li>Hidro-Pn\u00f6matik kesim<\/li>\n<li>Servo kontroll\u00fc d\u00f6n\u00fc\u015f ekseni<\/li>\n<li>Emniyet sens\u00f6rl\u00fc muhafaza ile g\u00fcvenli kesim<\/li>\n<li>Servo hareket sistemi sayesinde -22,5\u00b0 ve 45\u00b0 a\u00e7\u0131lar aras\u0131ndaki t\u00fcm ara derecelerde otomatik pozisyonlama<\/li>\n<\/ul>\n<div class=\"icon_box icon_position_ no_border\"><a class=\"\" href=\"https:\/\/powerlinegrup.com\/wp-content\/uploads\/GEMINI-VI-TR.pdf\" target=\"_blank\"  title=\"\"><div class=\"icon_wrapper\"><div class=\"icon\"><i class=\"icon-acrobat\" aria-hidden=\"true\"><\/i><\/div><\/div><div class=\"desc_wrapper\"><h4 class=\"title \">PDF OLARAK G\u00d6R\u00dcNT\u00dcLEMEK \u0130\u00c7\u0130N TIKLAYINIZ<\/h4><\/div><\/a><\/div>\n\n","protected":false},"featured_media":2384,"template":"","meta":[],"product_brand":[],"product_cat":[116],"product_tag":[],"class_list":{"0":"post-2229","1":"product","2":"type-product","3":"status-publish","4":"has-post-thumbnail","6":"product_cat-ozcelik-makine","8":"first","9":"instock","10":"shipping-taxable","11":"product-type-simple"},"yoast_head":"<!-- This site is optimized with the Yoast SEO plugin v25.4 - https:\/\/yoast.com\/wordpress\/plugins\/seo\/ -->\n<title>GEMINI VI \u00c7ift Kafa Kesim Makinesi - Powerline Grup<\/title>\n<meta name=\"robots\" content=\"index, follow, max-snippet:-1, max-image-preview:large, max-video-preview:-1\" \/>\n<link rel=\"canonical\" href=\"https:\/\/powerlinegrup.com\/urun\/gemini-vi-cift-kafa-kesim-makinesi\/\" \/>\n<meta property=\"og:locale\" content=\"en_US\" \/>\n<meta property=\"og:type\" content=\"article\" \/>\n<meta property=\"og:title\" content=\"GEMINI VI \u00c7ift Kafa Kesim Makinesi - Powerline Grup\" \/>\n<meta property=\"og:description\" content=\"\u00c7ift Kafa Kesim Makinesi \u00d8 600 mm - Otomatik 3 Eksen Servo Kontroll\u00fc  Al\u00fcminyum, plastik ve ah\u015fap profillerin kesim i\u015flemleri i\u00e7in kullan\u0131l\u0131r.   Hidro-Pn\u00f6matik kesim  Servo kontroll\u00fc d\u00f6n\u00fc\u015f ekseni  Emniyet sens\u00f6rl\u00fc muhafaza ile g\u00fcvenli kesim  Servo hareket sistemi sayesinde -22,5\u00b0 ve 45\u00b0 a\u00e7\u0131lar aras\u0131ndaki t\u00fcm ara derecelerde otomatik pozisyonlama\" \/>\n<meta property=\"og:url\" content=\"https:\/\/powerlinegrup.com\/urun\/gemini-vi-cift-kafa-kesim-makinesi\/\" \/>\n<meta property=\"og:site_name\" content=\"Powerline Grup\" \/>\n<meta property=\"article:modified_time\" content=\"2023-10-17T08:01:02+00:00\" \/>\n<meta property=\"og:image\" content=\"https:\/\/powerlinegrup.com\/wp-content\/uploads\/gemini-6-cift-kafa-kesim-makinesi.jpg\" \/>\n\t<meta property=\"og:image:width\" content=\"1000\" \/>\n\t<meta property=\"og:image:height\" content=\"1000\" \/>\n\t<meta property=\"og:image:type\" content=\"image\/jpeg\" \/>\n<meta name=\"twitter:card\" content=\"summary_large_image\" \/>\n<script type=\"application\/ld+json\" class=\"yoast-schema-graph\">{\"@context\":\"https:\/\/schema.org\",\"@graph\":[{\"@type\":\"WebPage\",\"@id\":\"https:\/\/powerlinegrup.com\/urun\/gemini-vi-cift-kafa-kesim-makinesi\/\",\"url\":\"https:\/\/powerlinegrup.com\/urun\/gemini-vi-cift-kafa-kesim-makinesi\/\",\"name\":\"GEMINI VI \u00c7ift Kafa Kesim Makinesi - Powerline Grup\",\"isPartOf\":{\"@id\":\"https:\/\/powerlinegrup.com\/#website\"},\"primaryImageOfPage\":{\"@id\":\"https:\/\/powerlinegrup.com\/urun\/gemini-vi-cift-kafa-kesim-makinesi\/#primaryimage\"},\"image\":{\"@id\":\"https:\/\/powerlinegrup.com\/urun\/gemini-vi-cift-kafa-kesim-makinesi\/#primaryimage\"},\"thumbnailUrl\":\"https:\/\/powerlinegrup.com\/wp-content\/uploads\/gemini-6-cift-kafa-kesim-makinesi.jpg\",\"datePublished\":\"2023-10-09T11:13:29+00:00\",\"dateModified\":\"2023-10-17T08:01:02+00:00\",\"breadcrumb\":{\"@id\":\"https:\/\/powerlinegrup.com\/urun\/gemini-vi-cift-kafa-kesim-makinesi\/#breadcrumb\"},\"inLanguage\":\"en-US\",\"potentialAction\":[{\"@type\":\"ReadAction\",\"target\":[\"https:\/\/powerlinegrup.com\/urun\/gemini-vi-cift-kafa-kesim-makinesi\/\"]}]},{\"@type\":\"ImageObject\",\"inLanguage\":\"en-US\",\"@id\":\"https:\/\/powerlinegrup.com\/urun\/gemini-vi-cift-kafa-kesim-makinesi\/#primaryimage\",\"url\":\"https:\/\/powerlinegrup.com\/wp-content\/uploads\/gemini-6-cift-kafa-kesim-makinesi.jpg\",\"contentUrl\":\"https:\/\/powerlinegrup.com\/wp-content\/uploads\/gemini-6-cift-kafa-kesim-makinesi.jpg\",\"width\":1000,\"height\":1000},{\"@type\":\"BreadcrumbList\",\"@id\":\"https:\/\/powerlinegrup.com\/urun\/gemini-vi-cift-kafa-kesim-makinesi\/#breadcrumb\",\"itemListElement\":[{\"@type\":\"ListItem\",\"position\":1,\"name\":\"Anasayfa\",\"item\":\"https:\/\/powerlinegrup.com\/en\/\"},{\"@type\":\"ListItem\",\"position\":2,\"name\":\"\u00dcr\u00fcnler\",\"item\":\"https:\/\/powerlinegrup.com\/en\/urunler\/\"},{\"@type\":\"ListItem\",\"position\":3,\"name\":\"GEMINI VI \u00c7ift Kafa Kesim Makinesi\"}]},{\"@type\":\"WebSite\",\"@id\":\"https:\/\/powerlinegrup.com\/#website\",\"url\":\"https:\/\/powerlinegrup.com\/\",\"name\":\"Powerline Grup\",\"description\":\"\",\"potentialAction\":[{\"@type\":\"SearchAction\",\"target\":{\"@type\":\"EntryPoint\",\"urlTemplate\":\"https:\/\/powerlinegrup.com\/?s={search_term_string}\"},\"query-input\":{\"@type\":\"PropertyValueSpecification\",\"valueRequired\":true,\"valueName\":\"search_term_string\"}}],\"inLanguage\":\"en-US\"}]}<\/script>\n<!-- \/ Yoast SEO plugin. -->","yoast_head_json":{"title":"GEMINI VI \u00c7ift Kafa Kesim Makinesi - Powerline Grup","robots":{"index":"index","follow":"follow","max-snippet":"max-snippet:-1","max-image-preview":"max-image-preview:large","max-video-preview":"max-video-preview:-1"},"canonical":"https:\/\/powerlinegrup.com\/urun\/gemini-vi-cift-kafa-kesim-makinesi\/","og_locale":"en_US","og_type":"article","og_title":"GEMINI VI \u00c7ift Kafa Kesim Makinesi - Powerline Grup","og_description":"\u00c7ift Kafa Kesim Makinesi \u00d8 600 mm - Otomatik 3 Eksen Servo Kontroll\u00fc  Al\u00fcminyum, plastik ve ah\u015fap profillerin kesim i\u015flemleri i\u00e7in kullan\u0131l\u0131r.   Hidro-Pn\u00f6matik kesim  Servo kontroll\u00fc d\u00f6n\u00fc\u015f ekseni  Emniyet sens\u00f6rl\u00fc muhafaza ile g\u00fcvenli kesim  Servo hareket sistemi sayesinde -22,5\u00b0 ve 45\u00b0 a\u00e7\u0131lar aras\u0131ndaki t\u00fcm ara derecelerde otomatik pozisyonlama","og_url":"https:\/\/powerlinegrup.com\/urun\/gemini-vi-cift-kafa-kesim-makinesi\/","og_site_name":"Powerline Grup","article_modified_time":"2023-10-17T08:01:02+00:00","og_image":[{"width":1000,"height":1000,"url":"https:\/\/powerlinegrup.com\/wp-content\/uploads\/gemini-6-cift-kafa-kesim-makinesi.jpg","type":"image\/jpeg"}],"twitter_card":"summary_large_image","schema":{"@context":"https:\/\/schema.org","@graph":[{"@type":"WebPage","@id":"https:\/\/powerlinegrup.com\/urun\/gemini-vi-cift-kafa-kesim-makinesi\/","url":"https:\/\/powerlinegrup.com\/urun\/gemini-vi-cift-kafa-kesim-makinesi\/","name":"GEMINI VI \u00c7ift Kafa Kesim Makinesi - Powerline Grup","isPartOf":{"@id":"https:\/\/powerlinegrup.com\/#website"},"primaryImageOfPage":{"@id":"https:\/\/powerlinegrup.com\/urun\/gemini-vi-cift-kafa-kesim-makinesi\/#primaryimage"},"image":{"@id":"https:\/\/powerlinegrup.com\/urun\/gemini-vi-cift-kafa-kesim-makinesi\/#primaryimage"},"thumbnailUrl":"https:\/\/powerlinegrup.com\/wp-content\/uploads\/gemini-6-cift-kafa-kesim-makinesi.jpg","datePublished":"2023-10-09T11:13:29+00:00","dateModified":"2023-10-17T08:01:02+00:00","breadcrumb":{"@id":"https:\/\/powerlinegrup.com\/urun\/gemini-vi-cift-kafa-kesim-makinesi\/#breadcrumb"},"inLanguage":"en-US","potentialAction":[{"@type":"ReadAction","target":["https:\/\/powerlinegrup.com\/urun\/gemini-vi-cift-kafa-kesim-makinesi\/"]}]},{"@type":"ImageObject","inLanguage":"en-US","@id":"https:\/\/powerlinegrup.com\/urun\/gemini-vi-cift-kafa-kesim-makinesi\/#primaryimage","url":"https:\/\/powerlinegrup.com\/wp-content\/uploads\/gemini-6-cift-kafa-kesim-makinesi.jpg","contentUrl":"https:\/\/powerlinegrup.com\/wp-content\/uploads\/gemini-6-cift-kafa-kesim-makinesi.jpg","width":1000,"height":1000},{"@type":"BreadcrumbList","@id":"https:\/\/powerlinegrup.com\/urun\/gemini-vi-cift-kafa-kesim-makinesi\/#breadcrumb","itemListElement":[{"@type":"ListItem","position":1,"name":"Anasayfa","item":"https:\/\/powerlinegrup.com\/en\/"},{"@type":"ListItem","position":2,"name":"\u00dcr\u00fcnler","item":"https:\/\/powerlinegrup.com\/en\/urunler\/"},{"@type":"ListItem","position":3,"name":"GEMINI VI \u00c7ift Kafa Kesim Makinesi"}]},{"@type":"WebSite","@id":"https:\/\/powerlinegrup.com\/#website","url":"https:\/\/powerlinegrup.com\/","name":"Powerline Grup","description":"","potentialAction":[{"@type":"SearchAction","target":{"@type":"EntryPoint","urlTemplate":"https:\/\/powerlinegrup.com\/?s={search_term_string}"},"query-input":{"@type":"PropertyValueSpecification","valueRequired":true,"valueName":"search_term_string"}}],"inLanguage":"en-US"}]}},"_links":{"self":[{"href":"https:\/\/powerlinegrup.com\/en\/wp-json\/wp\/v2\/product\/2229","targetHints":{"allow":["GET"]}}],"collection":[{"href":"https:\/\/powerlinegrup.com\/en\/wp-json\/wp\/v2\/product"}],"about":[{"href":"https:\/\/powerlinegrup.com\/en\/wp-json\/wp\/v2\/types\/product"}],"wp:featuredmedia":[{"embeddable":true,"href":"https:\/\/powerlinegrup.com\/en\/wp-json\/wp\/v2\/media\/2384"}],"wp:attachment":[{"href":"https:\/\/powerlinegrup.com\/en\/wp-json\/wp\/v2\/media?parent=2229"}],"wp:term":[{"taxonomy":"product_brand","embeddable":true,"href":"https:\/\/powerlinegrup.com\/en\/wp-json\/wp\/v2\/product_brand?post=2229"},{"taxonomy":"product_cat","embeddable":true,"href":"https:\/\/powerlinegrup.com\/en\/wp-json\/wp\/v2\/product_cat?post=2229"},{"taxonomy":"product_tag","embeddable":true,"href":"https:\/\/powerlinegrup.com\/en\/wp-json\/wp\/v2\/product_tag?post=2229"}],"curies":[{"name":"wp","href":"https:\/\/api.w.org\/{rel}","templated":true}]}}