{"id":2231,"date":"2023-10-09T14:15:19","date_gmt":"2023-10-09T11:15:19","guid":{"rendered":"https:\/\/powerline.fedze.com\/?post_type=product&#038;p=2231"},"modified":"2023-11-08T11:53:30","modified_gmt":"2023-11-08T08:53:30","slug":"galaxy-i-p-portatif-kopya-freze-makinesi","status":"publish","type":"product","link":"https:\/\/powerlinegrup.com\/en\/urun\/galaxy-i-p-portatif-kopya-freze-makinesi\/","title":{"rendered":"Galaxy I P Ta\u015f\u0131nabilir Kopya Freze Makinesi"},"content":{"rendered":"","protected":false},"excerpt":{"rendered":"<p>Al\u00fcminyum ve plastik profillerde kilit, kulp, mente\u015fe, ispanyolet yuvalar\u0131 ve oluklar\u0131 kesmek i\u00e7in kullan\u0131l\u0131r.<\/p>\n<p>\u0130\u015fleme uygun kopya d\u00fczene\u011fi<br \/>\nDurdurucular yard\u0131m\u0131yla kopya tertibat\u0131ndan ba\u011f\u0131ms\u0131z olarak \u00e7e\u015fitli oluklar\u0131n a\u00e7\u0131lmas\u0131<br \/>\nKolay kullan\u0131m ve g\u00fcvenli \u00e7al\u0131\u015fma i\u00e7in ergonomik tasar\u0131m<\/p>\n<div class=\"icon_box icon_position_ no_border\"><a class=\"\" href=\"https:\/\/powerlinegrup.com\/wp-content\/uploads\/GALAXY-I-P.pdf\" target=\"_blank\"  title=\"\"><div class=\"icon_wrapper\"><div class=\"icon\"><i class=\"icon-acrobat\" aria-hidden=\"true\"><\/i><\/div><\/div><div class=\"desc_wrapper\"><h4 class=\"title \">CLICK TO VIEW AS PDF<\/h4><\/div><\/a><\/div>\n\n","protected":false},"featured_media":2378,"template":"","meta":[],"product_brand":[],"product_cat":[116],"product_tag":[],"class_list":{"0":"post-2231","1":"product","2":"type-product","3":"status-publish","4":"has-post-thumbnail","6":"product_cat-ozcelik-makine","8":"first","9":"instock","10":"shipping-taxable","11":"product-type-simple"},"yoast_head":"<!-- This site is optimized with the Yoast SEO plugin v25.4 - https:\/\/yoast.com\/wordpress\/plugins\/seo\/ -->\n<title>Galaxy I P Ta\u015f\u0131nabilir Kopya Freze Makinesi - Powerline Grup<\/title>\n<meta name=\"robots\" content=\"index, follow, max-snippet:-1, max-image-preview:large, max-video-preview:-1\" \/>\n<link rel=\"canonical\" href=\"https:\/\/powerlinegrup.com\/urun\/galaxy-i-p-portatif-kopya-freze-makinesi\/\" \/>\n<meta property=\"og:locale\" content=\"en_US\" \/>\n<meta property=\"og:type\" content=\"article\" \/>\n<meta property=\"og:title\" content=\"Galaxy I P Ta\u015f\u0131nabilir Kopya Freze Makinesi - Powerline Grup\" \/>\n<meta property=\"og:description\" content=\"Al\u00fcminyum ve plastik profillerde kilit, kulp, mente\u015fe, ispanyolet yuvalar\u0131 ve oluklar\u0131 kesmek i\u00e7in kullan\u0131l\u0131r.  \u0130\u015fleme uygun kopya d\u00fczene\u011fi Durdurucular yard\u0131m\u0131yla kopya tertibat\u0131ndan ba\u011f\u0131ms\u0131z olarak \u00e7e\u015fitli oluklar\u0131n a\u00e7\u0131lmas\u0131 Kolay kullan\u0131m ve g\u00fcvenli \u00e7al\u0131\u015fma i\u00e7in ergonomik tasar\u0131m\" \/>\n<meta property=\"og:url\" content=\"https:\/\/powerlinegrup.com\/urun\/galaxy-i-p-portatif-kopya-freze-makinesi\/\" \/>\n<meta property=\"og:site_name\" content=\"Powerline Grup\" \/>\n<meta property=\"article:modified_time\" content=\"2023-11-08T08:53:30+00:00\" \/>\n<meta property=\"og:image\" content=\"https:\/\/powerlinegrup.com\/wp-content\/uploads\/galaxy-i-p-portatif-kopya-freze-makinesi.jpg\" \/>\n\t<meta property=\"og:image:width\" content=\"1000\" \/>\n\t<meta property=\"og:image:height\" content=\"1000\" \/>\n\t<meta property=\"og:image:type\" content=\"image\/jpeg\" \/>\n<meta name=\"twitter:card\" content=\"summary_large_image\" \/>\n<script type=\"application\/ld+json\" class=\"yoast-schema-graph\">{\"@context\":\"https:\/\/schema.org\",\"@graph\":[{\"@type\":\"WebPage\",\"@id\":\"https:\/\/powerlinegrup.com\/urun\/galaxy-i-p-portatif-kopya-freze-makinesi\/\",\"url\":\"https:\/\/powerlinegrup.com\/urun\/galaxy-i-p-portatif-kopya-freze-makinesi\/\",\"name\":\"Galaxy I P Ta\u015f\u0131nabilir Kopya Freze Makinesi - Powerline Grup\",\"isPartOf\":{\"@id\":\"https:\/\/powerlinegrup.com\/#website\"},\"primaryImageOfPage\":{\"@id\":\"https:\/\/powerlinegrup.com\/urun\/galaxy-i-p-portatif-kopya-freze-makinesi\/#primaryimage\"},\"image\":{\"@id\":\"https:\/\/powerlinegrup.com\/urun\/galaxy-i-p-portatif-kopya-freze-makinesi\/#primaryimage\"},\"thumbnailUrl\":\"https:\/\/powerlinegrup.com\/wp-content\/uploads\/galaxy-i-p-portatif-kopya-freze-makinesi.jpg\",\"datePublished\":\"2023-10-09T11:15:19+00:00\",\"dateModified\":\"2023-11-08T08:53:30+00:00\",\"breadcrumb\":{\"@id\":\"https:\/\/powerlinegrup.com\/urun\/galaxy-i-p-portatif-kopya-freze-makinesi\/#breadcrumb\"},\"inLanguage\":\"en-US\",\"potentialAction\":[{\"@type\":\"ReadAction\",\"target\":[\"https:\/\/powerlinegrup.com\/urun\/galaxy-i-p-portatif-kopya-freze-makinesi\/\"]}]},{\"@type\":\"ImageObject\",\"inLanguage\":\"en-US\",\"@id\":\"https:\/\/powerlinegrup.com\/urun\/galaxy-i-p-portatif-kopya-freze-makinesi\/#primaryimage\",\"url\":\"https:\/\/powerlinegrup.com\/wp-content\/uploads\/galaxy-i-p-portatif-kopya-freze-makinesi.jpg\",\"contentUrl\":\"https:\/\/powerlinegrup.com\/wp-content\/uploads\/galaxy-i-p-portatif-kopya-freze-makinesi.jpg\",\"width\":1000,\"height\":1000},{\"@type\":\"BreadcrumbList\",\"@id\":\"https:\/\/powerlinegrup.com\/urun\/galaxy-i-p-portatif-kopya-freze-makinesi\/#breadcrumb\",\"itemListElement\":[{\"@type\":\"ListItem\",\"position\":1,\"name\":\"Anasayfa\",\"item\":\"https:\/\/powerlinegrup.com\/en\/\"},{\"@type\":\"ListItem\",\"position\":2,\"name\":\"\u00dcr\u00fcnler\",\"item\":\"https:\/\/powerlinegrup.com\/en\/urunler\/\"},{\"@type\":\"ListItem\",\"position\":3,\"name\":\"Galaxy I P Ta\u015f\u0131nabilir Kopya Freze Makinesi\"}]},{\"@type\":\"WebSite\",\"@id\":\"https:\/\/powerlinegrup.com\/#website\",\"url\":\"https:\/\/powerlinegrup.com\/\",\"name\":\"Powerline Grup\",\"description\":\"\",\"potentialAction\":[{\"@type\":\"SearchAction\",\"target\":{\"@type\":\"EntryPoint\",\"urlTemplate\":\"https:\/\/powerlinegrup.com\/?s={search_term_string}\"},\"query-input\":{\"@type\":\"PropertyValueSpecification\",\"valueRequired\":true,\"valueName\":\"search_term_string\"}}],\"inLanguage\":\"en-US\"}]}<\/script>\n<!-- \/ Yoast SEO plugin. -->","yoast_head_json":{"title":"Galaxy I P Ta\u015f\u0131nabilir Kopya Freze Makinesi - Powerline Grup","robots":{"index":"index","follow":"follow","max-snippet":"max-snippet:-1","max-image-preview":"max-image-preview:large","max-video-preview":"max-video-preview:-1"},"canonical":"https:\/\/powerlinegrup.com\/urun\/galaxy-i-p-portatif-kopya-freze-makinesi\/","og_locale":"en_US","og_type":"article","og_title":"Galaxy I P Ta\u015f\u0131nabilir Kopya Freze Makinesi - Powerline Grup","og_description":"Al\u00fcminyum ve plastik profillerde kilit, kulp, mente\u015fe, ispanyolet yuvalar\u0131 ve oluklar\u0131 kesmek i\u00e7in kullan\u0131l\u0131r.  \u0130\u015fleme uygun kopya d\u00fczene\u011fi Durdurucular yard\u0131m\u0131yla kopya tertibat\u0131ndan ba\u011f\u0131ms\u0131z olarak \u00e7e\u015fitli oluklar\u0131n a\u00e7\u0131lmas\u0131 Kolay kullan\u0131m ve g\u00fcvenli \u00e7al\u0131\u015fma i\u00e7in ergonomik tasar\u0131m","og_url":"https:\/\/powerlinegrup.com\/urun\/galaxy-i-p-portatif-kopya-freze-makinesi\/","og_site_name":"Powerline Grup","article_modified_time":"2023-11-08T08:53:30+00:00","og_image":[{"width":1000,"height":1000,"url":"https:\/\/powerlinegrup.com\/wp-content\/uploads\/galaxy-i-p-portatif-kopya-freze-makinesi.jpg","type":"image\/jpeg"}],"twitter_card":"summary_large_image","schema":{"@context":"https:\/\/schema.org","@graph":[{"@type":"WebPage","@id":"https:\/\/powerlinegrup.com\/urun\/galaxy-i-p-portatif-kopya-freze-makinesi\/","url":"https:\/\/powerlinegrup.com\/urun\/galaxy-i-p-portatif-kopya-freze-makinesi\/","name":"Galaxy I P Ta\u015f\u0131nabilir Kopya Freze Makinesi - Powerline Grup","isPartOf":{"@id":"https:\/\/powerlinegrup.com\/#website"},"primaryImageOfPage":{"@id":"https:\/\/powerlinegrup.com\/urun\/galaxy-i-p-portatif-kopya-freze-makinesi\/#primaryimage"},"image":{"@id":"https:\/\/powerlinegrup.com\/urun\/galaxy-i-p-portatif-kopya-freze-makinesi\/#primaryimage"},"thumbnailUrl":"https:\/\/powerlinegrup.com\/wp-content\/uploads\/galaxy-i-p-portatif-kopya-freze-makinesi.jpg","datePublished":"2023-10-09T11:15:19+00:00","dateModified":"2023-11-08T08:53:30+00:00","breadcrumb":{"@id":"https:\/\/powerlinegrup.com\/urun\/galaxy-i-p-portatif-kopya-freze-makinesi\/#breadcrumb"},"inLanguage":"en-US","potentialAction":[{"@type":"ReadAction","target":["https:\/\/powerlinegrup.com\/urun\/galaxy-i-p-portatif-kopya-freze-makinesi\/"]}]},{"@type":"ImageObject","inLanguage":"en-US","@id":"https:\/\/powerlinegrup.com\/urun\/galaxy-i-p-portatif-kopya-freze-makinesi\/#primaryimage","url":"https:\/\/powerlinegrup.com\/wp-content\/uploads\/galaxy-i-p-portatif-kopya-freze-makinesi.jpg","contentUrl":"https:\/\/powerlinegrup.com\/wp-content\/uploads\/galaxy-i-p-portatif-kopya-freze-makinesi.jpg","width":1000,"height":1000},{"@type":"BreadcrumbList","@id":"https:\/\/powerlinegrup.com\/urun\/galaxy-i-p-portatif-kopya-freze-makinesi\/#breadcrumb","itemListElement":[{"@type":"ListItem","position":1,"name":"Anasayfa","item":"https:\/\/powerlinegrup.com\/en\/"},{"@type":"ListItem","position":2,"name":"\u00dcr\u00fcnler","item":"https:\/\/powerlinegrup.com\/en\/urunler\/"},{"@type":"ListItem","position":3,"name":"Galaxy I P Ta\u015f\u0131nabilir Kopya Freze Makinesi"}]},{"@type":"WebSite","@id":"https:\/\/powerlinegrup.com\/#website","url":"https:\/\/powerlinegrup.com\/","name":"Powerline Grup","description":"","potentialAction":[{"@type":"SearchAction","target":{"@type":"EntryPoint","urlTemplate":"https:\/\/powerlinegrup.com\/?s={search_term_string}"},"query-input":{"@type":"PropertyValueSpecification","valueRequired":true,"valueName":"search_term_string"}}],"inLanguage":"en-US"}]}},"_links":{"self":[{"href":"https:\/\/powerlinegrup.com\/en\/wp-json\/wp\/v2\/product\/2231","targetHints":{"allow":["GET"]}}],"collection":[{"href":"https:\/\/powerlinegrup.com\/en\/wp-json\/wp\/v2\/product"}],"about":[{"href":"https:\/\/powerlinegrup.com\/en\/wp-json\/wp\/v2\/types\/product"}],"wp:featuredmedia":[{"embeddable":true,"href":"https:\/\/powerlinegrup.com\/en\/wp-json\/wp\/v2\/media\/2378"}],"wp:attachment":[{"href":"https:\/\/powerlinegrup.com\/en\/wp-json\/wp\/v2\/media?parent=2231"}],"wp:term":[{"taxonomy":"product_brand","embeddable":true,"href":"https:\/\/powerlinegrup.com\/en\/wp-json\/wp\/v2\/product_brand?post=2231"},{"taxonomy":"product_cat","embeddable":true,"href":"https:\/\/powerlinegrup.com\/en\/wp-json\/wp\/v2\/product_cat?post=2231"},{"taxonomy":"product_tag","embeddable":true,"href":"https:\/\/powerlinegrup.com\/en\/wp-json\/wp\/v2\/product_tag?post=2231"}],"curies":[{"name":"wp","href":"https:\/\/api.w.org\/{rel}","templated":true}]}}