{"id":2233,"date":"2023-10-09T14:17:44","date_gmt":"2023-10-09T11:17:44","guid":{"rendered":"https:\/\/powerline.fedze.com\/?post_type=product&#038;p=2233"},"modified":"2023-10-17T10:58:55","modified_gmt":"2023-10-17T07:58:55","slug":"polar-iii-otomatik-orta-kayit-alistirma-makinesi","status":"publish","type":"product","link":"https:\/\/powerlinegrup.com\/en\/urun\/polar-iii-otomatik-orta-kayit-alistirma-makinesi\/","title":{"rendered":"POLAR III Otomatik Orta Kay\u0131t Al\u0131\u015ft\u0131rma Makinesi"},"content":{"rendered":"<div class=\"image_frame image_item no_link scale-with-grid element_classes no_border mfn-img-box\" ><div class=\"image_wrapper \"><img decoding=\"async\" class=\"scale-with-grid\" src=\"https:\/\/powerline.fedze.com\/wp-content\/uploads\/Ekran-Resmi-2023-10-13-08.54.14.png\" alt=\"POLAR III Otomatik Orta Kay\u0131t Al\u0131\u015ft\u0131rma Makinesi\" title=\"\" width=\"\" height=\"\" style=\"\"\/><\/div><\/div>\n\n","protected":false},"excerpt":{"rendered":"<p><strong>Otomatik Orta Kay\u0131t Al\u0131\u015ft\u0131rma Makinas\u0131<\/strong><\/p>\n<p>Al\u00fcminyum ve plastik profillerin orta kay\u0131t al\u0131\u015ft\u0131rma (kertme) i\u015flemleri i\u00e7in kullan\u0131l\u0131r.<\/p>\n<ul>\n<li>Hidro-Pn\u00f6matik hareket<\/li>\n<li>Pn\u00f6matik dikey ve yatay mengeneler<\/li>\n<li>Emniyet sens\u00f6rl\u00fc muhafaza ile g\u00fcvenli \u00e7al\u0131\u015fma<\/li>\n<li>\u0130\u015flemin ba\u015flang\u0131\u00e7 noktas\u0131na otomatik olarak d\u00f6nmesi<\/li>\n<li>Dereceli g\u00f6nye ile \u00e7e\u015fitli a\u00e7\u0131larda al\u0131\u015ft\u0131rma i\u015flemleri<\/li>\n<li>Profil destek konvey\u00f6r\u00fc<\/li>\n<li>B\u0131\u00e7ak bekletme istasyonu<\/li>\n<\/ul>\n<div class=\"icon_box icon_position_ no_border\"><a class=\"\" href=\"https:\/\/powerlinegrup.com\/wp-content\/uploads\/POLAR-III-TR.pdf\" target=\"_blank\"  title=\"\"><div class=\"icon_wrapper\"><div class=\"icon\"><i class=\"icon-acrobat\" aria-hidden=\"true\"><\/i><\/div><\/div><div class=\"desc_wrapper\"><h4 class=\"title \">PDF OLARAK G\u00d6R\u00dcNT\u00dcLEMEK \u0130\u00c7\u0130N TIKLAYINIZ<\/h4><\/div><\/a><\/div>\n\n","protected":false},"featured_media":2732,"template":"","meta":[],"product_brand":[],"product_cat":[116],"product_tag":[],"class_list":{"0":"post-2233","1":"product","2":"type-product","3":"status-publish","4":"has-post-thumbnail","6":"product_cat-ozcelik-makine","8":"first","9":"instock","10":"shipping-taxable","11":"product-type-simple"},"yoast_head":"<!-- This site is optimized with the Yoast SEO plugin v25.4 - https:\/\/yoast.com\/wordpress\/plugins\/seo\/ -->\n<title>POLAR III Otomatik Orta Kay\u0131t Al\u0131\u015ft\u0131rma Makinesi - Powerline Grup<\/title>\n<meta name=\"robots\" content=\"index, follow, max-snippet:-1, max-image-preview:large, max-video-preview:-1\" \/>\n<link rel=\"canonical\" href=\"https:\/\/powerlinegrup.com\/urun\/polar-iii-otomatik-orta-kayit-alistirma-makinesi\/\" \/>\n<meta property=\"og:locale\" content=\"en_US\" \/>\n<meta property=\"og:type\" content=\"article\" \/>\n<meta property=\"og:title\" content=\"POLAR III Otomatik Orta Kay\u0131t Al\u0131\u015ft\u0131rma Makinesi - Powerline Grup\" \/>\n<meta property=\"og:description\" content=\"Otomatik Orta Kay\u0131t Al\u0131\u015ft\u0131rma Makinas\u0131  Al\u00fcminyum ve plastik profillerin orta kay\u0131t al\u0131\u015ft\u0131rma (kertme) i\u015flemleri i\u00e7in kullan\u0131l\u0131r.   Hidro-Pn\u00f6matik hareket  Pn\u00f6matik dikey ve yatay mengeneler  Emniyet sens\u00f6rl\u00fc muhafaza ile g\u00fcvenli \u00e7al\u0131\u015fma  \u0130\u015flemin ba\u015flang\u0131\u00e7 noktas\u0131na otomatik olarak d\u00f6nmesi  Dereceli g\u00f6nye ile \u00e7e\u015fitli a\u00e7\u0131larda al\u0131\u015ft\u0131rma i\u015flemleri  Profil destek konvey\u00f6r\u00fc  B\u0131\u00e7ak bekletme istasyonu\" \/>\n<meta property=\"og:url\" content=\"https:\/\/powerlinegrup.com\/urun\/polar-iii-otomatik-orta-kayit-alistirma-makinesi\/\" \/>\n<meta property=\"og:site_name\" content=\"Powerline Grup\" \/>\n<meta property=\"article:modified_time\" content=\"2023-10-17T07:58:55+00:00\" \/>\n<meta property=\"og:image\" content=\"https:\/\/powerlinegrup.com\/wp-content\/uploads\/polar-3.jpg\" \/>\n\t<meta property=\"og:image:width\" content=\"1000\" \/>\n\t<meta property=\"og:image:height\" content=\"1000\" \/>\n\t<meta property=\"og:image:type\" content=\"image\/jpeg\" \/>\n<meta name=\"twitter:card\" content=\"summary_large_image\" \/>\n<script type=\"application\/ld+json\" class=\"yoast-schema-graph\">{\"@context\":\"https:\/\/schema.org\",\"@graph\":[{\"@type\":\"WebPage\",\"@id\":\"https:\/\/powerlinegrup.com\/urun\/polar-iii-otomatik-orta-kayit-alistirma-makinesi\/\",\"url\":\"https:\/\/powerlinegrup.com\/urun\/polar-iii-otomatik-orta-kayit-alistirma-makinesi\/\",\"name\":\"POLAR III Otomatik Orta Kay\u0131t Al\u0131\u015ft\u0131rma Makinesi - Powerline Grup\",\"isPartOf\":{\"@id\":\"https:\/\/powerlinegrup.com\/#website\"},\"primaryImageOfPage\":{\"@id\":\"https:\/\/powerlinegrup.com\/urun\/polar-iii-otomatik-orta-kayit-alistirma-makinesi\/#primaryimage\"},\"image\":{\"@id\":\"https:\/\/powerlinegrup.com\/urun\/polar-iii-otomatik-orta-kayit-alistirma-makinesi\/#primaryimage\"},\"thumbnailUrl\":\"https:\/\/powerlinegrup.com\/wp-content\/uploads\/polar-3.jpg\",\"datePublished\":\"2023-10-09T11:17:44+00:00\",\"dateModified\":\"2023-10-17T07:58:55+00:00\",\"breadcrumb\":{\"@id\":\"https:\/\/powerlinegrup.com\/urun\/polar-iii-otomatik-orta-kayit-alistirma-makinesi\/#breadcrumb\"},\"inLanguage\":\"en-US\",\"potentialAction\":[{\"@type\":\"ReadAction\",\"target\":[\"https:\/\/powerlinegrup.com\/urun\/polar-iii-otomatik-orta-kayit-alistirma-makinesi\/\"]}]},{\"@type\":\"ImageObject\",\"inLanguage\":\"en-US\",\"@id\":\"https:\/\/powerlinegrup.com\/urun\/polar-iii-otomatik-orta-kayit-alistirma-makinesi\/#primaryimage\",\"url\":\"https:\/\/powerlinegrup.com\/wp-content\/uploads\/polar-3.jpg\",\"contentUrl\":\"https:\/\/powerlinegrup.com\/wp-content\/uploads\/polar-3.jpg\",\"width\":1000,\"height\":1000},{\"@type\":\"BreadcrumbList\",\"@id\":\"https:\/\/powerlinegrup.com\/urun\/polar-iii-otomatik-orta-kayit-alistirma-makinesi\/#breadcrumb\",\"itemListElement\":[{\"@type\":\"ListItem\",\"position\":1,\"name\":\"Anasayfa\",\"item\":\"https:\/\/powerlinegrup.com\/en\/\"},{\"@type\":\"ListItem\",\"position\":2,\"name\":\"\u00dcr\u00fcnler\",\"item\":\"https:\/\/powerlinegrup.com\/en\/urunler\/\"},{\"@type\":\"ListItem\",\"position\":3,\"name\":\"POLAR III Otomatik Orta Kay\u0131t Al\u0131\u015ft\u0131rma Makinesi\"}]},{\"@type\":\"WebSite\",\"@id\":\"https:\/\/powerlinegrup.com\/#website\",\"url\":\"https:\/\/powerlinegrup.com\/\",\"name\":\"Powerline Grup\",\"description\":\"\",\"potentialAction\":[{\"@type\":\"SearchAction\",\"target\":{\"@type\":\"EntryPoint\",\"urlTemplate\":\"https:\/\/powerlinegrup.com\/?s={search_term_string}\"},\"query-input\":{\"@type\":\"PropertyValueSpecification\",\"valueRequired\":true,\"valueName\":\"search_term_string\"}}],\"inLanguage\":\"en-US\"}]}<\/script>\n<!-- \/ Yoast SEO plugin. -->","yoast_head_json":{"title":"POLAR III Otomatik Orta Kay\u0131t Al\u0131\u015ft\u0131rma Makinesi - Powerline Grup","robots":{"index":"index","follow":"follow","max-snippet":"max-snippet:-1","max-image-preview":"max-image-preview:large","max-video-preview":"max-video-preview:-1"},"canonical":"https:\/\/powerlinegrup.com\/urun\/polar-iii-otomatik-orta-kayit-alistirma-makinesi\/","og_locale":"en_US","og_type":"article","og_title":"POLAR III Otomatik Orta Kay\u0131t Al\u0131\u015ft\u0131rma Makinesi - Powerline Grup","og_description":"Otomatik Orta Kay\u0131t Al\u0131\u015ft\u0131rma Makinas\u0131  Al\u00fcminyum ve plastik profillerin orta kay\u0131t al\u0131\u015ft\u0131rma (kertme) i\u015flemleri i\u00e7in kullan\u0131l\u0131r.   Hidro-Pn\u00f6matik hareket  Pn\u00f6matik dikey ve yatay mengeneler  Emniyet sens\u00f6rl\u00fc muhafaza ile g\u00fcvenli \u00e7al\u0131\u015fma  \u0130\u015flemin ba\u015flang\u0131\u00e7 noktas\u0131na otomatik olarak d\u00f6nmesi  Dereceli g\u00f6nye ile \u00e7e\u015fitli a\u00e7\u0131larda al\u0131\u015ft\u0131rma i\u015flemleri  Profil destek konvey\u00f6r\u00fc  B\u0131\u00e7ak bekletme istasyonu","og_url":"https:\/\/powerlinegrup.com\/urun\/polar-iii-otomatik-orta-kayit-alistirma-makinesi\/","og_site_name":"Powerline Grup","article_modified_time":"2023-10-17T07:58:55+00:00","og_image":[{"width":1000,"height":1000,"url":"https:\/\/powerlinegrup.com\/wp-content\/uploads\/polar-3.jpg","type":"image\/jpeg"}],"twitter_card":"summary_large_image","schema":{"@context":"https:\/\/schema.org","@graph":[{"@type":"WebPage","@id":"https:\/\/powerlinegrup.com\/urun\/polar-iii-otomatik-orta-kayit-alistirma-makinesi\/","url":"https:\/\/powerlinegrup.com\/urun\/polar-iii-otomatik-orta-kayit-alistirma-makinesi\/","name":"POLAR III Otomatik Orta Kay\u0131t Al\u0131\u015ft\u0131rma Makinesi - Powerline Grup","isPartOf":{"@id":"https:\/\/powerlinegrup.com\/#website"},"primaryImageOfPage":{"@id":"https:\/\/powerlinegrup.com\/urun\/polar-iii-otomatik-orta-kayit-alistirma-makinesi\/#primaryimage"},"image":{"@id":"https:\/\/powerlinegrup.com\/urun\/polar-iii-otomatik-orta-kayit-alistirma-makinesi\/#primaryimage"},"thumbnailUrl":"https:\/\/powerlinegrup.com\/wp-content\/uploads\/polar-3.jpg","datePublished":"2023-10-09T11:17:44+00:00","dateModified":"2023-10-17T07:58:55+00:00","breadcrumb":{"@id":"https:\/\/powerlinegrup.com\/urun\/polar-iii-otomatik-orta-kayit-alistirma-makinesi\/#breadcrumb"},"inLanguage":"en-US","potentialAction":[{"@type":"ReadAction","target":["https:\/\/powerlinegrup.com\/urun\/polar-iii-otomatik-orta-kayit-alistirma-makinesi\/"]}]},{"@type":"ImageObject","inLanguage":"en-US","@id":"https:\/\/powerlinegrup.com\/urun\/polar-iii-otomatik-orta-kayit-alistirma-makinesi\/#primaryimage","url":"https:\/\/powerlinegrup.com\/wp-content\/uploads\/polar-3.jpg","contentUrl":"https:\/\/powerlinegrup.com\/wp-content\/uploads\/polar-3.jpg","width":1000,"height":1000},{"@type":"BreadcrumbList","@id":"https:\/\/powerlinegrup.com\/urun\/polar-iii-otomatik-orta-kayit-alistirma-makinesi\/#breadcrumb","itemListElement":[{"@type":"ListItem","position":1,"name":"Anasayfa","item":"https:\/\/powerlinegrup.com\/en\/"},{"@type":"ListItem","position":2,"name":"\u00dcr\u00fcnler","item":"https:\/\/powerlinegrup.com\/en\/urunler\/"},{"@type":"ListItem","position":3,"name":"POLAR III Otomatik Orta Kay\u0131t Al\u0131\u015ft\u0131rma Makinesi"}]},{"@type":"WebSite","@id":"https:\/\/powerlinegrup.com\/#website","url":"https:\/\/powerlinegrup.com\/","name":"Powerline Grup","description":"","potentialAction":[{"@type":"SearchAction","target":{"@type":"EntryPoint","urlTemplate":"https:\/\/powerlinegrup.com\/?s={search_term_string}"},"query-input":{"@type":"PropertyValueSpecification","valueRequired":true,"valueName":"search_term_string"}}],"inLanguage":"en-US"}]}},"_links":{"self":[{"href":"https:\/\/powerlinegrup.com\/en\/wp-json\/wp\/v2\/product\/2233","targetHints":{"allow":["GET"]}}],"collection":[{"href":"https:\/\/powerlinegrup.com\/en\/wp-json\/wp\/v2\/product"}],"about":[{"href":"https:\/\/powerlinegrup.com\/en\/wp-json\/wp\/v2\/types\/product"}],"wp:featuredmedia":[{"embeddable":true,"href":"https:\/\/powerlinegrup.com\/en\/wp-json\/wp\/v2\/media\/2732"}],"wp:attachment":[{"href":"https:\/\/powerlinegrup.com\/en\/wp-json\/wp\/v2\/media?parent=2233"}],"wp:term":[{"taxonomy":"product_brand","embeddable":true,"href":"https:\/\/powerlinegrup.com\/en\/wp-json\/wp\/v2\/product_brand?post=2233"},{"taxonomy":"product_cat","embeddable":true,"href":"https:\/\/powerlinegrup.com\/en\/wp-json\/wp\/v2\/product_cat?post=2233"},{"taxonomy":"product_tag","embeddable":true,"href":"https:\/\/powerlinegrup.com\/en\/wp-json\/wp\/v2\/product_tag?post=2233"}],"curies":[{"name":"wp","href":"https:\/\/api.w.org\/{rel}","templated":true}]}}