{"id":2234,"date":"2023-10-09T14:19:30","date_gmt":"2023-10-09T11:19:30","guid":{"rendered":"https:\/\/powerline.fedze.com\/?post_type=product&#038;p=2234"},"modified":"2023-10-17T10:58:41","modified_gmt":"2023-10-17T07:58:41","slug":"polar-iv-otomatik-orta-kayit-alistirma-makinesi","status":"publish","type":"product","link":"https:\/\/powerlinegrup.com\/en\/urun\/polar-iv-otomatik-orta-kayit-alistirma-makinesi\/","title":{"rendered":"POLAR IV Otomatik Orta Kay\u0131t Al\u0131\u015ft\u0131rma Makinesi"},"content":{"rendered":"<p><iframe loading=\"lazy\" title=\"YouTube video player\" src=\"https:\/\/www.youtube.com\/embed\/Ro2hk4T_e0k?si=FmP9dofqTkAoA5d3\" width=\"560\" height=\"315\" frameborder=\"0\" allowfullscreen=\"allowfullscreen\"><\/iframe><\/p>\n","protected":false},"excerpt":{"rendered":"<p>Al\u00fcminyum ve plastik profillerin orta kay\u0131t al\u0131\u015ft\u0131rma (kertme) i\u015flemleri i\u00e7in kullan\u0131l\u0131r<\/p>\n<p>&nbsp;<\/p>\n<ul>\n<li>Hidro-Pn\u00f6matik hareket<\/li>\n<li>Pn\u00f6matik dikey ve yatay mengeneler<\/li>\n<li>Emniyet sens\u00f6rl\u00fc muhafaza ile g\u00fcvenli \u00e7al\u0131\u015fma<\/li>\n<li>\u0130\u015flemin ba\u015flang\u0131\u00e7 noktas\u0131na otomatik olarak d\u00f6nmesi<\/li>\n<li>Dereceli g\u00f6nye ile \u00e7e\u015fitli a\u00e7\u0131larda al\u0131\u015ft\u0131rma i\u015flemleri<\/li>\n<li>Kolay b\u0131\u00e7ak de\u011fi\u015ftirme \u2022 Profil destek konvey\u00f6r\u00fc<\/li>\n<li>B\u0131\u00e7ak adapt\u00f6r\u00fc<\/li>\n<li>B\u0131\u00e7ak bekletme istasyonu<\/li>\n<li>So\u011futma sistemi<\/li>\n<\/ul>\n<div class=\"icon_box icon_position_ no_border\"><a class=\"\" href=\"https:\/\/powerlinegrup.com\/wp-content\/uploads\/POLAR-IV.pdf\" target=\"_blank\"  title=\"\"><div class=\"icon_wrapper\"><div class=\"icon\"><i class=\"icon-acrobat\" aria-hidden=\"true\"><\/i><\/div><\/div><div class=\"desc_wrapper\"><h4 class=\"title \">PDF OLARAK G\u00d6R\u00dcNT\u00dcLEMEK \u0130\u00c7\u0130N TIKLAYINIZ<\/h4><\/div><\/a><\/div>\n\n","protected":false},"featured_media":2369,"template":"","meta":[],"product_brand":[],"product_cat":[116],"product_tag":[],"class_list":{"0":"post-2234","1":"product","2":"type-product","3":"status-publish","4":"has-post-thumbnail","6":"product_cat-ozcelik-makine","8":"first","9":"instock","10":"shipping-taxable","11":"product-type-simple"},"yoast_head":"<!-- This site is optimized with the Yoast SEO plugin v25.4 - https:\/\/yoast.com\/wordpress\/plugins\/seo\/ -->\n<title>POLAR IV Otomatik Orta Kay\u0131t Al\u0131\u015ft\u0131rma Makinesi - Powerline Grup<\/title>\n<meta name=\"robots\" content=\"index, follow, max-snippet:-1, max-image-preview:large, max-video-preview:-1\" \/>\n<link rel=\"canonical\" href=\"https:\/\/powerlinegrup.com\/urun\/polar-iv-otomatik-orta-kayit-alistirma-makinesi\/\" \/>\n<meta property=\"og:locale\" content=\"en_US\" \/>\n<meta property=\"og:type\" content=\"article\" \/>\n<meta property=\"og:title\" content=\"POLAR IV Otomatik Orta Kay\u0131t Al\u0131\u015ft\u0131rma Makinesi - Powerline Grup\" \/>\n<meta property=\"og:description\" content=\"Al\u00fcminyum ve plastik profillerin orta kay\u0131t al\u0131\u015ft\u0131rma (kertme) i\u015flemleri i\u00e7in kullan\u0131l\u0131r  &nbsp;   Hidro-Pn\u00f6matik hareket  Pn\u00f6matik dikey ve yatay mengeneler  Emniyet sens\u00f6rl\u00fc muhafaza ile g\u00fcvenli \u00e7al\u0131\u015fma  \u0130\u015flemin ba\u015flang\u0131\u00e7 noktas\u0131na otomatik olarak d\u00f6nmesi  Dereceli g\u00f6nye ile \u00e7e\u015fitli a\u00e7\u0131larda al\u0131\u015ft\u0131rma i\u015flemleri  Kolay b\u0131\u00e7ak de\u011fi\u015ftirme \u2022 Profil destek konvey\u00f6r\u00fc  B\u0131\u00e7ak adapt\u00f6r\u00fc  B\u0131\u00e7ak bekletme istasyonu  So\u011futma sistemi\" \/>\n<meta property=\"og:url\" content=\"https:\/\/powerlinegrup.com\/urun\/polar-iv-otomatik-orta-kayit-alistirma-makinesi\/\" \/>\n<meta property=\"og:site_name\" content=\"Powerline Grup\" \/>\n<meta property=\"article:modified_time\" content=\"2023-10-17T07:58:41+00:00\" \/>\n<meta property=\"og:image\" content=\"https:\/\/powerlinegrup.com\/wp-content\/uploads\/polar-4-otomatik-orta-kayit-alistirma-makinesi.jpg\" \/>\n\t<meta property=\"og:image:width\" content=\"1000\" \/>\n\t<meta property=\"og:image:height\" content=\"1000\" \/>\n\t<meta property=\"og:image:type\" content=\"image\/jpeg\" \/>\n<meta name=\"twitter:card\" content=\"summary_large_image\" \/>\n<script type=\"application\/ld+json\" class=\"yoast-schema-graph\">{\"@context\":\"https:\/\/schema.org\",\"@graph\":[{\"@type\":\"WebPage\",\"@id\":\"https:\/\/powerlinegrup.com\/urun\/polar-iv-otomatik-orta-kayit-alistirma-makinesi\/\",\"url\":\"https:\/\/powerlinegrup.com\/urun\/polar-iv-otomatik-orta-kayit-alistirma-makinesi\/\",\"name\":\"POLAR IV Otomatik Orta Kay\u0131t Al\u0131\u015ft\u0131rma Makinesi - Powerline Grup\",\"isPartOf\":{\"@id\":\"https:\/\/powerlinegrup.com\/#website\"},\"primaryImageOfPage\":{\"@id\":\"https:\/\/powerlinegrup.com\/urun\/polar-iv-otomatik-orta-kayit-alistirma-makinesi\/#primaryimage\"},\"image\":{\"@id\":\"https:\/\/powerlinegrup.com\/urun\/polar-iv-otomatik-orta-kayit-alistirma-makinesi\/#primaryimage\"},\"thumbnailUrl\":\"https:\/\/powerlinegrup.com\/wp-content\/uploads\/polar-4-otomatik-orta-kayit-alistirma-makinesi.jpg\",\"datePublished\":\"2023-10-09T11:19:30+00:00\",\"dateModified\":\"2023-10-17T07:58:41+00:00\",\"breadcrumb\":{\"@id\":\"https:\/\/powerlinegrup.com\/urun\/polar-iv-otomatik-orta-kayit-alistirma-makinesi\/#breadcrumb\"},\"inLanguage\":\"en-US\",\"potentialAction\":[{\"@type\":\"ReadAction\",\"target\":[\"https:\/\/powerlinegrup.com\/urun\/polar-iv-otomatik-orta-kayit-alistirma-makinesi\/\"]}]},{\"@type\":\"ImageObject\",\"inLanguage\":\"en-US\",\"@id\":\"https:\/\/powerlinegrup.com\/urun\/polar-iv-otomatik-orta-kayit-alistirma-makinesi\/#primaryimage\",\"url\":\"https:\/\/powerlinegrup.com\/wp-content\/uploads\/polar-4-otomatik-orta-kayit-alistirma-makinesi.jpg\",\"contentUrl\":\"https:\/\/powerlinegrup.com\/wp-content\/uploads\/polar-4-otomatik-orta-kayit-alistirma-makinesi.jpg\",\"width\":1000,\"height\":1000},{\"@type\":\"BreadcrumbList\",\"@id\":\"https:\/\/powerlinegrup.com\/urun\/polar-iv-otomatik-orta-kayit-alistirma-makinesi\/#breadcrumb\",\"itemListElement\":[{\"@type\":\"ListItem\",\"position\":1,\"name\":\"Anasayfa\",\"item\":\"https:\/\/powerlinegrup.com\/en\/\"},{\"@type\":\"ListItem\",\"position\":2,\"name\":\"\u00dcr\u00fcnler\",\"item\":\"https:\/\/powerlinegrup.com\/en\/urunler\/\"},{\"@type\":\"ListItem\",\"position\":3,\"name\":\"POLAR IV Otomatik Orta Kay\u0131t Al\u0131\u015ft\u0131rma Makinesi\"}]},{\"@type\":\"WebSite\",\"@id\":\"https:\/\/powerlinegrup.com\/#website\",\"url\":\"https:\/\/powerlinegrup.com\/\",\"name\":\"Powerline Grup\",\"description\":\"\",\"potentialAction\":[{\"@type\":\"SearchAction\",\"target\":{\"@type\":\"EntryPoint\",\"urlTemplate\":\"https:\/\/powerlinegrup.com\/?s={search_term_string}\"},\"query-input\":{\"@type\":\"PropertyValueSpecification\",\"valueRequired\":true,\"valueName\":\"search_term_string\"}}],\"inLanguage\":\"en-US\"}]}<\/script>\n<!-- \/ Yoast SEO plugin. -->","yoast_head_json":{"title":"POLAR IV Otomatik Orta Kay\u0131t Al\u0131\u015ft\u0131rma Makinesi - Powerline Grup","robots":{"index":"index","follow":"follow","max-snippet":"max-snippet:-1","max-image-preview":"max-image-preview:large","max-video-preview":"max-video-preview:-1"},"canonical":"https:\/\/powerlinegrup.com\/urun\/polar-iv-otomatik-orta-kayit-alistirma-makinesi\/","og_locale":"en_US","og_type":"article","og_title":"POLAR IV Otomatik Orta Kay\u0131t Al\u0131\u015ft\u0131rma Makinesi - Powerline Grup","og_description":"Al\u00fcminyum ve plastik profillerin orta kay\u0131t al\u0131\u015ft\u0131rma (kertme) i\u015flemleri i\u00e7in kullan\u0131l\u0131r  &nbsp;   Hidro-Pn\u00f6matik hareket  Pn\u00f6matik dikey ve yatay mengeneler  Emniyet sens\u00f6rl\u00fc muhafaza ile g\u00fcvenli \u00e7al\u0131\u015fma  \u0130\u015flemin ba\u015flang\u0131\u00e7 noktas\u0131na otomatik olarak d\u00f6nmesi  Dereceli g\u00f6nye ile \u00e7e\u015fitli a\u00e7\u0131larda al\u0131\u015ft\u0131rma i\u015flemleri  Kolay b\u0131\u00e7ak de\u011fi\u015ftirme \u2022 Profil destek konvey\u00f6r\u00fc  B\u0131\u00e7ak adapt\u00f6r\u00fc  B\u0131\u00e7ak bekletme istasyonu  So\u011futma sistemi","og_url":"https:\/\/powerlinegrup.com\/urun\/polar-iv-otomatik-orta-kayit-alistirma-makinesi\/","og_site_name":"Powerline Grup","article_modified_time":"2023-10-17T07:58:41+00:00","og_image":[{"width":1000,"height":1000,"url":"https:\/\/powerlinegrup.com\/wp-content\/uploads\/polar-4-otomatik-orta-kayit-alistirma-makinesi.jpg","type":"image\/jpeg"}],"twitter_card":"summary_large_image","schema":{"@context":"https:\/\/schema.org","@graph":[{"@type":"WebPage","@id":"https:\/\/powerlinegrup.com\/urun\/polar-iv-otomatik-orta-kayit-alistirma-makinesi\/","url":"https:\/\/powerlinegrup.com\/urun\/polar-iv-otomatik-orta-kayit-alistirma-makinesi\/","name":"POLAR IV Otomatik Orta Kay\u0131t Al\u0131\u015ft\u0131rma Makinesi - Powerline Grup","isPartOf":{"@id":"https:\/\/powerlinegrup.com\/#website"},"primaryImageOfPage":{"@id":"https:\/\/powerlinegrup.com\/urun\/polar-iv-otomatik-orta-kayit-alistirma-makinesi\/#primaryimage"},"image":{"@id":"https:\/\/powerlinegrup.com\/urun\/polar-iv-otomatik-orta-kayit-alistirma-makinesi\/#primaryimage"},"thumbnailUrl":"https:\/\/powerlinegrup.com\/wp-content\/uploads\/polar-4-otomatik-orta-kayit-alistirma-makinesi.jpg","datePublished":"2023-10-09T11:19:30+00:00","dateModified":"2023-10-17T07:58:41+00:00","breadcrumb":{"@id":"https:\/\/powerlinegrup.com\/urun\/polar-iv-otomatik-orta-kayit-alistirma-makinesi\/#breadcrumb"},"inLanguage":"en-US","potentialAction":[{"@type":"ReadAction","target":["https:\/\/powerlinegrup.com\/urun\/polar-iv-otomatik-orta-kayit-alistirma-makinesi\/"]}]},{"@type":"ImageObject","inLanguage":"en-US","@id":"https:\/\/powerlinegrup.com\/urun\/polar-iv-otomatik-orta-kayit-alistirma-makinesi\/#primaryimage","url":"https:\/\/powerlinegrup.com\/wp-content\/uploads\/polar-4-otomatik-orta-kayit-alistirma-makinesi.jpg","contentUrl":"https:\/\/powerlinegrup.com\/wp-content\/uploads\/polar-4-otomatik-orta-kayit-alistirma-makinesi.jpg","width":1000,"height":1000},{"@type":"BreadcrumbList","@id":"https:\/\/powerlinegrup.com\/urun\/polar-iv-otomatik-orta-kayit-alistirma-makinesi\/#breadcrumb","itemListElement":[{"@type":"ListItem","position":1,"name":"Anasayfa","item":"https:\/\/powerlinegrup.com\/en\/"},{"@type":"ListItem","position":2,"name":"\u00dcr\u00fcnler","item":"https:\/\/powerlinegrup.com\/en\/urunler\/"},{"@type":"ListItem","position":3,"name":"POLAR IV Otomatik Orta Kay\u0131t Al\u0131\u015ft\u0131rma Makinesi"}]},{"@type":"WebSite","@id":"https:\/\/powerlinegrup.com\/#website","url":"https:\/\/powerlinegrup.com\/","name":"Powerline Grup","description":"","potentialAction":[{"@type":"SearchAction","target":{"@type":"EntryPoint","urlTemplate":"https:\/\/powerlinegrup.com\/?s={search_term_string}"},"query-input":{"@type":"PropertyValueSpecification","valueRequired":true,"valueName":"search_term_string"}}],"inLanguage":"en-US"}]}},"_links":{"self":[{"href":"https:\/\/powerlinegrup.com\/en\/wp-json\/wp\/v2\/product\/2234","targetHints":{"allow":["GET"]}}],"collection":[{"href":"https:\/\/powerlinegrup.com\/en\/wp-json\/wp\/v2\/product"}],"about":[{"href":"https:\/\/powerlinegrup.com\/en\/wp-json\/wp\/v2\/types\/product"}],"wp:featuredmedia":[{"embeddable":true,"href":"https:\/\/powerlinegrup.com\/en\/wp-json\/wp\/v2\/media\/2369"}],"wp:attachment":[{"href":"https:\/\/powerlinegrup.com\/en\/wp-json\/wp\/v2\/media?parent=2234"}],"wp:term":[{"taxonomy":"product_brand","embeddable":true,"href":"https:\/\/powerlinegrup.com\/en\/wp-json\/wp\/v2\/product_brand?post=2234"},{"taxonomy":"product_cat","embeddable":true,"href":"https:\/\/powerlinegrup.com\/en\/wp-json\/wp\/v2\/product_cat?post=2234"},{"taxonomy":"product_tag","embeddable":true,"href":"https:\/\/powerlinegrup.com\/en\/wp-json\/wp\/v2\/product_tag?post=2234"}],"curies":[{"name":"wp","href":"https:\/\/api.w.org\/{rel}","templated":true}]}}