{"id":2236,"date":"2023-10-09T14:21:03","date_gmt":"2023-10-09T11:21:03","guid":{"rendered":"https:\/\/powerline.fedze.com\/?post_type=product&#038;p=2236"},"modified":"2023-11-21T10:59:58","modified_gmt":"2023-11-21T07:59:58","slug":"apex-i-otomatik-hidrolik-aluminyum-kose-pres","status":"publish","type":"product","link":"https:\/\/powerlinegrup.com\/en\/urun\/apex-i-otomatik-hidrolik-aluminyum-kose-pres\/","title":{"rendered":"APEX &#8211; I Automatic Hydraulic Aluminum Corner Press"},"content":{"rendered":"<p><iframe loading=\"lazy\" title=\"YouTube video player\" src=\"https:\/\/www.youtube.com\/embed\/XP-yL6mBGkU?si=lAcTl_zP6C3pmSa0\" width=\"560\" height=\"315\" frameborder=\"0\" allowfullscreen=\"allowfullscreen\"><\/iframe><\/p>\n","protected":false},"excerpt":{"rendered":"<p>Al\u00fcminyum profillerin k\u00f6\u015fe preslenmesinde kullan\u0131l\u0131r.<\/p>\n<p>Y\u00fcksek bas\u0131nca dayan\u0131kl\u0131 \u00e7elik tabla<br \/>\nHidrolik \u00e7al\u0131\u015fma sistemi<br \/>\nK\u0131r\u0131c\u0131 b\u0131\u00e7ak mesafelerinin profile g\u00f6re kolay ayarlanmas\u0131<br \/>\nG\u00f6nyeler sayesinde otomatik profil merkezleme<br \/>\nProfil i\u015fleme kolayl\u0131\u011f\u0131 i\u00e7in \u00e7ift tarafl\u0131 y\u00fcr\u00fctme \u00fcnitesi<br \/>\nGeni\u015f ve y\u00fcksek profillerin preslenmesi<\/p>\n<div class=\"icon_box icon_position_ no_border\"><a class=\"\" href=\"https:\/\/powerlinegrup.com\/wp-content\/uploads\/APEX-I-TR.pdf\" target=\"_blank\"  title=\"\"><div class=\"icon_wrapper\"><div class=\"icon\"><i class=\"icon-acrobat\" aria-hidden=\"true\"><\/i><\/div><\/div><div class=\"desc_wrapper\"><h4 class=\"title \">CLICK TO VIEW AS PDF<\/h4><\/div><\/a><\/div>\n\n","protected":false},"featured_media":2363,"template":"","meta":[],"product_brand":[],"product_cat":[116],"product_tag":[],"class_list":{"0":"post-2236","1":"product","2":"type-product","3":"status-publish","4":"has-post-thumbnail","6":"product_cat-ozcelik-makine","8":"first","9":"instock","10":"shipping-taxable","11":"product-type-simple"},"yoast_head":"<!-- This site is optimized with the Yoast SEO plugin v25.4 - https:\/\/yoast.com\/wordpress\/plugins\/seo\/ -->\n<title>APEX - I Automatic Hydraulic Aluminum Corner Press - Powerline Grup<\/title>\n<meta name=\"robots\" content=\"index, follow, max-snippet:-1, max-image-preview:large, max-video-preview:-1\" \/>\n<link rel=\"canonical\" href=\"https:\/\/powerlinegrup.com\/en\/urun\/apex-i-otomatik-hidrolik-aluminyum-kose-pres\/\" \/>\n<meta property=\"og:locale\" content=\"en_US\" \/>\n<meta property=\"og:type\" content=\"article\" \/>\n<meta property=\"og:title\" content=\"APEX - I Automatic Hydraulic Aluminum Corner Press - Powerline Grup\" \/>\n<meta property=\"og:description\" content=\"Al\u00fcminyum profillerin k\u00f6\u015fe preslenmesinde kullan\u0131l\u0131r.  Y\u00fcksek bas\u0131nca dayan\u0131kl\u0131 \u00e7elik tabla Hidrolik \u00e7al\u0131\u015fma sistemi K\u0131r\u0131c\u0131 b\u0131\u00e7ak mesafelerinin profile g\u00f6re kolay ayarlanmas\u0131 G\u00f6nyeler sayesinde otomatik profil merkezleme Profil i\u015fleme kolayl\u0131\u011f\u0131 i\u00e7in \u00e7ift tarafl\u0131 y\u00fcr\u00fctme \u00fcnitesi Geni\u015f ve y\u00fcksek profillerin preslenmesi\" \/>\n<meta property=\"og:url\" content=\"https:\/\/powerlinegrup.com\/en\/urun\/apex-i-otomatik-hidrolik-aluminyum-kose-pres\/\" \/>\n<meta property=\"og:site_name\" content=\"Powerline Grup\" \/>\n<meta property=\"article:modified_time\" content=\"2023-11-21T07:59:58+00:00\" \/>\n<meta property=\"og:image\" content=\"https:\/\/powerlinegrup.com\/wp-content\/uploads\/apex-1-otomatik-hidrolik-aluminyum-kose-pres.jpg\" \/>\n\t<meta property=\"og:image:width\" content=\"1000\" \/>\n\t<meta property=\"og:image:height\" content=\"1000\" \/>\n\t<meta property=\"og:image:type\" content=\"image\/jpeg\" \/>\n<meta name=\"twitter:card\" content=\"summary_large_image\" \/>\n<script type=\"application\/ld+json\" class=\"yoast-schema-graph\">{\"@context\":\"https:\/\/schema.org\",\"@graph\":[{\"@type\":\"WebPage\",\"@id\":\"https:\/\/powerlinegrup.com\/en\/urun\/apex-i-otomatik-hidrolik-aluminyum-kose-pres\/\",\"url\":\"https:\/\/powerlinegrup.com\/en\/urun\/apex-i-otomatik-hidrolik-aluminyum-kose-pres\/\",\"name\":\"APEX - I Automatic Hydraulic Aluminum Corner Press - Powerline Grup\",\"isPartOf\":{\"@id\":\"https:\/\/powerlinegrup.com\/#website\"},\"primaryImageOfPage\":{\"@id\":\"https:\/\/powerlinegrup.com\/en\/urun\/apex-i-otomatik-hidrolik-aluminyum-kose-pres\/#primaryimage\"},\"image\":{\"@id\":\"https:\/\/powerlinegrup.com\/en\/urun\/apex-i-otomatik-hidrolik-aluminyum-kose-pres\/#primaryimage\"},\"thumbnailUrl\":\"https:\/\/powerlinegrup.com\/wp-content\/uploads\/apex-1-otomatik-hidrolik-aluminyum-kose-pres.jpg\",\"datePublished\":\"2023-10-09T11:21:03+00:00\",\"dateModified\":\"2023-11-21T07:59:58+00:00\",\"breadcrumb\":{\"@id\":\"https:\/\/powerlinegrup.com\/en\/urun\/apex-i-otomatik-hidrolik-aluminyum-kose-pres\/#breadcrumb\"},\"inLanguage\":\"en-US\",\"potentialAction\":[{\"@type\":\"ReadAction\",\"target\":[\"https:\/\/powerlinegrup.com\/en\/urun\/apex-i-otomatik-hidrolik-aluminyum-kose-pres\/\"]}]},{\"@type\":\"ImageObject\",\"inLanguage\":\"en-US\",\"@id\":\"https:\/\/powerlinegrup.com\/en\/urun\/apex-i-otomatik-hidrolik-aluminyum-kose-pres\/#primaryimage\",\"url\":\"https:\/\/powerlinegrup.com\/wp-content\/uploads\/apex-1-otomatik-hidrolik-aluminyum-kose-pres.jpg\",\"contentUrl\":\"https:\/\/powerlinegrup.com\/wp-content\/uploads\/apex-1-otomatik-hidrolik-aluminyum-kose-pres.jpg\",\"width\":1000,\"height\":1000},{\"@type\":\"BreadcrumbList\",\"@id\":\"https:\/\/powerlinegrup.com\/en\/urun\/apex-i-otomatik-hidrolik-aluminyum-kose-pres\/#breadcrumb\",\"itemListElement\":[{\"@type\":\"ListItem\",\"position\":1,\"name\":\"Anasayfa\",\"item\":\"https:\/\/powerlinegrup.com\/en\/\"},{\"@type\":\"ListItem\",\"position\":2,\"name\":\"\u00dcr\u00fcnler\",\"item\":\"https:\/\/powerlinegrup.com\/en\/urunler\/\"},{\"@type\":\"ListItem\",\"position\":3,\"name\":\"APEX &#8211; I Automatic Hydraulic Aluminum Corner Press\"}]},{\"@type\":\"WebSite\",\"@id\":\"https:\/\/powerlinegrup.com\/#website\",\"url\":\"https:\/\/powerlinegrup.com\/\",\"name\":\"Powerline Grup\",\"description\":\"\",\"potentialAction\":[{\"@type\":\"SearchAction\",\"target\":{\"@type\":\"EntryPoint\",\"urlTemplate\":\"https:\/\/powerlinegrup.com\/?s={search_term_string}\"},\"query-input\":{\"@type\":\"PropertyValueSpecification\",\"valueRequired\":true,\"valueName\":\"search_term_string\"}}],\"inLanguage\":\"en-US\"}]}<\/script>\n<!-- \/ Yoast SEO plugin. -->","yoast_head_json":{"title":"APEX - I Automatic Hydraulic Aluminum Corner Press - Powerline Grup","robots":{"index":"index","follow":"follow","max-snippet":"max-snippet:-1","max-image-preview":"max-image-preview:large","max-video-preview":"max-video-preview:-1"},"canonical":"https:\/\/powerlinegrup.com\/en\/urun\/apex-i-otomatik-hidrolik-aluminyum-kose-pres\/","og_locale":"en_US","og_type":"article","og_title":"APEX - I Automatic Hydraulic Aluminum Corner Press - Powerline Grup","og_description":"Al\u00fcminyum profillerin k\u00f6\u015fe preslenmesinde kullan\u0131l\u0131r.  Y\u00fcksek bas\u0131nca dayan\u0131kl\u0131 \u00e7elik tabla Hidrolik \u00e7al\u0131\u015fma sistemi K\u0131r\u0131c\u0131 b\u0131\u00e7ak mesafelerinin profile g\u00f6re kolay ayarlanmas\u0131 G\u00f6nyeler sayesinde otomatik profil merkezleme Profil i\u015fleme kolayl\u0131\u011f\u0131 i\u00e7in \u00e7ift tarafl\u0131 y\u00fcr\u00fctme \u00fcnitesi Geni\u015f ve y\u00fcksek profillerin preslenmesi","og_url":"https:\/\/powerlinegrup.com\/en\/urun\/apex-i-otomatik-hidrolik-aluminyum-kose-pres\/","og_site_name":"Powerline Grup","article_modified_time":"2023-11-21T07:59:58+00:00","og_image":[{"width":1000,"height":1000,"url":"https:\/\/powerlinegrup.com\/wp-content\/uploads\/apex-1-otomatik-hidrolik-aluminyum-kose-pres.jpg","type":"image\/jpeg"}],"twitter_card":"summary_large_image","schema":{"@context":"https:\/\/schema.org","@graph":[{"@type":"WebPage","@id":"https:\/\/powerlinegrup.com\/en\/urun\/apex-i-otomatik-hidrolik-aluminyum-kose-pres\/","url":"https:\/\/powerlinegrup.com\/en\/urun\/apex-i-otomatik-hidrolik-aluminyum-kose-pres\/","name":"APEX - I Automatic Hydraulic Aluminum Corner Press - Powerline Grup","isPartOf":{"@id":"https:\/\/powerlinegrup.com\/#website"},"primaryImageOfPage":{"@id":"https:\/\/powerlinegrup.com\/en\/urun\/apex-i-otomatik-hidrolik-aluminyum-kose-pres\/#primaryimage"},"image":{"@id":"https:\/\/powerlinegrup.com\/en\/urun\/apex-i-otomatik-hidrolik-aluminyum-kose-pres\/#primaryimage"},"thumbnailUrl":"https:\/\/powerlinegrup.com\/wp-content\/uploads\/apex-1-otomatik-hidrolik-aluminyum-kose-pres.jpg","datePublished":"2023-10-09T11:21:03+00:00","dateModified":"2023-11-21T07:59:58+00:00","breadcrumb":{"@id":"https:\/\/powerlinegrup.com\/en\/urun\/apex-i-otomatik-hidrolik-aluminyum-kose-pres\/#breadcrumb"},"inLanguage":"en-US","potentialAction":[{"@type":"ReadAction","target":["https:\/\/powerlinegrup.com\/en\/urun\/apex-i-otomatik-hidrolik-aluminyum-kose-pres\/"]}]},{"@type":"ImageObject","inLanguage":"en-US","@id":"https:\/\/powerlinegrup.com\/en\/urun\/apex-i-otomatik-hidrolik-aluminyum-kose-pres\/#primaryimage","url":"https:\/\/powerlinegrup.com\/wp-content\/uploads\/apex-1-otomatik-hidrolik-aluminyum-kose-pres.jpg","contentUrl":"https:\/\/powerlinegrup.com\/wp-content\/uploads\/apex-1-otomatik-hidrolik-aluminyum-kose-pres.jpg","width":1000,"height":1000},{"@type":"BreadcrumbList","@id":"https:\/\/powerlinegrup.com\/en\/urun\/apex-i-otomatik-hidrolik-aluminyum-kose-pres\/#breadcrumb","itemListElement":[{"@type":"ListItem","position":1,"name":"Anasayfa","item":"https:\/\/powerlinegrup.com\/en\/"},{"@type":"ListItem","position":2,"name":"\u00dcr\u00fcnler","item":"https:\/\/powerlinegrup.com\/en\/urunler\/"},{"@type":"ListItem","position":3,"name":"APEX &#8211; I Automatic Hydraulic Aluminum Corner Press"}]},{"@type":"WebSite","@id":"https:\/\/powerlinegrup.com\/#website","url":"https:\/\/powerlinegrup.com\/","name":"Powerline Grup","description":"","potentialAction":[{"@type":"SearchAction","target":{"@type":"EntryPoint","urlTemplate":"https:\/\/powerlinegrup.com\/?s={search_term_string}"},"query-input":{"@type":"PropertyValueSpecification","valueRequired":true,"valueName":"search_term_string"}}],"inLanguage":"en-US"}]}},"_links":{"self":[{"href":"https:\/\/powerlinegrup.com\/en\/wp-json\/wp\/v2\/product\/2236","targetHints":{"allow":["GET"]}}],"collection":[{"href":"https:\/\/powerlinegrup.com\/en\/wp-json\/wp\/v2\/product"}],"about":[{"href":"https:\/\/powerlinegrup.com\/en\/wp-json\/wp\/v2\/types\/product"}],"wp:featuredmedia":[{"embeddable":true,"href":"https:\/\/powerlinegrup.com\/en\/wp-json\/wp\/v2\/media\/2363"}],"wp:attachment":[{"href":"https:\/\/powerlinegrup.com\/en\/wp-json\/wp\/v2\/media?parent=2236"}],"wp:term":[{"taxonomy":"product_brand","embeddable":true,"href":"https:\/\/powerlinegrup.com\/en\/wp-json\/wp\/v2\/product_brand?post=2236"},{"taxonomy":"product_cat","embeddable":true,"href":"https:\/\/powerlinegrup.com\/en\/wp-json\/wp\/v2\/product_cat?post=2236"},{"taxonomy":"product_tag","embeddable":true,"href":"https:\/\/powerlinegrup.com\/en\/wp-json\/wp\/v2\/product_tag?post=2236"}],"curies":[{"name":"wp","href":"https:\/\/api.w.org\/{rel}","templated":true}]}}