{"id":2252,"date":"2023-10-09T16:11:04","date_gmt":"2023-10-09T13:11:04","guid":{"rendered":"https:\/\/powerline.fedze.com\/?post_type=product&#038;p=2252"},"modified":"2023-11-08T11:46:39","modified_gmt":"2023-11-08T08:46:39","slug":"apex-i-a-otomatik-hidrolik-kose-pres-makinesi","status":"publish","type":"product","link":"https:\/\/powerlinegrup.com\/en\/urun\/apex-i-a-otomatik-hidrolik-kose-pres-makinesi\/","title":{"rendered":"APEX I &#8211; A Otomatik Hidrolik K\u00f6\u015fe Pres Makinesi"},"content":{"rendered":"<p><iframe loading=\"lazy\" title=\"YouTube video player\" src=\"https:\/\/www.youtube.com\/embed\/XP-yL6mBGkU?si=VY7IlOpetIRFYd45\" width=\"560\" height=\"315\" frameborder=\"0\" allowfullscreen=\"allowfullscreen\"><\/iframe><\/p>\n","protected":false},"excerpt":{"rendered":"<p>Otomatik Hidrolik Alttan \u00c7\u0131k\u0131\u015fl\u0131 G\u00f6nyeli Al\u00fcminyum K\u00f6\u015fe Presi<\/p>\n<p>Al\u00fcminyum profillerin k\u00f6\u015fe preslenmesinde kullan\u0131l\u0131r.<\/p>\n<p>Y\u00fcksek bas\u0131nca dayan\u0131kl\u0131 \u00e7elik tabla<br \/>\nHidrolik \u00e7al\u0131\u015fma sistemi<br \/>\nK\u0131r\u0131c\u0131 b\u0131\u00e7ak mesafelerinin profile g\u00f6re kolay ayarlanmas\u0131<br \/>\nG\u00f6nyeler sayesinde otomatik profil merkezleme<br \/>\nMerkezleme karesinin yukar\u0131\/a\u015fa\u011f\u0131 hareketi ile profilin kolay d\u00f6nd\u00fcr\u00fclmesi<br \/>\nGeni\u015f ve y\u00fcksek profillerin preslenmesi<\/p>\n<div class=\"icon_box icon_position_ no_border\"><a class=\"\" href=\"https:\/\/powerlinegrup.com\/wp-content\/uploads\/APEX-I-A.pdf\" target=\"_blank\"  title=\"\"><div class=\"icon_wrapper\"><div class=\"icon\"><i class=\"icon-acrobat\" aria-hidden=\"true\"><\/i><\/div><\/div><div class=\"desc_wrapper\"><h4 class=\"title \">CLICK TO VIEW AS PDF<\/h4><\/div><\/a><\/div>\n\n","protected":false},"featured_media":2360,"template":"","meta":[],"product_brand":[],"product_cat":[116],"product_tag":[],"class_list":{"0":"post-2252","1":"product","2":"type-product","3":"status-publish","4":"has-post-thumbnail","6":"product_cat-ozcelik-makine","8":"first","9":"instock","10":"shipping-taxable","11":"product-type-simple"},"yoast_head":"<!-- This site is optimized with the Yoast SEO plugin v25.4 - https:\/\/yoast.com\/wordpress\/plugins\/seo\/ -->\n<title>APEX I - A Otomatik Hidrolik K\u00f6\u015fe Pres Makinesi - Powerline Grup<\/title>\n<meta name=\"robots\" content=\"index, follow, max-snippet:-1, max-image-preview:large, max-video-preview:-1\" \/>\n<link rel=\"canonical\" href=\"https:\/\/powerlinegrup.com\/en\/urun\/apex-i-a-otomatik-hidrolik-kose-pres-makinesi\/\" \/>\n<meta property=\"og:locale\" content=\"en_US\" \/>\n<meta property=\"og:type\" content=\"article\" \/>\n<meta property=\"og:title\" content=\"APEX I - A Otomatik Hidrolik K\u00f6\u015fe Pres Makinesi - Powerline Grup\" \/>\n<meta property=\"og:description\" content=\"Otomatik Hidrolik Alttan \u00c7\u0131k\u0131\u015fl\u0131 G\u00f6nyeli Al\u00fcminyum K\u00f6\u015fe Presi  Al\u00fcminyum profillerin k\u00f6\u015fe preslenmesinde kullan\u0131l\u0131r.  Y\u00fcksek bas\u0131nca dayan\u0131kl\u0131 \u00e7elik tabla Hidrolik \u00e7al\u0131\u015fma sistemi K\u0131r\u0131c\u0131 b\u0131\u00e7ak mesafelerinin profile g\u00f6re kolay ayarlanmas\u0131 G\u00f6nyeler sayesinde otomatik profil merkezleme Merkezleme karesinin yukar\u0131\/a\u015fa\u011f\u0131 hareketi ile profilin kolay d\u00f6nd\u00fcr\u00fclmesi Geni\u015f ve y\u00fcksek profillerin preslenmesi\" \/>\n<meta property=\"og:url\" content=\"https:\/\/powerlinegrup.com\/en\/urun\/apex-i-a-otomatik-hidrolik-kose-pres-makinesi\/\" \/>\n<meta property=\"og:site_name\" content=\"Powerline Grup\" \/>\n<meta property=\"article:modified_time\" content=\"2023-11-08T08:46:39+00:00\" \/>\n<meta property=\"og:image\" content=\"https:\/\/powerlinegrup.com\/wp-content\/uploads\/apex-I-A-otomatik-hidrolik-kose-pres-makinesi.jpg\" \/>\n\t<meta property=\"og:image:width\" content=\"1000\" \/>\n\t<meta property=\"og:image:height\" content=\"1000\" \/>\n\t<meta property=\"og:image:type\" content=\"image\/jpeg\" \/>\n<meta name=\"twitter:card\" content=\"summary_large_image\" \/>\n<script type=\"application\/ld+json\" class=\"yoast-schema-graph\">{\"@context\":\"https:\/\/schema.org\",\"@graph\":[{\"@type\":\"WebPage\",\"@id\":\"https:\/\/powerlinegrup.com\/en\/urun\/apex-i-a-otomatik-hidrolik-kose-pres-makinesi\/\",\"url\":\"https:\/\/powerlinegrup.com\/en\/urun\/apex-i-a-otomatik-hidrolik-kose-pres-makinesi\/\",\"name\":\"APEX I - A Otomatik Hidrolik K\u00f6\u015fe Pres Makinesi - Powerline Grup\",\"isPartOf\":{\"@id\":\"https:\/\/powerlinegrup.com\/#website\"},\"primaryImageOfPage\":{\"@id\":\"https:\/\/powerlinegrup.com\/en\/urun\/apex-i-a-otomatik-hidrolik-kose-pres-makinesi\/#primaryimage\"},\"image\":{\"@id\":\"https:\/\/powerlinegrup.com\/en\/urun\/apex-i-a-otomatik-hidrolik-kose-pres-makinesi\/#primaryimage\"},\"thumbnailUrl\":\"https:\/\/powerlinegrup.com\/wp-content\/uploads\/apex-I-A-otomatik-hidrolik-kose-pres-makinesi.jpg\",\"datePublished\":\"2023-10-09T13:11:04+00:00\",\"dateModified\":\"2023-11-08T08:46:39+00:00\",\"breadcrumb\":{\"@id\":\"https:\/\/powerlinegrup.com\/en\/urun\/apex-i-a-otomatik-hidrolik-kose-pres-makinesi\/#breadcrumb\"},\"inLanguage\":\"en-US\",\"potentialAction\":[{\"@type\":\"ReadAction\",\"target\":[\"https:\/\/powerlinegrup.com\/en\/urun\/apex-i-a-otomatik-hidrolik-kose-pres-makinesi\/\"]}]},{\"@type\":\"ImageObject\",\"inLanguage\":\"en-US\",\"@id\":\"https:\/\/powerlinegrup.com\/en\/urun\/apex-i-a-otomatik-hidrolik-kose-pres-makinesi\/#primaryimage\",\"url\":\"https:\/\/powerlinegrup.com\/wp-content\/uploads\/apex-I-A-otomatik-hidrolik-kose-pres-makinesi.jpg\",\"contentUrl\":\"https:\/\/powerlinegrup.com\/wp-content\/uploads\/apex-I-A-otomatik-hidrolik-kose-pres-makinesi.jpg\",\"width\":1000,\"height\":1000},{\"@type\":\"BreadcrumbList\",\"@id\":\"https:\/\/powerlinegrup.com\/en\/urun\/apex-i-a-otomatik-hidrolik-kose-pres-makinesi\/#breadcrumb\",\"itemListElement\":[{\"@type\":\"ListItem\",\"position\":1,\"name\":\"Anasayfa\",\"item\":\"https:\/\/powerlinegrup.com\/en\/\"},{\"@type\":\"ListItem\",\"position\":2,\"name\":\"\u00dcr\u00fcnler\",\"item\":\"https:\/\/powerlinegrup.com\/en\/urunler\/\"},{\"@type\":\"ListItem\",\"position\":3,\"name\":\"APEX I &#8211; A Otomatik Hidrolik K\u00f6\u015fe Pres Makinesi\"}]},{\"@type\":\"WebSite\",\"@id\":\"https:\/\/powerlinegrup.com\/#website\",\"url\":\"https:\/\/powerlinegrup.com\/\",\"name\":\"Powerline Grup\",\"description\":\"\",\"potentialAction\":[{\"@type\":\"SearchAction\",\"target\":{\"@type\":\"EntryPoint\",\"urlTemplate\":\"https:\/\/powerlinegrup.com\/?s={search_term_string}\"},\"query-input\":{\"@type\":\"PropertyValueSpecification\",\"valueRequired\":true,\"valueName\":\"search_term_string\"}}],\"inLanguage\":\"en-US\"}]}<\/script>\n<!-- \/ Yoast SEO plugin. -->","yoast_head_json":{"title":"APEX I - A Otomatik Hidrolik K\u00f6\u015fe Pres Makinesi - Powerline Grup","robots":{"index":"index","follow":"follow","max-snippet":"max-snippet:-1","max-image-preview":"max-image-preview:large","max-video-preview":"max-video-preview:-1"},"canonical":"https:\/\/powerlinegrup.com\/en\/urun\/apex-i-a-otomatik-hidrolik-kose-pres-makinesi\/","og_locale":"en_US","og_type":"article","og_title":"APEX I - A Otomatik Hidrolik K\u00f6\u015fe Pres Makinesi - Powerline Grup","og_description":"Otomatik Hidrolik Alttan \u00c7\u0131k\u0131\u015fl\u0131 G\u00f6nyeli Al\u00fcminyum K\u00f6\u015fe Presi  Al\u00fcminyum profillerin k\u00f6\u015fe preslenmesinde kullan\u0131l\u0131r.  Y\u00fcksek bas\u0131nca dayan\u0131kl\u0131 \u00e7elik tabla Hidrolik \u00e7al\u0131\u015fma sistemi K\u0131r\u0131c\u0131 b\u0131\u00e7ak mesafelerinin profile g\u00f6re kolay ayarlanmas\u0131 G\u00f6nyeler sayesinde otomatik profil merkezleme Merkezleme karesinin yukar\u0131\/a\u015fa\u011f\u0131 hareketi ile profilin kolay d\u00f6nd\u00fcr\u00fclmesi Geni\u015f ve y\u00fcksek profillerin preslenmesi","og_url":"https:\/\/powerlinegrup.com\/en\/urun\/apex-i-a-otomatik-hidrolik-kose-pres-makinesi\/","og_site_name":"Powerline Grup","article_modified_time":"2023-11-08T08:46:39+00:00","og_image":[{"width":1000,"height":1000,"url":"https:\/\/powerlinegrup.com\/wp-content\/uploads\/apex-I-A-otomatik-hidrolik-kose-pres-makinesi.jpg","type":"image\/jpeg"}],"twitter_card":"summary_large_image","schema":{"@context":"https:\/\/schema.org","@graph":[{"@type":"WebPage","@id":"https:\/\/powerlinegrup.com\/en\/urun\/apex-i-a-otomatik-hidrolik-kose-pres-makinesi\/","url":"https:\/\/powerlinegrup.com\/en\/urun\/apex-i-a-otomatik-hidrolik-kose-pres-makinesi\/","name":"APEX I - A Otomatik Hidrolik K\u00f6\u015fe Pres Makinesi - Powerline Grup","isPartOf":{"@id":"https:\/\/powerlinegrup.com\/#website"},"primaryImageOfPage":{"@id":"https:\/\/powerlinegrup.com\/en\/urun\/apex-i-a-otomatik-hidrolik-kose-pres-makinesi\/#primaryimage"},"image":{"@id":"https:\/\/powerlinegrup.com\/en\/urun\/apex-i-a-otomatik-hidrolik-kose-pres-makinesi\/#primaryimage"},"thumbnailUrl":"https:\/\/powerlinegrup.com\/wp-content\/uploads\/apex-I-A-otomatik-hidrolik-kose-pres-makinesi.jpg","datePublished":"2023-10-09T13:11:04+00:00","dateModified":"2023-11-08T08:46:39+00:00","breadcrumb":{"@id":"https:\/\/powerlinegrup.com\/en\/urun\/apex-i-a-otomatik-hidrolik-kose-pres-makinesi\/#breadcrumb"},"inLanguage":"en-US","potentialAction":[{"@type":"ReadAction","target":["https:\/\/powerlinegrup.com\/en\/urun\/apex-i-a-otomatik-hidrolik-kose-pres-makinesi\/"]}]},{"@type":"ImageObject","inLanguage":"en-US","@id":"https:\/\/powerlinegrup.com\/en\/urun\/apex-i-a-otomatik-hidrolik-kose-pres-makinesi\/#primaryimage","url":"https:\/\/powerlinegrup.com\/wp-content\/uploads\/apex-I-A-otomatik-hidrolik-kose-pres-makinesi.jpg","contentUrl":"https:\/\/powerlinegrup.com\/wp-content\/uploads\/apex-I-A-otomatik-hidrolik-kose-pres-makinesi.jpg","width":1000,"height":1000},{"@type":"BreadcrumbList","@id":"https:\/\/powerlinegrup.com\/en\/urun\/apex-i-a-otomatik-hidrolik-kose-pres-makinesi\/#breadcrumb","itemListElement":[{"@type":"ListItem","position":1,"name":"Anasayfa","item":"https:\/\/powerlinegrup.com\/en\/"},{"@type":"ListItem","position":2,"name":"\u00dcr\u00fcnler","item":"https:\/\/powerlinegrup.com\/en\/urunler\/"},{"@type":"ListItem","position":3,"name":"APEX I &#8211; A Otomatik Hidrolik K\u00f6\u015fe Pres Makinesi"}]},{"@type":"WebSite","@id":"https:\/\/powerlinegrup.com\/#website","url":"https:\/\/powerlinegrup.com\/","name":"Powerline Grup","description":"","potentialAction":[{"@type":"SearchAction","target":{"@type":"EntryPoint","urlTemplate":"https:\/\/powerlinegrup.com\/?s={search_term_string}"},"query-input":{"@type":"PropertyValueSpecification","valueRequired":true,"valueName":"search_term_string"}}],"inLanguage":"en-US"}]}},"_links":{"self":[{"href":"https:\/\/powerlinegrup.com\/en\/wp-json\/wp\/v2\/product\/2252","targetHints":{"allow":["GET"]}}],"collection":[{"href":"https:\/\/powerlinegrup.com\/en\/wp-json\/wp\/v2\/product"}],"about":[{"href":"https:\/\/powerlinegrup.com\/en\/wp-json\/wp\/v2\/types\/product"}],"wp:featuredmedia":[{"embeddable":true,"href":"https:\/\/powerlinegrup.com\/en\/wp-json\/wp\/v2\/media\/2360"}],"wp:attachment":[{"href":"https:\/\/powerlinegrup.com\/en\/wp-json\/wp\/v2\/media?parent=2252"}],"wp:term":[{"taxonomy":"product_brand","embeddable":true,"href":"https:\/\/powerlinegrup.com\/en\/wp-json\/wp\/v2\/product_brand?post=2252"},{"taxonomy":"product_cat","embeddable":true,"href":"https:\/\/powerlinegrup.com\/en\/wp-json\/wp\/v2\/product_cat?post=2252"},{"taxonomy":"product_tag","embeddable":true,"href":"https:\/\/powerlinegrup.com\/en\/wp-json\/wp\/v2\/product_tag?post=2252"}],"curies":[{"name":"wp","href":"https:\/\/api.w.org\/{rel}","templated":true}]}}