{"id":2259,"date":"2023-10-09T16:21:23","date_gmt":"2023-10-09T13:21:23","guid":{"rendered":"https:\/\/powerline.fedze.com\/?post_type=product&#038;p=2259"},"modified":"2023-10-17T10:40:24","modified_gmt":"2023-10-17T07:40:24","slug":"orbit-iii-otomatik-pvc-kose-ve-yuzey-temizleme-makinesi","status":"publish","type":"product","link":"https:\/\/powerlinegrup.com\/en\/urun\/orbit-iii-otomatik-pvc-kose-ve-yuzey-temizleme-makinesi\/","title":{"rendered":"ORBIT &#8211; III Otomatik PVC K\u00f6\u015fe ve Y\u00fczey Temizleme Makinesi"},"content":{"rendered":"<p><iframe loading=\"lazy\" title=\"YouTube video player\" src=\"https:\/\/www.youtube.com\/embed\/_tqugq-4P5g?si=IWqBduaOyDb0GUq3\" width=\"560\" height=\"315\" frameborder=\"0\" allowfullscreen=\"allowfullscreen\"><\/iframe><\/p>\n","protected":false},"excerpt":{"rendered":"<p><strong>Otomatik PVC K\u00f6\u015fe ve Y\u00fczey Temizleme Makinesi (Tek B\u0131\u00e7ak Seti) \u00a0\u00a0<\/strong><\/p>\n<p>Plastik profillerin kaynak sonras\u0131 k\u00f6\u015fe ve y\u00fczey temizleme i\u015flemleri i\u00e7in kullan\u0131l\u0131r.<\/p>\n<ul>\n<li>Hidro-Pn\u00f6matik hareket<\/li>\n<li>\u0130\u015flemin ba\u015flang\u0131\u00e7 noktas\u0131na otomatik olarak d\u00f6nmesi<\/li>\n<li>Profillerin 45\u00b0 g\u00f6nyeye d\u00fczg\u00fcn oturmas\u0131n\u0131 sa\u011flayan merkezleme sistemi<\/li>\n<li>Pn\u00f6matik mengeneler<\/li>\n<li>Pn\u00f6matik b\u0131\u00e7ak de\u011fi\u015ftirme sistemi<\/li>\n<\/ul>\n<div class=\"icon_box icon_position_ no_border\"><a class=\"\" href=\"https:\/\/powerlinegrup.com\/wp-content\/uploads\/ORBIT-III-TR.pdf\" target=\"_blank\"  title=\"\"><div class=\"icon_wrapper\"><div class=\"icon\"><i class=\"icon-acrobat\" aria-hidden=\"true\"><\/i><\/div><\/div><div class=\"desc_wrapper\"><h4 class=\"title \">PDF OLARAK G\u00d6R\u00dcNT\u00dcLEMEK \u0130\u00c7\u0130N TIKLAYINIZ<\/h4><\/div><\/a><\/div>\n\n","protected":false},"featured_media":2344,"template":"","meta":[],"product_brand":[],"product_cat":[116],"product_tag":[],"class_list":{"0":"post-2259","1":"product","2":"type-product","3":"status-publish","4":"has-post-thumbnail","6":"product_cat-ozcelik-makine","8":"first","9":"instock","10":"shipping-taxable","11":"product-type-simple"},"yoast_head":"<!-- This site is optimized with the Yoast SEO plugin v25.4 - https:\/\/yoast.com\/wordpress\/plugins\/seo\/ -->\n<title>ORBIT - III Otomatik PVC K\u00f6\u015fe ve Y\u00fczey Temizleme Makinesi - Powerline Grup<\/title>\n<meta name=\"robots\" content=\"index, follow, max-snippet:-1, max-image-preview:large, max-video-preview:-1\" \/>\n<link rel=\"canonical\" href=\"https:\/\/powerlinegrup.com\/en\/urun\/orbit-iii-otomatik-pvc-kose-ve-yuzey-temizleme-makinesi\/\" \/>\n<meta property=\"og:locale\" content=\"en_US\" \/>\n<meta property=\"og:type\" content=\"article\" \/>\n<meta property=\"og:title\" content=\"ORBIT - III Otomatik PVC K\u00f6\u015fe ve Y\u00fczey Temizleme Makinesi - Powerline Grup\" \/>\n<meta property=\"og:description\" content=\"Otomatik PVC K\u00f6\u015fe ve Y\u00fczey Temizleme Makinesi (Tek B\u0131\u00e7ak Seti) \u00a0\u00a0  Plastik profillerin kaynak sonras\u0131 k\u00f6\u015fe ve y\u00fczey temizleme i\u015flemleri i\u00e7in kullan\u0131l\u0131r.   Hidro-Pn\u00f6matik hareket  \u0130\u015flemin ba\u015flang\u0131\u00e7 noktas\u0131na otomatik olarak d\u00f6nmesi  Profillerin 45\u00b0 g\u00f6nyeye d\u00fczg\u00fcn oturmas\u0131n\u0131 sa\u011flayan merkezleme sistemi  Pn\u00f6matik mengeneler  Pn\u00f6matik b\u0131\u00e7ak de\u011fi\u015ftirme sistemi\" \/>\n<meta property=\"og:url\" content=\"https:\/\/powerlinegrup.com\/en\/urun\/orbit-iii-otomatik-pvc-kose-ve-yuzey-temizleme-makinesi\/\" \/>\n<meta property=\"og:site_name\" content=\"Powerline Grup\" \/>\n<meta property=\"article:modified_time\" content=\"2023-10-17T07:40:24+00:00\" \/>\n<meta property=\"og:image\" content=\"https:\/\/powerlinegrup.com\/wp-content\/uploads\/orbit-3-otomatik-pvc-kose-ve-yuzey-temizleme-makinesi.jpg\" \/>\n\t<meta property=\"og:image:width\" content=\"1000\" \/>\n\t<meta property=\"og:image:height\" content=\"1000\" \/>\n\t<meta property=\"og:image:type\" content=\"image\/jpeg\" \/>\n<meta name=\"twitter:card\" content=\"summary_large_image\" \/>\n<script type=\"application\/ld+json\" class=\"yoast-schema-graph\">{\"@context\":\"https:\/\/schema.org\",\"@graph\":[{\"@type\":\"WebPage\",\"@id\":\"https:\/\/powerlinegrup.com\/en\/urun\/orbit-iii-otomatik-pvc-kose-ve-yuzey-temizleme-makinesi\/\",\"url\":\"https:\/\/powerlinegrup.com\/en\/urun\/orbit-iii-otomatik-pvc-kose-ve-yuzey-temizleme-makinesi\/\",\"name\":\"ORBIT - III Otomatik PVC K\u00f6\u015fe ve Y\u00fczey Temizleme Makinesi - Powerline Grup\",\"isPartOf\":{\"@id\":\"https:\/\/powerlinegrup.com\/#website\"},\"primaryImageOfPage\":{\"@id\":\"https:\/\/powerlinegrup.com\/en\/urun\/orbit-iii-otomatik-pvc-kose-ve-yuzey-temizleme-makinesi\/#primaryimage\"},\"image\":{\"@id\":\"https:\/\/powerlinegrup.com\/en\/urun\/orbit-iii-otomatik-pvc-kose-ve-yuzey-temizleme-makinesi\/#primaryimage\"},\"thumbnailUrl\":\"https:\/\/powerlinegrup.com\/wp-content\/uploads\/orbit-3-otomatik-pvc-kose-ve-yuzey-temizleme-makinesi.jpg\",\"datePublished\":\"2023-10-09T13:21:23+00:00\",\"dateModified\":\"2023-10-17T07:40:24+00:00\",\"breadcrumb\":{\"@id\":\"https:\/\/powerlinegrup.com\/en\/urun\/orbit-iii-otomatik-pvc-kose-ve-yuzey-temizleme-makinesi\/#breadcrumb\"},\"inLanguage\":\"en-US\",\"potentialAction\":[{\"@type\":\"ReadAction\",\"target\":[\"https:\/\/powerlinegrup.com\/en\/urun\/orbit-iii-otomatik-pvc-kose-ve-yuzey-temizleme-makinesi\/\"]}]},{\"@type\":\"ImageObject\",\"inLanguage\":\"en-US\",\"@id\":\"https:\/\/powerlinegrup.com\/en\/urun\/orbit-iii-otomatik-pvc-kose-ve-yuzey-temizleme-makinesi\/#primaryimage\",\"url\":\"https:\/\/powerlinegrup.com\/wp-content\/uploads\/orbit-3-otomatik-pvc-kose-ve-yuzey-temizleme-makinesi.jpg\",\"contentUrl\":\"https:\/\/powerlinegrup.com\/wp-content\/uploads\/orbit-3-otomatik-pvc-kose-ve-yuzey-temizleme-makinesi.jpg\",\"width\":1000,\"height\":1000},{\"@type\":\"BreadcrumbList\",\"@id\":\"https:\/\/powerlinegrup.com\/en\/urun\/orbit-iii-otomatik-pvc-kose-ve-yuzey-temizleme-makinesi\/#breadcrumb\",\"itemListElement\":[{\"@type\":\"ListItem\",\"position\":1,\"name\":\"Anasayfa\",\"item\":\"https:\/\/powerlinegrup.com\/en\/\"},{\"@type\":\"ListItem\",\"position\":2,\"name\":\"\u00dcr\u00fcnler\",\"item\":\"https:\/\/powerlinegrup.com\/en\/urunler\/\"},{\"@type\":\"ListItem\",\"position\":3,\"name\":\"ORBIT &#8211; III Otomatik PVC K\u00f6\u015fe ve Y\u00fczey Temizleme Makinesi\"}]},{\"@type\":\"WebSite\",\"@id\":\"https:\/\/powerlinegrup.com\/#website\",\"url\":\"https:\/\/powerlinegrup.com\/\",\"name\":\"Powerline Grup\",\"description\":\"\",\"potentialAction\":[{\"@type\":\"SearchAction\",\"target\":{\"@type\":\"EntryPoint\",\"urlTemplate\":\"https:\/\/powerlinegrup.com\/?s={search_term_string}\"},\"query-input\":{\"@type\":\"PropertyValueSpecification\",\"valueRequired\":true,\"valueName\":\"search_term_string\"}}],\"inLanguage\":\"en-US\"}]}<\/script>\n<!-- \/ Yoast SEO plugin. -->","yoast_head_json":{"title":"ORBIT - III Otomatik PVC K\u00f6\u015fe ve Y\u00fczey Temizleme Makinesi - Powerline Grup","robots":{"index":"index","follow":"follow","max-snippet":"max-snippet:-1","max-image-preview":"max-image-preview:large","max-video-preview":"max-video-preview:-1"},"canonical":"https:\/\/powerlinegrup.com\/en\/urun\/orbit-iii-otomatik-pvc-kose-ve-yuzey-temizleme-makinesi\/","og_locale":"en_US","og_type":"article","og_title":"ORBIT - III Otomatik PVC K\u00f6\u015fe ve Y\u00fczey Temizleme Makinesi - Powerline Grup","og_description":"Otomatik PVC K\u00f6\u015fe ve Y\u00fczey Temizleme Makinesi (Tek B\u0131\u00e7ak Seti) \u00a0\u00a0  Plastik profillerin kaynak sonras\u0131 k\u00f6\u015fe ve y\u00fczey temizleme i\u015flemleri i\u00e7in kullan\u0131l\u0131r.   Hidro-Pn\u00f6matik hareket  \u0130\u015flemin ba\u015flang\u0131\u00e7 noktas\u0131na otomatik olarak d\u00f6nmesi  Profillerin 45\u00b0 g\u00f6nyeye d\u00fczg\u00fcn oturmas\u0131n\u0131 sa\u011flayan merkezleme sistemi  Pn\u00f6matik mengeneler  Pn\u00f6matik b\u0131\u00e7ak de\u011fi\u015ftirme sistemi","og_url":"https:\/\/powerlinegrup.com\/en\/urun\/orbit-iii-otomatik-pvc-kose-ve-yuzey-temizleme-makinesi\/","og_site_name":"Powerline Grup","article_modified_time":"2023-10-17T07:40:24+00:00","og_image":[{"width":1000,"height":1000,"url":"https:\/\/powerlinegrup.com\/wp-content\/uploads\/orbit-3-otomatik-pvc-kose-ve-yuzey-temizleme-makinesi.jpg","type":"image\/jpeg"}],"twitter_card":"summary_large_image","schema":{"@context":"https:\/\/schema.org","@graph":[{"@type":"WebPage","@id":"https:\/\/powerlinegrup.com\/en\/urun\/orbit-iii-otomatik-pvc-kose-ve-yuzey-temizleme-makinesi\/","url":"https:\/\/powerlinegrup.com\/en\/urun\/orbit-iii-otomatik-pvc-kose-ve-yuzey-temizleme-makinesi\/","name":"ORBIT - III Otomatik PVC K\u00f6\u015fe ve Y\u00fczey Temizleme Makinesi - Powerline Grup","isPartOf":{"@id":"https:\/\/powerlinegrup.com\/#website"},"primaryImageOfPage":{"@id":"https:\/\/powerlinegrup.com\/en\/urun\/orbit-iii-otomatik-pvc-kose-ve-yuzey-temizleme-makinesi\/#primaryimage"},"image":{"@id":"https:\/\/powerlinegrup.com\/en\/urun\/orbit-iii-otomatik-pvc-kose-ve-yuzey-temizleme-makinesi\/#primaryimage"},"thumbnailUrl":"https:\/\/powerlinegrup.com\/wp-content\/uploads\/orbit-3-otomatik-pvc-kose-ve-yuzey-temizleme-makinesi.jpg","datePublished":"2023-10-09T13:21:23+00:00","dateModified":"2023-10-17T07:40:24+00:00","breadcrumb":{"@id":"https:\/\/powerlinegrup.com\/en\/urun\/orbit-iii-otomatik-pvc-kose-ve-yuzey-temizleme-makinesi\/#breadcrumb"},"inLanguage":"en-US","potentialAction":[{"@type":"ReadAction","target":["https:\/\/powerlinegrup.com\/en\/urun\/orbit-iii-otomatik-pvc-kose-ve-yuzey-temizleme-makinesi\/"]}]},{"@type":"ImageObject","inLanguage":"en-US","@id":"https:\/\/powerlinegrup.com\/en\/urun\/orbit-iii-otomatik-pvc-kose-ve-yuzey-temizleme-makinesi\/#primaryimage","url":"https:\/\/powerlinegrup.com\/wp-content\/uploads\/orbit-3-otomatik-pvc-kose-ve-yuzey-temizleme-makinesi.jpg","contentUrl":"https:\/\/powerlinegrup.com\/wp-content\/uploads\/orbit-3-otomatik-pvc-kose-ve-yuzey-temizleme-makinesi.jpg","width":1000,"height":1000},{"@type":"BreadcrumbList","@id":"https:\/\/powerlinegrup.com\/en\/urun\/orbit-iii-otomatik-pvc-kose-ve-yuzey-temizleme-makinesi\/#breadcrumb","itemListElement":[{"@type":"ListItem","position":1,"name":"Anasayfa","item":"https:\/\/powerlinegrup.com\/en\/"},{"@type":"ListItem","position":2,"name":"\u00dcr\u00fcnler","item":"https:\/\/powerlinegrup.com\/en\/urunler\/"},{"@type":"ListItem","position":3,"name":"ORBIT &#8211; III Otomatik PVC K\u00f6\u015fe ve Y\u00fczey Temizleme Makinesi"}]},{"@type":"WebSite","@id":"https:\/\/powerlinegrup.com\/#website","url":"https:\/\/powerlinegrup.com\/","name":"Powerline Grup","description":"","potentialAction":[{"@type":"SearchAction","target":{"@type":"EntryPoint","urlTemplate":"https:\/\/powerlinegrup.com\/?s={search_term_string}"},"query-input":{"@type":"PropertyValueSpecification","valueRequired":true,"valueName":"search_term_string"}}],"inLanguage":"en-US"}]}},"_links":{"self":[{"href":"https:\/\/powerlinegrup.com\/en\/wp-json\/wp\/v2\/product\/2259","targetHints":{"allow":["GET"]}}],"collection":[{"href":"https:\/\/powerlinegrup.com\/en\/wp-json\/wp\/v2\/product"}],"about":[{"href":"https:\/\/powerlinegrup.com\/en\/wp-json\/wp\/v2\/types\/product"}],"wp:featuredmedia":[{"embeddable":true,"href":"https:\/\/powerlinegrup.com\/en\/wp-json\/wp\/v2\/media\/2344"}],"wp:attachment":[{"href":"https:\/\/powerlinegrup.com\/en\/wp-json\/wp\/v2\/media?parent=2259"}],"wp:term":[{"taxonomy":"product_brand","embeddable":true,"href":"https:\/\/powerlinegrup.com\/en\/wp-json\/wp\/v2\/product_brand?post=2259"},{"taxonomy":"product_cat","embeddable":true,"href":"https:\/\/powerlinegrup.com\/en\/wp-json\/wp\/v2\/product_cat?post=2259"},{"taxonomy":"product_tag","embeddable":true,"href":"https:\/\/powerlinegrup.com\/en\/wp-json\/wp\/v2\/product_tag?post=2259"}],"curies":[{"name":"wp","href":"https:\/\/api.w.org\/{rel}","templated":true}]}}