{"id":3160,"date":"2023-10-20T09:42:18","date_gmt":"2023-10-20T06:42:18","guid":{"rendered":"https:\/\/powerlinegrup.com\/urun\/lepus-ii-cnc-aluminyum-kompozit-panel-isleme-makinesi\/"},"modified":"2023-11-21T13:54:19","modified_gmt":"2023-11-21T10:54:19","slug":"%d1%81%d1%82%d0%b0%d0%bd%d0%be%d0%ba-%d0%b4%d0%bb%d1%8f-%d0%be%d0%b1%d1%80%d0%b0%d0%b1%d0%be%d1%82%d0%ba%d0%b8-%d0%b0%d0%bb%d1%8e%d0%bc%d0%b8%d0%bd%d0%b8%d0%b5%d0%b2%d1%8b%d1%85-%d0%ba%d0%be%d0%bc","status":"publish","type":"product","link":"https:\/\/powerlinegrup.com\/en\/urun\/%d1%81%d1%82%d0%b0%d0%bd%d0%be%d0%ba-%d0%b4%d0%bb%d1%8f-%d0%be%d0%b1%d1%80%d0%b0%d0%b1%d0%be%d1%82%d0%ba%d0%b8-%d0%b0%d0%bb%d1%8e%d0%bc%d0%b8%d0%bd%d0%b8%d0%b5%d0%b2%d1%8b%d1%85-%d0%ba%d0%be%d0%bc\/","title":{"rendered":"\u0421\u0442\u0430\u043d\u043e\u043a \u0434\u043b\u044f \u043e\u0431\u0440\u0430\u0431\u043e\u0442\u043a\u0438 \u0430\u043b\u044e\u043c\u0438\u043d\u0438\u0435\u0432\u044b\u0445 \u043a\u043e\u043c\u043f\u043e\u0437\u0438\u0442\u043d\u044b\u0445 \u043f\u0430\u043d\u0435\u043b\u0435\u0439 \u0441 \u0427\u041f\u0423 LEPUS II"},"content":{"rendered":"","protected":false},"excerpt":{"rendered":"<p><strong>CNC Al\u00fcminyum Kompozit Panel \u0130\u015fleme Makinesi (3 Eksen) &#8211; 7 m<\/strong><\/p>\n<p>Kompozit panel ve levhalar\u0131n derz a\u00e7ma, i\u015fleme ve ebatlama i\u015flemleri i\u00e7in kullan\u0131l\u0131r.<\/p>\n<ul>\n<li>G\u00fc\u00e7l\u00fc vakumlama ile kompozit levha sabitleme ve \u00fcst\u00fcn i\u015fleme kalitesi<\/li>\n<li>Tak\u0131m de\u011fi\u015ftirme magazini: birbirinden ba\u011f\u0131ms\u0131z 4 adet fan so\u011futmal\u0131 spindle motor kapasitesi<\/li>\n<li>Freze ucu de\u011fi\u015fimi ile ah\u015fap ve plastik levha i\u015fleme<\/li>\n<li>Polietilen tabla \u00fczerindeki kanallar ile ideal vakumlama<\/li>\n<li>2D CAD CAM grafik ve optimizasyon yaz\u0131l\u0131m\u0131<\/li>\n<li>2,5 saniyede tak\u0131m de\u011fi\u015ftirmE<\/li>\n<\/ul>\n<p class=\"p1\"><div class=\"icon_box icon_position_ no_border\"><a class=\"\" href=\"https:\/\/powerlinegrup.com\/wp-content\/uploads\/LEPUS-II.pdf\" target=\"_blank\"  title=\"\"><div class=\"icon_wrapper\"><div class=\"icon\"><i class=\"icon-acrobat\" aria-hidden=\"true\"><\/i><\/div><\/div><div class=\"desc_wrapper\"><h4 class=\"title \">PDF OLARAK G\u00d6R\u00dcNT\u00dcLEMEK \u0130\u00c7\u0130N TIKLAYINIZ<\/h4><\/div><\/a><\/div>\n<\/p>\n<p>&nbsp;<\/p>\n","protected":false},"featured_media":2899,"template":"","meta":[],"product_brand":[],"product_cat":[35,172,115,116],"product_tag":[],"class_list":{"0":"post-3160","1":"product","2":"type-product","3":"status-publish","4":"has-post-thumbnail","6":"product_cat-genel","7":"product_cat-genel-en","8":"product_cat-makine-ve-yardimci-gruplar","9":"product_cat-ozcelik-makine","11":"first","12":"instock","13":"shipping-taxable","14":"product-type-simple"},"yoast_head":"<!-- This site is optimized with the Yoast SEO plugin v25.4 - https:\/\/yoast.com\/wordpress\/plugins\/seo\/ -->\n<title>\u0421\u0442\u0430\u043d\u043e\u043a \u0434\u043b\u044f \u043e\u0431\u0440\u0430\u0431\u043e\u0442\u043a\u0438 \u0430\u043b\u044e\u043c\u0438\u043d\u0438\u0435\u0432\u044b\u0445 \u043a\u043e\u043c\u043f\u043e\u0437\u0438\u0442\u043d\u044b\u0445 \u043f\u0430\u043d\u0435\u043b\u0435\u0439 \u0441 \u0427\u041f\u0423 LEPUS II - Powerline Grup<\/title>\n<meta name=\"robots\" content=\"index, follow, max-snippet:-1, max-image-preview:large, max-video-preview:-1\" \/>\n<link rel=\"canonical\" href=\"https:\/\/powerlinegrup.com\/urun\/\u0441\u0442\u0430\u043d\u043e\u043a-\u0434\u043b\u044f-\u043e\u0431\u0440\u0430\u0431\u043e\u0442\u043a\u0438-\u0430\u043b\u044e\u043c\u0438\u043d\u0438\u0435\u0432\u044b\u0445-\u043a\u043e\u043c\/\" \/>\n<meta property=\"og:locale\" content=\"en_US\" \/>\n<meta property=\"og:type\" content=\"article\" \/>\n<meta property=\"og:title\" content=\"\u0421\u0442\u0430\u043d\u043e\u043a \u0434\u043b\u044f \u043e\u0431\u0440\u0430\u0431\u043e\u0442\u043a\u0438 \u0430\u043b\u044e\u043c\u0438\u043d\u0438\u0435\u0432\u044b\u0445 \u043a\u043e\u043c\u043f\u043e\u0437\u0438\u0442\u043d\u044b\u0445 \u043f\u0430\u043d\u0435\u043b\u0435\u0439 \u0441 \u0427\u041f\u0423 LEPUS II - Powerline Grup\" \/>\n<meta property=\"og:description\" content=\"CNC Al\u00fcminyum Kompozit Panel \u0130\u015fleme Makinesi (3 Eksen) - 7 m  Kompozit panel ve levhalar\u0131n derz a\u00e7ma, i\u015fleme ve ebatlama i\u015flemleri i\u00e7in kullan\u0131l\u0131r.   G\u00fc\u00e7l\u00fc vakumlama ile kompozit levha sabitleme ve \u00fcst\u00fcn i\u015fleme kalitesi  Tak\u0131m de\u011fi\u015ftirme magazini: birbirinden ba\u011f\u0131ms\u0131z 4 adet fan so\u011futmal\u0131 spindle motor kapasitesi  Freze ucu de\u011fi\u015fimi ile ah\u015fap ve plastik levha i\u015fleme  Polietilen tabla \u00fczerindeki kanallar ile ideal vakumlama  2D CAD CAM grafik ve optimizasyon yaz\u0131l\u0131m\u0131  2,5 saniyede tak\u0131m de\u011fi\u015ftirmE   &nbsp;\" \/>\n<meta property=\"og:url\" content=\"https:\/\/powerlinegrup.com\/urun\/\u0441\u0442\u0430\u043d\u043e\u043a-\u0434\u043b\u044f-\u043e\u0431\u0440\u0430\u0431\u043e\u0442\u043a\u0438-\u0430\u043b\u044e\u043c\u0438\u043d\u0438\u0435\u0432\u044b\u0445-\u043a\u043e\u043c\/\" \/>\n<meta property=\"og:site_name\" content=\"Powerline Grup\" \/>\n<meta property=\"article:modified_time\" content=\"2023-11-21T10:54:19+00:00\" \/>\n<meta property=\"og:image\" content=\"https:\/\/powerlinegrup.com\/wp-content\/uploads\/lepus-2.jpg\" \/>\n\t<meta property=\"og:image:width\" content=\"1000\" \/>\n\t<meta property=\"og:image:height\" content=\"1000\" \/>\n\t<meta property=\"og:image:type\" content=\"image\/jpeg\" \/>\n<meta name=\"twitter:card\" content=\"summary_large_image\" \/>\n<script type=\"application\/ld+json\" class=\"yoast-schema-graph\">{\"@context\":\"https:\/\/schema.org\",\"@graph\":[{\"@type\":\"WebPage\",\"@id\":\"https:\/\/powerlinegrup.com\/urun\/%d1%81%d1%82%d0%b0%d0%bd%d0%be%d0%ba-%d0%b4%d0%bb%d1%8f-%d0%be%d0%b1%d1%80%d0%b0%d0%b1%d0%be%d1%82%d0%ba%d0%b8-%d0%b0%d0%bb%d1%8e%d0%bc%d0%b8%d0%bd%d0%b8%d0%b5%d0%b2%d1%8b%d1%85-%d0%ba%d0%be%d0%bc\/\",\"url\":\"https:\/\/powerlinegrup.com\/urun\/%d1%81%d1%82%d0%b0%d0%bd%d0%be%d0%ba-%d0%b4%d0%bb%d1%8f-%d0%be%d0%b1%d1%80%d0%b0%d0%b1%d0%be%d1%82%d0%ba%d0%b8-%d0%b0%d0%bb%d1%8e%d0%bc%d0%b8%d0%bd%d0%b8%d0%b5%d0%b2%d1%8b%d1%85-%d0%ba%d0%be%d0%bc\/\",\"name\":\"\u0421\u0442\u0430\u043d\u043e\u043a \u0434\u043b\u044f \u043e\u0431\u0440\u0430\u0431\u043e\u0442\u043a\u0438 \u0430\u043b\u044e\u043c\u0438\u043d\u0438\u0435\u0432\u044b\u0445 \u043a\u043e\u043c\u043f\u043e\u0437\u0438\u0442\u043d\u044b\u0445 \u043f\u0430\u043d\u0435\u043b\u0435\u0439 \u0441 \u0427\u041f\u0423 LEPUS II - Powerline Grup\",\"isPartOf\":{\"@id\":\"https:\/\/powerlinegrup.com\/#website\"},\"primaryImageOfPage\":{\"@id\":\"https:\/\/powerlinegrup.com\/urun\/%d1%81%d1%82%d0%b0%d0%bd%d0%be%d0%ba-%d0%b4%d0%bb%d1%8f-%d0%be%d0%b1%d1%80%d0%b0%d0%b1%d0%be%d1%82%d0%ba%d0%b8-%d0%b0%d0%bb%d1%8e%d0%bc%d0%b8%d0%bd%d0%b8%d0%b5%d0%b2%d1%8b%d1%85-%d0%ba%d0%be%d0%bc\/#primaryimage\"},\"image\":{\"@id\":\"https:\/\/powerlinegrup.com\/urun\/%d1%81%d1%82%d0%b0%d0%bd%d0%be%d0%ba-%d0%b4%d0%bb%d1%8f-%d0%be%d0%b1%d1%80%d0%b0%d0%b1%d0%be%d1%82%d0%ba%d0%b8-%d0%b0%d0%bb%d1%8e%d0%bc%d0%b8%d0%bd%d0%b8%d0%b5%d0%b2%d1%8b%d1%85-%d0%ba%d0%be%d0%bc\/#primaryimage\"},\"thumbnailUrl\":\"https:\/\/powerlinegrup.com\/wp-content\/uploads\/lepus-2.jpg\",\"datePublished\":\"2023-10-20T06:42:18+00:00\",\"dateModified\":\"2023-11-21T10:54:19+00:00\",\"breadcrumb\":{\"@id\":\"https:\/\/powerlinegrup.com\/urun\/%d1%81%d1%82%d0%b0%d0%bd%d0%be%d0%ba-%d0%b4%d0%bb%d1%8f-%d0%be%d0%b1%d1%80%d0%b0%d0%b1%d0%be%d1%82%d0%ba%d0%b8-%d0%b0%d0%bb%d1%8e%d0%bc%d0%b8%d0%bd%d0%b8%d0%b5%d0%b2%d1%8b%d1%85-%d0%ba%d0%be%d0%bc\/#breadcrumb\"},\"inLanguage\":\"en-US\",\"potentialAction\":[{\"@type\":\"ReadAction\",\"target\":[\"https:\/\/powerlinegrup.com\/urun\/%d1%81%d1%82%d0%b0%d0%bd%d0%be%d0%ba-%d0%b4%d0%bb%d1%8f-%d0%be%d0%b1%d1%80%d0%b0%d0%b1%d0%be%d1%82%d0%ba%d0%b8-%d0%b0%d0%bb%d1%8e%d0%bc%d0%b8%d0%bd%d0%b8%d0%b5%d0%b2%d1%8b%d1%85-%d0%ba%d0%be%d0%bc\/\"]}]},{\"@type\":\"ImageObject\",\"inLanguage\":\"en-US\",\"@id\":\"https:\/\/powerlinegrup.com\/urun\/%d1%81%d1%82%d0%b0%d0%bd%d0%be%d0%ba-%d0%b4%d0%bb%d1%8f-%d0%be%d0%b1%d1%80%d0%b0%d0%b1%d0%be%d1%82%d0%ba%d0%b8-%d0%b0%d0%bb%d1%8e%d0%bc%d0%b8%d0%bd%d0%b8%d0%b5%d0%b2%d1%8b%d1%85-%d0%ba%d0%be%d0%bc\/#primaryimage\",\"url\":\"https:\/\/powerlinegrup.com\/wp-content\/uploads\/lepus-2.jpg\",\"contentUrl\":\"https:\/\/powerlinegrup.com\/wp-content\/uploads\/lepus-2.jpg\",\"width\":1000,\"height\":1000},{\"@type\":\"BreadcrumbList\",\"@id\":\"https:\/\/powerlinegrup.com\/urun\/%d1%81%d1%82%d0%b0%d0%bd%d0%be%d0%ba-%d0%b4%d0%bb%d1%8f-%d0%be%d0%b1%d1%80%d0%b0%d0%b1%d0%be%d1%82%d0%ba%d0%b8-%d0%b0%d0%bb%d1%8e%d0%bc%d0%b8%d0%bd%d0%b8%d0%b5%d0%b2%d1%8b%d1%85-%d0%ba%d0%be%d0%bc\/#breadcrumb\",\"itemListElement\":[{\"@type\":\"ListItem\",\"position\":1,\"name\":\"Anasayfa\",\"item\":\"https:\/\/powerlinegrup.com\/en\/\"},{\"@type\":\"ListItem\",\"position\":2,\"name\":\"\u00dcr\u00fcnler\",\"item\":\"https:\/\/powerlinegrup.com\/en\/urunler\/\"},{\"@type\":\"ListItem\",\"position\":3,\"name\":\"\u0421\u0442\u0430\u043d\u043e\u043a \u0434\u043b\u044f \u043e\u0431\u0440\u0430\u0431\u043e\u0442\u043a\u0438 \u0430\u043b\u044e\u043c\u0438\u043d\u0438\u0435\u0432\u044b\u0445 \u043a\u043e\u043c\u043f\u043e\u0437\u0438\u0442\u043d\u044b\u0445 \u043f\u0430\u043d\u0435\u043b\u0435\u0439 \u0441 \u0427\u041f\u0423 LEPUS II\"}]},{\"@type\":\"WebSite\",\"@id\":\"https:\/\/powerlinegrup.com\/#website\",\"url\":\"https:\/\/powerlinegrup.com\/\",\"name\":\"Powerline Grup\",\"description\":\"\",\"potentialAction\":[{\"@type\":\"SearchAction\",\"target\":{\"@type\":\"EntryPoint\",\"urlTemplate\":\"https:\/\/powerlinegrup.com\/?s={search_term_string}\"},\"query-input\":{\"@type\":\"PropertyValueSpecification\",\"valueRequired\":true,\"valueName\":\"search_term_string\"}}],\"inLanguage\":\"en-US\"}]}<\/script>\n<!-- \/ Yoast SEO plugin. -->","yoast_head_json":{"title":"\u0421\u0442\u0430\u043d\u043e\u043a \u0434\u043b\u044f \u043e\u0431\u0440\u0430\u0431\u043e\u0442\u043a\u0438 \u0430\u043b\u044e\u043c\u0438\u043d\u0438\u0435\u0432\u044b\u0445 \u043a\u043e\u043c\u043f\u043e\u0437\u0438\u0442\u043d\u044b\u0445 \u043f\u0430\u043d\u0435\u043b\u0435\u0439 \u0441 \u0427\u041f\u0423 LEPUS II - Powerline Grup","robots":{"index":"index","follow":"follow","max-snippet":"max-snippet:-1","max-image-preview":"max-image-preview:large","max-video-preview":"max-video-preview:-1"},"canonical":"https:\/\/powerlinegrup.com\/urun\/\u0441\u0442\u0430\u043d\u043e\u043a-\u0434\u043b\u044f-\u043e\u0431\u0440\u0430\u0431\u043e\u0442\u043a\u0438-\u0430\u043b\u044e\u043c\u0438\u043d\u0438\u0435\u0432\u044b\u0445-\u043a\u043e\u043c\/","og_locale":"en_US","og_type":"article","og_title":"\u0421\u0442\u0430\u043d\u043e\u043a \u0434\u043b\u044f \u043e\u0431\u0440\u0430\u0431\u043e\u0442\u043a\u0438 \u0430\u043b\u044e\u043c\u0438\u043d\u0438\u0435\u0432\u044b\u0445 \u043a\u043e\u043c\u043f\u043e\u0437\u0438\u0442\u043d\u044b\u0445 \u043f\u0430\u043d\u0435\u043b\u0435\u0439 \u0441 \u0427\u041f\u0423 LEPUS II - Powerline Grup","og_description":"CNC Al\u00fcminyum Kompozit Panel \u0130\u015fleme Makinesi (3 Eksen) - 7 m  Kompozit panel ve levhalar\u0131n derz a\u00e7ma, i\u015fleme ve ebatlama i\u015flemleri i\u00e7in kullan\u0131l\u0131r.   G\u00fc\u00e7l\u00fc vakumlama ile kompozit levha sabitleme ve \u00fcst\u00fcn i\u015fleme kalitesi  Tak\u0131m de\u011fi\u015ftirme magazini: birbirinden ba\u011f\u0131ms\u0131z 4 adet fan so\u011futmal\u0131 spindle motor kapasitesi  Freze ucu de\u011fi\u015fimi ile ah\u015fap ve plastik levha i\u015fleme  Polietilen tabla \u00fczerindeki kanallar ile ideal vakumlama  2D CAD CAM grafik ve optimizasyon yaz\u0131l\u0131m\u0131  2,5 saniyede tak\u0131m de\u011fi\u015ftirmE   &nbsp;","og_url":"https:\/\/powerlinegrup.com\/urun\/\u0441\u0442\u0430\u043d\u043e\u043a-\u0434\u043b\u044f-\u043e\u0431\u0440\u0430\u0431\u043e\u0442\u043a\u0438-\u0430\u043b\u044e\u043c\u0438\u043d\u0438\u0435\u0432\u044b\u0445-\u043a\u043e\u043c\/","og_site_name":"Powerline Grup","article_modified_time":"2023-11-21T10:54:19+00:00","og_image":[{"width":1000,"height":1000,"url":"https:\/\/powerlinegrup.com\/wp-content\/uploads\/lepus-2.jpg","type":"image\/jpeg"}],"twitter_card":"summary_large_image","schema":{"@context":"https:\/\/schema.org","@graph":[{"@type":"WebPage","@id":"https:\/\/powerlinegrup.com\/urun\/%d1%81%d1%82%d0%b0%d0%bd%d0%be%d0%ba-%d0%b4%d0%bb%d1%8f-%d0%be%d0%b1%d1%80%d0%b0%d0%b1%d0%be%d1%82%d0%ba%d0%b8-%d0%b0%d0%bb%d1%8e%d0%bc%d0%b8%d0%bd%d0%b8%d0%b5%d0%b2%d1%8b%d1%85-%d0%ba%d0%be%d0%bc\/","url":"https:\/\/powerlinegrup.com\/urun\/%d1%81%d1%82%d0%b0%d0%bd%d0%be%d0%ba-%d0%b4%d0%bb%d1%8f-%d0%be%d0%b1%d1%80%d0%b0%d0%b1%d0%be%d1%82%d0%ba%d0%b8-%d0%b0%d0%bb%d1%8e%d0%bc%d0%b8%d0%bd%d0%b8%d0%b5%d0%b2%d1%8b%d1%85-%d0%ba%d0%be%d0%bc\/","name":"\u0421\u0442\u0430\u043d\u043e\u043a \u0434\u043b\u044f \u043e\u0431\u0440\u0430\u0431\u043e\u0442\u043a\u0438 \u0430\u043b\u044e\u043c\u0438\u043d\u0438\u0435\u0432\u044b\u0445 \u043a\u043e\u043c\u043f\u043e\u0437\u0438\u0442\u043d\u044b\u0445 \u043f\u0430\u043d\u0435\u043b\u0435\u0439 \u0441 \u0427\u041f\u0423 LEPUS II - Powerline Grup","isPartOf":{"@id":"https:\/\/powerlinegrup.com\/#website"},"primaryImageOfPage":{"@id":"https:\/\/powerlinegrup.com\/urun\/%d1%81%d1%82%d0%b0%d0%bd%d0%be%d0%ba-%d0%b4%d0%bb%d1%8f-%d0%be%d0%b1%d1%80%d0%b0%d0%b1%d0%be%d1%82%d0%ba%d0%b8-%d0%b0%d0%bb%d1%8e%d0%bc%d0%b8%d0%bd%d0%b8%d0%b5%d0%b2%d1%8b%d1%85-%d0%ba%d0%be%d0%bc\/#primaryimage"},"image":{"@id":"https:\/\/powerlinegrup.com\/urun\/%d1%81%d1%82%d0%b0%d0%bd%d0%be%d0%ba-%d0%b4%d0%bb%d1%8f-%d0%be%d0%b1%d1%80%d0%b0%d0%b1%d0%be%d1%82%d0%ba%d0%b8-%d0%b0%d0%bb%d1%8e%d0%bc%d0%b8%d0%bd%d0%b8%d0%b5%d0%b2%d1%8b%d1%85-%d0%ba%d0%be%d0%bc\/#primaryimage"},"thumbnailUrl":"https:\/\/powerlinegrup.com\/wp-content\/uploads\/lepus-2.jpg","datePublished":"2023-10-20T06:42:18+00:00","dateModified":"2023-11-21T10:54:19+00:00","breadcrumb":{"@id":"https:\/\/powerlinegrup.com\/urun\/%d1%81%d1%82%d0%b0%d0%bd%d0%be%d0%ba-%d0%b4%d0%bb%d1%8f-%d0%be%d0%b1%d1%80%d0%b0%d0%b1%d0%be%d1%82%d0%ba%d0%b8-%d0%b0%d0%bb%d1%8e%d0%bc%d0%b8%d0%bd%d0%b8%d0%b5%d0%b2%d1%8b%d1%85-%d0%ba%d0%be%d0%bc\/#breadcrumb"},"inLanguage":"en-US","potentialAction":[{"@type":"ReadAction","target":["https:\/\/powerlinegrup.com\/urun\/%d1%81%d1%82%d0%b0%d0%bd%d0%be%d0%ba-%d0%b4%d0%bb%d1%8f-%d0%be%d0%b1%d1%80%d0%b0%d0%b1%d0%be%d1%82%d0%ba%d0%b8-%d0%b0%d0%bb%d1%8e%d0%bc%d0%b8%d0%bd%d0%b8%d0%b5%d0%b2%d1%8b%d1%85-%d0%ba%d0%be%d0%bc\/"]}]},{"@type":"ImageObject","inLanguage":"en-US","@id":"https:\/\/powerlinegrup.com\/urun\/%d1%81%d1%82%d0%b0%d0%bd%d0%be%d0%ba-%d0%b4%d0%bb%d1%8f-%d0%be%d0%b1%d1%80%d0%b0%d0%b1%d0%be%d1%82%d0%ba%d0%b8-%d0%b0%d0%bb%d1%8e%d0%bc%d0%b8%d0%bd%d0%b8%d0%b5%d0%b2%d1%8b%d1%85-%d0%ba%d0%be%d0%bc\/#primaryimage","url":"https:\/\/powerlinegrup.com\/wp-content\/uploads\/lepus-2.jpg","contentUrl":"https:\/\/powerlinegrup.com\/wp-content\/uploads\/lepus-2.jpg","width":1000,"height":1000},{"@type":"BreadcrumbList","@id":"https:\/\/powerlinegrup.com\/urun\/%d1%81%d1%82%d0%b0%d0%bd%d0%be%d0%ba-%d0%b4%d0%bb%d1%8f-%d0%be%d0%b1%d1%80%d0%b0%d0%b1%d0%be%d1%82%d0%ba%d0%b8-%d0%b0%d0%bb%d1%8e%d0%bc%d0%b8%d0%bd%d0%b8%d0%b5%d0%b2%d1%8b%d1%85-%d0%ba%d0%be%d0%bc\/#breadcrumb","itemListElement":[{"@type":"ListItem","position":1,"name":"Anasayfa","item":"https:\/\/powerlinegrup.com\/en\/"},{"@type":"ListItem","position":2,"name":"\u00dcr\u00fcnler","item":"https:\/\/powerlinegrup.com\/en\/urunler\/"},{"@type":"ListItem","position":3,"name":"\u0421\u0442\u0430\u043d\u043e\u043a \u0434\u043b\u044f \u043e\u0431\u0440\u0430\u0431\u043e\u0442\u043a\u0438 \u0430\u043b\u044e\u043c\u0438\u043d\u0438\u0435\u0432\u044b\u0445 \u043a\u043e\u043c\u043f\u043e\u0437\u0438\u0442\u043d\u044b\u0445 \u043f\u0430\u043d\u0435\u043b\u0435\u0439 \u0441 \u0427\u041f\u0423 LEPUS II"}]},{"@type":"WebSite","@id":"https:\/\/powerlinegrup.com\/#website","url":"https:\/\/powerlinegrup.com\/","name":"Powerline Grup","description":"","potentialAction":[{"@type":"SearchAction","target":{"@type":"EntryPoint","urlTemplate":"https:\/\/powerlinegrup.com\/?s={search_term_string}"},"query-input":{"@type":"PropertyValueSpecification","valueRequired":true,"valueName":"search_term_string"}}],"inLanguage":"en-US"}]}},"_links":{"self":[{"href":"https:\/\/powerlinegrup.com\/en\/wp-json\/wp\/v2\/product\/3160","targetHints":{"allow":["GET"]}}],"collection":[{"href":"https:\/\/powerlinegrup.com\/en\/wp-json\/wp\/v2\/product"}],"about":[{"href":"https:\/\/powerlinegrup.com\/en\/wp-json\/wp\/v2\/types\/product"}],"wp:featuredmedia":[{"embeddable":true,"href":"https:\/\/powerlinegrup.com\/en\/wp-json\/wp\/v2\/media\/2899"}],"wp:attachment":[{"href":"https:\/\/powerlinegrup.com\/en\/wp-json\/wp\/v2\/media?parent=3160"}],"wp:term":[{"taxonomy":"product_brand","embeddable":true,"href":"https:\/\/powerlinegrup.com\/en\/wp-json\/wp\/v2\/product_brand?post=3160"},{"taxonomy":"product_cat","embeddable":true,"href":"https:\/\/powerlinegrup.com\/en\/wp-json\/wp\/v2\/product_cat?post=3160"},{"taxonomy":"product_tag","embeddable":true,"href":"https:\/\/powerlinegrup.com\/en\/wp-json\/wp\/v2\/product_tag?post=3160"}],"curies":[{"name":"wp","href":"https:\/\/api.w.org\/{rel}","templated":true}]}}