{"id":3168,"date":"2023-10-20T09:20:19","date_gmt":"2023-10-20T06:20:19","guid":{"rendered":"https:\/\/powerlinegrup.com\/urun\/vega-ii-m-manuel-kesim-makinesi\/"},"modified":"2023-11-21T13:54:27","modified_gmt":"2023-11-21T10:54:27","slug":"vega-ii-m-%d0%bc%d0%b0%d0%bd%d1%83%d1%8d%d0%bb%d1%8c-%d0%ba%d0%b5%d1%81%d0%b8%d0%bc-%d0%bc%d0%b0%d0%ba%d0%b8%d0%bd%d0%b5%d1%81%d0%b8","status":"publish","type":"product","link":"https:\/\/powerlinegrup.com\/en\/urun\/vega-ii-m-%d0%bc%d0%b0%d0%bd%d1%83%d1%8d%d0%bb%d1%8c-%d0%ba%d0%b5%d1%81%d0%b8%d0%bc-%d0%bc%d0%b0%d0%ba%d0%b8%d0%bd%d0%b5%d1%81%d0%b8\/","title":{"rendered":"VEGA &#8211; II M \u041c\u0430\u043d\u0443\u044d\u043b\u044c \u041a\u0435\u0441\u0438\u043c \u041c\u0430\u043a\u0438\u043d\u0435\u0441\u0438"},"content":{"rendered":"<p><iframe loading=\"lazy\" title=\"YouTube video player\" src=\"https:\/\/www.youtube.com\/embed\/rhVGn5lg7Xc?si=6XK2DBc6qm7plZtV\" width=\"560\" height=\"315\" frameborder=\"0\" allowfullscreen=\"allowfullscreen\"><\/iframe><\/p>\n","protected":false},"excerpt":{"rendered":"<p><strong>Manuel Kesim Makinesi \u00d8 400 mm\u00a0<\/strong><\/p>\n<p>Al\u00fcminyum, plastik ve ah\u015fap profillerin kesim i\u015flemleri i\u00e7in kullan\u0131l\u0131r.<\/p>\n<ul>\n<li>\u00c7ift yay sistemi ve testere muhafazas\u0131 ile emniyetli kesim<\/li>\n<li>\u00a0Darbelere kar\u015f\u0131 dayan\u0131kl\u0131 d\u00f6k\u00fcm g\u00f6bek<\/li>\n<li>-45\u00b0 ve +45\u00b0 aras\u0131nda istenen t\u00fcm a\u00e7\u0131larda kesim<\/li>\n<li>Sa\u011fa ve sola 0\u00b0, 15\u00b0, 22,5\u00b0, 30\u00b0, 45\u00b0 sabit a\u00e7\u0131larda kesim<\/li>\n<li>Manuel kesim i\u015flemi ve \u00e7al\u0131\u015fma sistemi<\/li>\n<li>Pn\u00f6matik dikey ve yatay mengeneler<\/li>\n<\/ul>\n<p class=\"p1\"><div class=\"icon_box icon_position_ no_border\"><a class=\"\" href=\"https:\/\/powerlinegrup.com\/wp-content\/uploads\/VEGA-II-M-TR.pdf\" target=\"_blank\"  title=\"\"><div class=\"icon_wrapper\"><div class=\"icon\"><i class=\"icon-acrobat\" aria-hidden=\"true\"><\/i><\/div><\/div><div class=\"desc_wrapper\"><h4 class=\"title \">PDF OLARAK G\u00d6R\u00dcNT\u00dcLEMEK \u0130\u00c7\u0130N TIKLAYINIZ<\/h4><\/div><\/a><\/div>\n<\/p>\n","protected":false},"featured_media":2882,"template":"","meta":[],"product_brand":[],"product_cat":[35,115,116],"product_tag":[],"class_list":{"0":"post-3168","1":"product","2":"type-product","3":"status-publish","4":"has-post-thumbnail","6":"product_cat-genel","7":"product_cat-makine-ve-yardimci-gruplar","8":"product_cat-ozcelik-makine","10":"first","11":"instock","12":"shipping-taxable","13":"product-type-simple"},"yoast_head":"<!-- This site is optimized with the Yoast SEO plugin v25.4 - https:\/\/yoast.com\/wordpress\/plugins\/seo\/ -->\n<title>VEGA - II M \u041c\u0430\u043d\u0443\u044d\u043b\u044c \u041a\u0435\u0441\u0438\u043c \u041c\u0430\u043a\u0438\u043d\u0435\u0441\u0438 - Powerline Grup<\/title>\n<meta name=\"robots\" content=\"index, follow, max-snippet:-1, max-image-preview:large, max-video-preview:-1\" \/>\n<link rel=\"canonical\" href=\"https:\/\/powerlinegrup.com\/urun\/vega-ii-m-\u043c\u0430\u043d\u0443\u044d\u043b\u044c-\u043a\u0435\u0441\u0438\u043c-\u043c\u0430\u043a\u0438\u043d\u0435\u0441\u0438\/\" \/>\n<meta property=\"og:locale\" content=\"en_US\" \/>\n<meta property=\"og:type\" content=\"article\" \/>\n<meta property=\"og:title\" content=\"VEGA - II M \u041c\u0430\u043d\u0443\u044d\u043b\u044c \u041a\u0435\u0441\u0438\u043c \u041c\u0430\u043a\u0438\u043d\u0435\u0441\u0438 - Powerline Grup\" \/>\n<meta property=\"og:description\" content=\"Manuel Kesim Makinesi \u00d8 400 mm\u00a0  Al\u00fcminyum, plastik ve ah\u015fap profillerin kesim i\u015flemleri i\u00e7in kullan\u0131l\u0131r.   \u00c7ift yay sistemi ve testere muhafazas\u0131 ile emniyetli kesim  \u00a0Darbelere kar\u015f\u0131 dayan\u0131kl\u0131 d\u00f6k\u00fcm g\u00f6bek  -45\u00b0 ve +45\u00b0 aras\u0131nda istenen t\u00fcm a\u00e7\u0131larda kesim  Sa\u011fa ve sola 0\u00b0, 15\u00b0, 22,5\u00b0, 30\u00b0, 45\u00b0 sabit a\u00e7\u0131larda kesim  Manuel kesim i\u015flemi ve \u00e7al\u0131\u015fma sistemi  Pn\u00f6matik dikey ve yatay mengeneler\" \/>\n<meta property=\"og:url\" content=\"https:\/\/powerlinegrup.com\/urun\/vega-ii-m-\u043c\u0430\u043d\u0443\u044d\u043b\u044c-\u043a\u0435\u0441\u0438\u043c-\u043c\u0430\u043a\u0438\u043d\u0435\u0441\u0438\/\" \/>\n<meta property=\"og:site_name\" content=\"Powerline Grup\" \/>\n<meta property=\"article:modified_time\" content=\"2023-11-21T10:54:27+00:00\" \/>\n<meta property=\"og:image\" content=\"https:\/\/powerlinegrup.com\/wp-content\/uploads\/vega-2-m.jpg\" \/>\n\t<meta property=\"og:image:width\" content=\"1000\" \/>\n\t<meta property=\"og:image:height\" content=\"1000\" \/>\n\t<meta property=\"og:image:type\" content=\"image\/jpeg\" \/>\n<meta name=\"twitter:card\" content=\"summary_large_image\" \/>\n<script type=\"application\/ld+json\" class=\"yoast-schema-graph\">{\"@context\":\"https:\/\/schema.org\",\"@graph\":[{\"@type\":\"WebPage\",\"@id\":\"https:\/\/powerlinegrup.com\/urun\/vega-ii-m-%d0%bc%d0%b0%d0%bd%d1%83%d1%8d%d0%bb%d1%8c-%d0%ba%d0%b5%d1%81%d0%b8%d0%bc-%d0%bc%d0%b0%d0%ba%d0%b8%d0%bd%d0%b5%d1%81%d0%b8\/\",\"url\":\"https:\/\/powerlinegrup.com\/urun\/vega-ii-m-%d0%bc%d0%b0%d0%bd%d1%83%d1%8d%d0%bb%d1%8c-%d0%ba%d0%b5%d1%81%d0%b8%d0%bc-%d0%bc%d0%b0%d0%ba%d0%b8%d0%bd%d0%b5%d1%81%d0%b8\/\",\"name\":\"VEGA - II M \u041c\u0430\u043d\u0443\u044d\u043b\u044c \u041a\u0435\u0441\u0438\u043c \u041c\u0430\u043a\u0438\u043d\u0435\u0441\u0438 - Powerline Grup\",\"isPartOf\":{\"@id\":\"https:\/\/powerlinegrup.com\/#website\"},\"primaryImageOfPage\":{\"@id\":\"https:\/\/powerlinegrup.com\/urun\/vega-ii-m-%d0%bc%d0%b0%d0%bd%d1%83%d1%8d%d0%bb%d1%8c-%d0%ba%d0%b5%d1%81%d0%b8%d0%bc-%d0%bc%d0%b0%d0%ba%d0%b8%d0%bd%d0%b5%d1%81%d0%b8\/#primaryimage\"},\"image\":{\"@id\":\"https:\/\/powerlinegrup.com\/urun\/vega-ii-m-%d0%bc%d0%b0%d0%bd%d1%83%d1%8d%d0%bb%d1%8c-%d0%ba%d0%b5%d1%81%d0%b8%d0%bc-%d0%bc%d0%b0%d0%ba%d0%b8%d0%bd%d0%b5%d1%81%d0%b8\/#primaryimage\"},\"thumbnailUrl\":\"https:\/\/powerlinegrup.com\/wp-content\/uploads\/vega-2-m.jpg\",\"datePublished\":\"2023-10-20T06:20:19+00:00\",\"dateModified\":\"2023-11-21T10:54:27+00:00\",\"breadcrumb\":{\"@id\":\"https:\/\/powerlinegrup.com\/urun\/vega-ii-m-%d0%bc%d0%b0%d0%bd%d1%83%d1%8d%d0%bb%d1%8c-%d0%ba%d0%b5%d1%81%d0%b8%d0%bc-%d0%bc%d0%b0%d0%ba%d0%b8%d0%bd%d0%b5%d1%81%d0%b8\/#breadcrumb\"},\"inLanguage\":\"en-US\",\"potentialAction\":[{\"@type\":\"ReadAction\",\"target\":[\"https:\/\/powerlinegrup.com\/urun\/vega-ii-m-%d0%bc%d0%b0%d0%bd%d1%83%d1%8d%d0%bb%d1%8c-%d0%ba%d0%b5%d1%81%d0%b8%d0%bc-%d0%bc%d0%b0%d0%ba%d0%b8%d0%bd%d0%b5%d1%81%d0%b8\/\"]}]},{\"@type\":\"ImageObject\",\"inLanguage\":\"en-US\",\"@id\":\"https:\/\/powerlinegrup.com\/urun\/vega-ii-m-%d0%bc%d0%b0%d0%bd%d1%83%d1%8d%d0%bb%d1%8c-%d0%ba%d0%b5%d1%81%d0%b8%d0%bc-%d0%bc%d0%b0%d0%ba%d0%b8%d0%bd%d0%b5%d1%81%d0%b8\/#primaryimage\",\"url\":\"https:\/\/powerlinegrup.com\/wp-content\/uploads\/vega-2-m.jpg\",\"contentUrl\":\"https:\/\/powerlinegrup.com\/wp-content\/uploads\/vega-2-m.jpg\",\"width\":1000,\"height\":1000},{\"@type\":\"BreadcrumbList\",\"@id\":\"https:\/\/powerlinegrup.com\/urun\/vega-ii-m-%d0%bc%d0%b0%d0%bd%d1%83%d1%8d%d0%bb%d1%8c-%d0%ba%d0%b5%d1%81%d0%b8%d0%bc-%d0%bc%d0%b0%d0%ba%d0%b8%d0%bd%d0%b5%d1%81%d0%b8\/#breadcrumb\",\"itemListElement\":[{\"@type\":\"ListItem\",\"position\":1,\"name\":\"Anasayfa\",\"item\":\"https:\/\/powerlinegrup.com\/en\/\"},{\"@type\":\"ListItem\",\"position\":2,\"name\":\"\u00dcr\u00fcnler\",\"item\":\"https:\/\/powerlinegrup.com\/en\/urunler\/\"},{\"@type\":\"ListItem\",\"position\":3,\"name\":\"VEGA &#8211; II M \u041c\u0430\u043d\u0443\u044d\u043b\u044c \u041a\u0435\u0441\u0438\u043c \u041c\u0430\u043a\u0438\u043d\u0435\u0441\u0438\"}]},{\"@type\":\"WebSite\",\"@id\":\"https:\/\/powerlinegrup.com\/#website\",\"url\":\"https:\/\/powerlinegrup.com\/\",\"name\":\"Powerline Grup\",\"description\":\"\",\"potentialAction\":[{\"@type\":\"SearchAction\",\"target\":{\"@type\":\"EntryPoint\",\"urlTemplate\":\"https:\/\/powerlinegrup.com\/?s={search_term_string}\"},\"query-input\":{\"@type\":\"PropertyValueSpecification\",\"valueRequired\":true,\"valueName\":\"search_term_string\"}}],\"inLanguage\":\"en-US\"}]}<\/script>\n<!-- \/ Yoast SEO plugin. -->","yoast_head_json":{"title":"VEGA - II M \u041c\u0430\u043d\u0443\u044d\u043b\u044c \u041a\u0435\u0441\u0438\u043c \u041c\u0430\u043a\u0438\u043d\u0435\u0441\u0438 - Powerline Grup","robots":{"index":"index","follow":"follow","max-snippet":"max-snippet:-1","max-image-preview":"max-image-preview:large","max-video-preview":"max-video-preview:-1"},"canonical":"https:\/\/powerlinegrup.com\/urun\/vega-ii-m-\u043c\u0430\u043d\u0443\u044d\u043b\u044c-\u043a\u0435\u0441\u0438\u043c-\u043c\u0430\u043a\u0438\u043d\u0435\u0441\u0438\/","og_locale":"en_US","og_type":"article","og_title":"VEGA - II M \u041c\u0430\u043d\u0443\u044d\u043b\u044c \u041a\u0435\u0441\u0438\u043c \u041c\u0430\u043a\u0438\u043d\u0435\u0441\u0438 - Powerline Grup","og_description":"Manuel Kesim Makinesi \u00d8 400 mm\u00a0  Al\u00fcminyum, plastik ve ah\u015fap profillerin kesim i\u015flemleri i\u00e7in kullan\u0131l\u0131r.   \u00c7ift yay sistemi ve testere muhafazas\u0131 ile emniyetli kesim  \u00a0Darbelere kar\u015f\u0131 dayan\u0131kl\u0131 d\u00f6k\u00fcm g\u00f6bek  -45\u00b0 ve +45\u00b0 aras\u0131nda istenen t\u00fcm a\u00e7\u0131larda kesim  Sa\u011fa ve sola 0\u00b0, 15\u00b0, 22,5\u00b0, 30\u00b0, 45\u00b0 sabit a\u00e7\u0131larda kesim  Manuel kesim i\u015flemi ve \u00e7al\u0131\u015fma sistemi  Pn\u00f6matik dikey ve yatay mengeneler","og_url":"https:\/\/powerlinegrup.com\/urun\/vega-ii-m-\u043c\u0430\u043d\u0443\u044d\u043b\u044c-\u043a\u0435\u0441\u0438\u043c-\u043c\u0430\u043a\u0438\u043d\u0435\u0441\u0438\/","og_site_name":"Powerline Grup","article_modified_time":"2023-11-21T10:54:27+00:00","og_image":[{"width":1000,"height":1000,"url":"https:\/\/powerlinegrup.com\/wp-content\/uploads\/vega-2-m.jpg","type":"image\/jpeg"}],"twitter_card":"summary_large_image","schema":{"@context":"https:\/\/schema.org","@graph":[{"@type":"WebPage","@id":"https:\/\/powerlinegrup.com\/urun\/vega-ii-m-%d0%bc%d0%b0%d0%bd%d1%83%d1%8d%d0%bb%d1%8c-%d0%ba%d0%b5%d1%81%d0%b8%d0%bc-%d0%bc%d0%b0%d0%ba%d0%b8%d0%bd%d0%b5%d1%81%d0%b8\/","url":"https:\/\/powerlinegrup.com\/urun\/vega-ii-m-%d0%bc%d0%b0%d0%bd%d1%83%d1%8d%d0%bb%d1%8c-%d0%ba%d0%b5%d1%81%d0%b8%d0%bc-%d0%bc%d0%b0%d0%ba%d0%b8%d0%bd%d0%b5%d1%81%d0%b8\/","name":"VEGA - II M \u041c\u0430\u043d\u0443\u044d\u043b\u044c \u041a\u0435\u0441\u0438\u043c \u041c\u0430\u043a\u0438\u043d\u0435\u0441\u0438 - Powerline Grup","isPartOf":{"@id":"https:\/\/powerlinegrup.com\/#website"},"primaryImageOfPage":{"@id":"https:\/\/powerlinegrup.com\/urun\/vega-ii-m-%d0%bc%d0%b0%d0%bd%d1%83%d1%8d%d0%bb%d1%8c-%d0%ba%d0%b5%d1%81%d0%b8%d0%bc-%d0%bc%d0%b0%d0%ba%d0%b8%d0%bd%d0%b5%d1%81%d0%b8\/#primaryimage"},"image":{"@id":"https:\/\/powerlinegrup.com\/urun\/vega-ii-m-%d0%bc%d0%b0%d0%bd%d1%83%d1%8d%d0%bb%d1%8c-%d0%ba%d0%b5%d1%81%d0%b8%d0%bc-%d0%bc%d0%b0%d0%ba%d0%b8%d0%bd%d0%b5%d1%81%d0%b8\/#primaryimage"},"thumbnailUrl":"https:\/\/powerlinegrup.com\/wp-content\/uploads\/vega-2-m.jpg","datePublished":"2023-10-20T06:20:19+00:00","dateModified":"2023-11-21T10:54:27+00:00","breadcrumb":{"@id":"https:\/\/powerlinegrup.com\/urun\/vega-ii-m-%d0%bc%d0%b0%d0%bd%d1%83%d1%8d%d0%bb%d1%8c-%d0%ba%d0%b5%d1%81%d0%b8%d0%bc-%d0%bc%d0%b0%d0%ba%d0%b8%d0%bd%d0%b5%d1%81%d0%b8\/#breadcrumb"},"inLanguage":"en-US","potentialAction":[{"@type":"ReadAction","target":["https:\/\/powerlinegrup.com\/urun\/vega-ii-m-%d0%bc%d0%b0%d0%bd%d1%83%d1%8d%d0%bb%d1%8c-%d0%ba%d0%b5%d1%81%d0%b8%d0%bc-%d0%bc%d0%b0%d0%ba%d0%b8%d0%bd%d0%b5%d1%81%d0%b8\/"]}]},{"@type":"ImageObject","inLanguage":"en-US","@id":"https:\/\/powerlinegrup.com\/urun\/vega-ii-m-%d0%bc%d0%b0%d0%bd%d1%83%d1%8d%d0%bb%d1%8c-%d0%ba%d0%b5%d1%81%d0%b8%d0%bc-%d0%bc%d0%b0%d0%ba%d0%b8%d0%bd%d0%b5%d1%81%d0%b8\/#primaryimage","url":"https:\/\/powerlinegrup.com\/wp-content\/uploads\/vega-2-m.jpg","contentUrl":"https:\/\/powerlinegrup.com\/wp-content\/uploads\/vega-2-m.jpg","width":1000,"height":1000},{"@type":"BreadcrumbList","@id":"https:\/\/powerlinegrup.com\/urun\/vega-ii-m-%d0%bc%d0%b0%d0%bd%d1%83%d1%8d%d0%bb%d1%8c-%d0%ba%d0%b5%d1%81%d0%b8%d0%bc-%d0%bc%d0%b0%d0%ba%d0%b8%d0%bd%d0%b5%d1%81%d0%b8\/#breadcrumb","itemListElement":[{"@type":"ListItem","position":1,"name":"Anasayfa","item":"https:\/\/powerlinegrup.com\/en\/"},{"@type":"ListItem","position":2,"name":"\u00dcr\u00fcnler","item":"https:\/\/powerlinegrup.com\/en\/urunler\/"},{"@type":"ListItem","position":3,"name":"VEGA &#8211; II M \u041c\u0430\u043d\u0443\u044d\u043b\u044c \u041a\u0435\u0441\u0438\u043c \u041c\u0430\u043a\u0438\u043d\u0435\u0441\u0438"}]},{"@type":"WebSite","@id":"https:\/\/powerlinegrup.com\/#website","url":"https:\/\/powerlinegrup.com\/","name":"Powerline Grup","description":"","potentialAction":[{"@type":"SearchAction","target":{"@type":"EntryPoint","urlTemplate":"https:\/\/powerlinegrup.com\/?s={search_term_string}"},"query-input":{"@type":"PropertyValueSpecification","valueRequired":true,"valueName":"search_term_string"}}],"inLanguage":"en-US"}]}},"_links":{"self":[{"href":"https:\/\/powerlinegrup.com\/en\/wp-json\/wp\/v2\/product\/3168","targetHints":{"allow":["GET"]}}],"collection":[{"href":"https:\/\/powerlinegrup.com\/en\/wp-json\/wp\/v2\/product"}],"about":[{"href":"https:\/\/powerlinegrup.com\/en\/wp-json\/wp\/v2\/types\/product"}],"wp:featuredmedia":[{"embeddable":true,"href":"https:\/\/powerlinegrup.com\/en\/wp-json\/wp\/v2\/media\/2882"}],"wp:attachment":[{"href":"https:\/\/powerlinegrup.com\/en\/wp-json\/wp\/v2\/media?parent=3168"}],"wp:term":[{"taxonomy":"product_brand","embeddable":true,"href":"https:\/\/powerlinegrup.com\/en\/wp-json\/wp\/v2\/product_brand?post=3168"},{"taxonomy":"product_cat","embeddable":true,"href":"https:\/\/powerlinegrup.com\/en\/wp-json\/wp\/v2\/product_cat?post=3168"},{"taxonomy":"product_tag","embeddable":true,"href":"https:\/\/powerlinegrup.com\/en\/wp-json\/wp\/v2\/product_tag?post=3168"}],"curies":[{"name":"wp","href":"https:\/\/api.w.org\/{rel}","templated":true}]}}