{"id":3291,"date":"2023-10-03T17:11:52","date_gmt":"2023-10-03T14:11:52","guid":{"rendered":"https:\/\/powerlinegrup.com\/urun\/speed-5500-mtb-motorlu-pvc-kemer-bukme-makinesi\/"},"modified":"2023-10-30T15:04:06","modified_gmt":"2023-10-30T12:04:06","slug":"speed-5500-mtb-motorized-pvc-arch-bending-machine","status":"publish","type":"product","link":"https:\/\/powerlinegrup.com\/en\/urun\/speed-5500-mtb-motorized-pvc-arch-bending-machine\/","title":{"rendered":"SPEED 5500 MTB Motorized PVC Arch Bending Machine"},"content":{"rendered":"","protected":false},"excerpt":{"rendered":"<ul>\n<li>Makine ile birlikte verilen standart b\u00fckme kal\u0131plar\u0131<\/li>\n<li>6 metre uzunlu\u011funda gliserini bulunduran \u0131s\u0131t\u0131c\u0131 tank<\/li>\n<li>D\u00fcz bacakl\u0131 b\u00fck\u00fcmleri olu\u015fturan yan uzatmalar ( 2 adet \u015fenkil )<\/li>\n<li>\u0130stenilen b\u00fck\u00fcm\u00fcn yap\u0131m\u0131n\u0131 sa\u011flayan masa ve kal\u0131p tutucu kelep\u00e7eler<\/li>\n<li>Profilin b\u00fck\u00fcm\u00fcnde kolayl\u0131k sa\u011flayan \u00e7ekme motor ( konsol)<\/li>\n<\/ul>\n<div class=\"icon_box icon_position_ no_border\"><a class=\"\" href=\"https:\/\/powerlinegrup.com\/wp-content\/uploads\/SPEED-5500-MTB-1.pdf\" target=\"_blank\"  title=\"\"><div class=\"icon_wrapper\"><div class=\"icon\"><i class=\"icon-acrobat\" aria-hidden=\"true\"><\/i><\/div><\/div><div class=\"desc_wrapper\"><h4 class=\"title \">PDF OLARAK G\u00d6R\u00dcNT\u00dcLEMEK \u0130\u00c7\u0130N TIKLAYINIZ<\/h4><\/div><\/a><\/div>\n\n","protected":false},"featured_media":2035,"template":"","meta":[],"product_brand":[],"product_cat":[166],"product_tag":[],"class_list":{"0":"post-3291","1":"product","2":"type-product","3":"status-publish","4":"has-post-thumbnail","6":"product_cat-bukum-makinalari","8":"first","9":"instock","10":"shipping-taxable","11":"product-type-simple"},"yoast_head":"<!-- This site is optimized with the Yoast SEO plugin v25.4 - https:\/\/yoast.com\/wordpress\/plugins\/seo\/ -->\n<title>SPEED 5500 MTB Motorized PVC Arch Bending Machine - Powerline Grup<\/title>\n<meta name=\"robots\" content=\"index, follow, max-snippet:-1, max-image-preview:large, max-video-preview:-1\" \/>\n<link rel=\"canonical\" href=\"https:\/\/powerlinegrup.com\/urun\/speed-5500-mtb-motorlu-pvc-kemer-bukme-makinesi\/\" \/>\n<meta property=\"og:locale\" content=\"en_US\" \/>\n<meta property=\"og:type\" content=\"article\" \/>\n<meta property=\"og:title\" content=\"SPEED 5500 MTB Motorized PVC Arch Bending Machine - Powerline Grup\" \/>\n<meta property=\"og:description\" content=\"Makine ile birlikte verilen standart b\u00fckme kal\u0131plar\u0131  6 metre uzunlu\u011funda gliserini bulunduran \u0131s\u0131t\u0131c\u0131 tank  D\u00fcz bacakl\u0131 b\u00fck\u00fcmleri olu\u015fturan yan uzatmalar ( 2 adet \u015fenkil )  \u0130stenilen b\u00fck\u00fcm\u00fcn yap\u0131m\u0131n\u0131 sa\u011flayan masa ve kal\u0131p tutucu kelep\u00e7eler  Profilin b\u00fck\u00fcm\u00fcnde kolayl\u0131k sa\u011flayan \u00e7ekme motor ( konsol)\" \/>\n<meta property=\"og:url\" content=\"https:\/\/powerlinegrup.com\/urun\/speed-5500-mtb-motorlu-pvc-kemer-bukme-makinesi\/\" \/>\n<meta property=\"og:site_name\" content=\"Powerline Grup\" \/>\n<meta property=\"article:modified_time\" content=\"2023-10-30T12:04:06+00:00\" \/>\n<meta property=\"og:image\" content=\"https:\/\/powerlinegrup.com\/wp-content\/uploads\/SPEED-5500-MTB-Motorlu-PVC-Kemer-Bu\u0308kme-Makinesi-.jpg\" \/>\n\t<meta property=\"og:image:width\" content=\"1000\" \/>\n\t<meta property=\"og:image:height\" content=\"1000\" \/>\n\t<meta property=\"og:image:type\" content=\"image\/jpeg\" \/>\n<meta name=\"twitter:card\" content=\"summary_large_image\" \/>\n<script type=\"application\/ld+json\" class=\"yoast-schema-graph\">{\"@context\":\"https:\/\/schema.org\",\"@graph\":[{\"@type\":\"WebPage\",\"@id\":\"https:\/\/powerlinegrup.com\/urun\/speed-5500-mtb-motorlu-pvc-kemer-bukme-makinesi\/\",\"url\":\"https:\/\/powerlinegrup.com\/urun\/speed-5500-mtb-motorlu-pvc-kemer-bukme-makinesi\/\",\"name\":\"SPEED 5500 MTB Motorized PVC Arch Bending Machine - Powerline Grup\",\"isPartOf\":{\"@id\":\"https:\/\/powerlinegrup.com\/#website\"},\"primaryImageOfPage\":{\"@id\":\"https:\/\/powerlinegrup.com\/urun\/speed-5500-mtb-motorlu-pvc-kemer-bukme-makinesi\/#primaryimage\"},\"image\":{\"@id\":\"https:\/\/powerlinegrup.com\/urun\/speed-5500-mtb-motorlu-pvc-kemer-bukme-makinesi\/#primaryimage\"},\"thumbnailUrl\":\"https:\/\/powerlinegrup.com\/wp-content\/uploads\/SPEED-5500-MTB-Motorlu-PVC-Kemer-Bu\u0308kme-Makinesi-.jpg\",\"datePublished\":\"2023-10-03T14:11:52+00:00\",\"dateModified\":\"2023-10-30T12:04:06+00:00\",\"breadcrumb\":{\"@id\":\"https:\/\/powerlinegrup.com\/urun\/speed-5500-mtb-motorlu-pvc-kemer-bukme-makinesi\/#breadcrumb\"},\"inLanguage\":\"en-US\",\"potentialAction\":[{\"@type\":\"ReadAction\",\"target\":[\"https:\/\/powerlinegrup.com\/urun\/speed-5500-mtb-motorlu-pvc-kemer-bukme-makinesi\/\"]}]},{\"@type\":\"ImageObject\",\"inLanguage\":\"en-US\",\"@id\":\"https:\/\/powerlinegrup.com\/urun\/speed-5500-mtb-motorlu-pvc-kemer-bukme-makinesi\/#primaryimage\",\"url\":\"https:\/\/powerlinegrup.com\/wp-content\/uploads\/SPEED-5500-MTB-Motorlu-PVC-Kemer-Bu\u0308kme-Makinesi-.jpg\",\"contentUrl\":\"https:\/\/powerlinegrup.com\/wp-content\/uploads\/SPEED-5500-MTB-Motorlu-PVC-Kemer-Bu\u0308kme-Makinesi-.jpg\",\"width\":1000,\"height\":1000},{\"@type\":\"BreadcrumbList\",\"@id\":\"https:\/\/powerlinegrup.com\/urun\/speed-5500-mtb-motorlu-pvc-kemer-bukme-makinesi\/#breadcrumb\",\"itemListElement\":[{\"@type\":\"ListItem\",\"position\":1,\"name\":\"Anasayfa\",\"item\":\"https:\/\/powerlinegrup.com\/en\/\"},{\"@type\":\"ListItem\",\"position\":2,\"name\":\"\u00dcr\u00fcnler\",\"item\":\"https:\/\/powerlinegrup.com\/en\/urunler\/\"},{\"@type\":\"ListItem\",\"position\":3,\"name\":\"SPEED 5500 MTB Motorized PVC Arch Bending Machine\"}]},{\"@type\":\"WebSite\",\"@id\":\"https:\/\/powerlinegrup.com\/#website\",\"url\":\"https:\/\/powerlinegrup.com\/\",\"name\":\"Powerline Grup\",\"description\":\"\",\"potentialAction\":[{\"@type\":\"SearchAction\",\"target\":{\"@type\":\"EntryPoint\",\"urlTemplate\":\"https:\/\/powerlinegrup.com\/?s={search_term_string}\"},\"query-input\":{\"@type\":\"PropertyValueSpecification\",\"valueRequired\":true,\"valueName\":\"search_term_string\"}}],\"inLanguage\":\"en-US\"}]}<\/script>\n<!-- \/ Yoast SEO plugin. -->","yoast_head_json":{"title":"SPEED 5500 MTB Motorized PVC Arch Bending Machine - Powerline Grup","robots":{"index":"index","follow":"follow","max-snippet":"max-snippet:-1","max-image-preview":"max-image-preview:large","max-video-preview":"max-video-preview:-1"},"canonical":"https:\/\/powerlinegrup.com\/urun\/speed-5500-mtb-motorlu-pvc-kemer-bukme-makinesi\/","og_locale":"en_US","og_type":"article","og_title":"SPEED 5500 MTB Motorized PVC Arch Bending Machine - Powerline Grup","og_description":"Makine ile birlikte verilen standart b\u00fckme kal\u0131plar\u0131  6 metre uzunlu\u011funda gliserini bulunduran \u0131s\u0131t\u0131c\u0131 tank  D\u00fcz bacakl\u0131 b\u00fck\u00fcmleri olu\u015fturan yan uzatmalar ( 2 adet \u015fenkil )  \u0130stenilen b\u00fck\u00fcm\u00fcn yap\u0131m\u0131n\u0131 sa\u011flayan masa ve kal\u0131p tutucu kelep\u00e7eler  Profilin b\u00fck\u00fcm\u00fcnde kolayl\u0131k sa\u011flayan \u00e7ekme motor ( konsol)","og_url":"https:\/\/powerlinegrup.com\/urun\/speed-5500-mtb-motorlu-pvc-kemer-bukme-makinesi\/","og_site_name":"Powerline Grup","article_modified_time":"2023-10-30T12:04:06+00:00","og_image":[{"width":1000,"height":1000,"url":"https:\/\/powerlinegrup.com\/wp-content\/uploads\/SPEED-5500-MTB-Motorlu-PVC-Kemer-Bu\u0308kme-Makinesi-.jpg","type":"image\/jpeg"}],"twitter_card":"summary_large_image","schema":{"@context":"https:\/\/schema.org","@graph":[{"@type":"WebPage","@id":"https:\/\/powerlinegrup.com\/urun\/speed-5500-mtb-motorlu-pvc-kemer-bukme-makinesi\/","url":"https:\/\/powerlinegrup.com\/urun\/speed-5500-mtb-motorlu-pvc-kemer-bukme-makinesi\/","name":"SPEED 5500 MTB Motorized PVC Arch Bending Machine - Powerline Grup","isPartOf":{"@id":"https:\/\/powerlinegrup.com\/#website"},"primaryImageOfPage":{"@id":"https:\/\/powerlinegrup.com\/urun\/speed-5500-mtb-motorlu-pvc-kemer-bukme-makinesi\/#primaryimage"},"image":{"@id":"https:\/\/powerlinegrup.com\/urun\/speed-5500-mtb-motorlu-pvc-kemer-bukme-makinesi\/#primaryimage"},"thumbnailUrl":"https:\/\/powerlinegrup.com\/wp-content\/uploads\/SPEED-5500-MTB-Motorlu-PVC-Kemer-Bu\u0308kme-Makinesi-.jpg","datePublished":"2023-10-03T14:11:52+00:00","dateModified":"2023-10-30T12:04:06+00:00","breadcrumb":{"@id":"https:\/\/powerlinegrup.com\/urun\/speed-5500-mtb-motorlu-pvc-kemer-bukme-makinesi\/#breadcrumb"},"inLanguage":"en-US","potentialAction":[{"@type":"ReadAction","target":["https:\/\/powerlinegrup.com\/urun\/speed-5500-mtb-motorlu-pvc-kemer-bukme-makinesi\/"]}]},{"@type":"ImageObject","inLanguage":"en-US","@id":"https:\/\/powerlinegrup.com\/urun\/speed-5500-mtb-motorlu-pvc-kemer-bukme-makinesi\/#primaryimage","url":"https:\/\/powerlinegrup.com\/wp-content\/uploads\/SPEED-5500-MTB-Motorlu-PVC-Kemer-Bu\u0308kme-Makinesi-.jpg","contentUrl":"https:\/\/powerlinegrup.com\/wp-content\/uploads\/SPEED-5500-MTB-Motorlu-PVC-Kemer-Bu\u0308kme-Makinesi-.jpg","width":1000,"height":1000},{"@type":"BreadcrumbList","@id":"https:\/\/powerlinegrup.com\/urun\/speed-5500-mtb-motorlu-pvc-kemer-bukme-makinesi\/#breadcrumb","itemListElement":[{"@type":"ListItem","position":1,"name":"Anasayfa","item":"https:\/\/powerlinegrup.com\/en\/"},{"@type":"ListItem","position":2,"name":"\u00dcr\u00fcnler","item":"https:\/\/powerlinegrup.com\/en\/urunler\/"},{"@type":"ListItem","position":3,"name":"SPEED 5500 MTB Motorized PVC Arch Bending Machine"}]},{"@type":"WebSite","@id":"https:\/\/powerlinegrup.com\/#website","url":"https:\/\/powerlinegrup.com\/","name":"Powerline Grup","description":"","potentialAction":[{"@type":"SearchAction","target":{"@type":"EntryPoint","urlTemplate":"https:\/\/powerlinegrup.com\/?s={search_term_string}"},"query-input":{"@type":"PropertyValueSpecification","valueRequired":true,"valueName":"search_term_string"}}],"inLanguage":"en-US"}]}},"_links":{"self":[{"href":"https:\/\/powerlinegrup.com\/en\/wp-json\/wp\/v2\/product\/3291","targetHints":{"allow":["GET"]}}],"collection":[{"href":"https:\/\/powerlinegrup.com\/en\/wp-json\/wp\/v2\/product"}],"about":[{"href":"https:\/\/powerlinegrup.com\/en\/wp-json\/wp\/v2\/types\/product"}],"wp:featuredmedia":[{"embeddable":true,"href":"https:\/\/powerlinegrup.com\/en\/wp-json\/wp\/v2\/media\/2035"}],"wp:attachment":[{"href":"https:\/\/powerlinegrup.com\/en\/wp-json\/wp\/v2\/media?parent=3291"}],"wp:term":[{"taxonomy":"product_brand","embeddable":true,"href":"https:\/\/powerlinegrup.com\/en\/wp-json\/wp\/v2\/product_brand?post=3291"},{"taxonomy":"product_cat","embeddable":true,"href":"https:\/\/powerlinegrup.com\/en\/wp-json\/wp\/v2\/product_cat?post=3291"},{"taxonomy":"product_tag","embeddable":true,"href":"https:\/\/powerlinegrup.com\/en\/wp-json\/wp\/v2\/product_tag?post=3291"}],"curies":[{"name":"wp","href":"https:\/\/api.w.org\/{rel}","templated":true}]}}