{"id":3294,"date":"2023-10-03T17:03:21","date_gmt":"2023-10-03T14:03:21","guid":{"rendered":"https:\/\/powerlinegrup.com\/urun\/pk-30-f-aluminyum-profil-ve-boru-bukme-makinasi\/"},"modified":"2023-10-30T15:20:31","modified_gmt":"2023-10-30T12:20:31","slug":"pk-30-f-aluminum-profile-and-pipe-bending-machine","status":"publish","type":"product","link":"https:\/\/powerlinegrup.com\/en\/urun\/pk-30-f-aluminum-profile-and-pipe-bending-machine\/","title":{"rendered":"PK 30 F Aluminum Profile and Pipe Bending Machine"},"content":{"rendered":"","protected":false},"excerpt":{"rendered":"<ul class=\"teknik_rakam\">\n<li>\u00c7elik g\u00f6vde<\/li>\n<li>2 alt vals topu di\u015fli sistemle tahrik edilmi\u015ftir<\/li>\n<li>Red\u00fckt\u00f6rden direkt di\u015fli sistemi ile tahrik edilmi\u015ftir<\/li>\n<li>\u00dcst mil bo\u015fta hareket etmektedir<\/li>\n<li>Vals toplar\u0131 sertle\u015ftirilmi\u015ftir<\/li>\n<li>Vals milleri \u00f6zel \u00e7elikten, sertle\u015ftirilmi\u015f ve ta\u015flanm\u0131\u015ft\u0131r<\/li>\n<li>\u00c7ift h\u0131zl\u0131 motor<\/li>\n<li>Standart vals toplar\u0131<\/li>\n<li>Ayarlanabilir yan dayamalar<\/li>\n<li>Yatay ve dikey \u00e7al\u0131\u015fma imkan\u0131<\/li>\n<\/ul>\n<div class=\"icon_box icon_position_ no_border\"><a class=\"\" href=\"https:\/\/powerlinegrup.com\/wp-content\/uploads\/pk30.pdf\" target=\"_blank\"  title=\"\"><div class=\"icon_wrapper\"><div class=\"icon\"><i class=\"icon-acrobat\" aria-hidden=\"true\"><\/i><\/div><\/div><div class=\"desc_wrapper\"><h4 class=\"title \">PDF OLARAK G\u00d6R\u00dcNT\u00dcLEMEK \u0130\u00c7\u0130N TIKLAYINIZ<\/h4><\/div><\/a><\/div>\n\n","protected":false},"featured_media":2027,"template":"","meta":[],"product_brand":[],"product_cat":[166],"product_tag":[],"class_list":{"0":"post-3294","1":"product","2":"type-product","3":"status-publish","4":"has-post-thumbnail","6":"product_cat-bukum-makinalari","8":"first","9":"instock","10":"shipping-taxable","11":"product-type-simple"},"yoast_head":"<!-- This site is optimized with the Yoast SEO plugin v25.4 - https:\/\/yoast.com\/wordpress\/plugins\/seo\/ -->\n<title>PK 30 F Aluminum Profile and Pipe Bending Machine - Powerline Grup<\/title>\n<meta name=\"robots\" content=\"index, follow, max-snippet:-1, max-image-preview:large, max-video-preview:-1\" \/>\n<link rel=\"canonical\" href=\"https:\/\/powerlinegrup.com\/urun\/pk-30-f-aluminyum-profil-ve-boru-bukme-makinasi\/\" \/>\n<meta property=\"og:locale\" content=\"en_US\" \/>\n<meta property=\"og:type\" content=\"article\" \/>\n<meta property=\"og:title\" content=\"PK 30 F Aluminum Profile and Pipe Bending Machine - Powerline Grup\" \/>\n<meta property=\"og:description\" content=\"\u00c7elik g\u00f6vde  2 alt vals topu di\u015fli sistemle tahrik edilmi\u015ftir  Red\u00fckt\u00f6rden direkt di\u015fli sistemi ile tahrik edilmi\u015ftir  \u00dcst mil bo\u015fta hareket etmektedir  Vals toplar\u0131 sertle\u015ftirilmi\u015ftir  Vals milleri \u00f6zel \u00e7elikten, sertle\u015ftirilmi\u015f ve ta\u015flanm\u0131\u015ft\u0131r  \u00c7ift h\u0131zl\u0131 motor  Standart vals toplar\u0131  Ayarlanabilir yan dayamalar  Yatay ve dikey \u00e7al\u0131\u015fma imkan\u0131\" \/>\n<meta property=\"og:url\" content=\"https:\/\/powerlinegrup.com\/urun\/pk-30-f-aluminyum-profil-ve-boru-bukme-makinasi\/\" \/>\n<meta property=\"og:site_name\" content=\"Powerline Grup\" \/>\n<meta property=\"article:modified_time\" content=\"2023-10-30T12:20:31+00:00\" \/>\n<meta property=\"og:image\" content=\"https:\/\/powerlinegrup.com\/wp-content\/uploads\/PK-30-F-Alu\u0308minyum-Profil-ve-Boru-Bu\u0308kme-Makinasi.jpg\" \/>\n\t<meta property=\"og:image:width\" content=\"1000\" \/>\n\t<meta property=\"og:image:height\" content=\"1000\" \/>\n\t<meta property=\"og:image:type\" content=\"image\/jpeg\" \/>\n<meta name=\"twitter:card\" content=\"summary_large_image\" \/>\n<script type=\"application\/ld+json\" class=\"yoast-schema-graph\">{\"@context\":\"https:\/\/schema.org\",\"@graph\":[{\"@type\":\"WebPage\",\"@id\":\"https:\/\/powerlinegrup.com\/urun\/pk-30-f-aluminyum-profil-ve-boru-bukme-makinasi\/\",\"url\":\"https:\/\/powerlinegrup.com\/urun\/pk-30-f-aluminyum-profil-ve-boru-bukme-makinasi\/\",\"name\":\"PK 30 F Aluminum Profile and Pipe Bending Machine - Powerline Grup\",\"isPartOf\":{\"@id\":\"https:\/\/powerlinegrup.com\/#website\"},\"primaryImageOfPage\":{\"@id\":\"https:\/\/powerlinegrup.com\/urun\/pk-30-f-aluminyum-profil-ve-boru-bukme-makinasi\/#primaryimage\"},\"image\":{\"@id\":\"https:\/\/powerlinegrup.com\/urun\/pk-30-f-aluminyum-profil-ve-boru-bukme-makinasi\/#primaryimage\"},\"thumbnailUrl\":\"https:\/\/powerlinegrup.com\/wp-content\/uploads\/PK-30-F-Alu\u0308minyum-Profil-ve-Boru-Bu\u0308kme-Makinasi.jpg\",\"datePublished\":\"2023-10-03T14:03:21+00:00\",\"dateModified\":\"2023-10-30T12:20:31+00:00\",\"breadcrumb\":{\"@id\":\"https:\/\/powerlinegrup.com\/urun\/pk-30-f-aluminyum-profil-ve-boru-bukme-makinasi\/#breadcrumb\"},\"inLanguage\":\"en-US\",\"potentialAction\":[{\"@type\":\"ReadAction\",\"target\":[\"https:\/\/powerlinegrup.com\/urun\/pk-30-f-aluminyum-profil-ve-boru-bukme-makinasi\/\"]}]},{\"@type\":\"ImageObject\",\"inLanguage\":\"en-US\",\"@id\":\"https:\/\/powerlinegrup.com\/urun\/pk-30-f-aluminyum-profil-ve-boru-bukme-makinasi\/#primaryimage\",\"url\":\"https:\/\/powerlinegrup.com\/wp-content\/uploads\/PK-30-F-Alu\u0308minyum-Profil-ve-Boru-Bu\u0308kme-Makinasi.jpg\",\"contentUrl\":\"https:\/\/powerlinegrup.com\/wp-content\/uploads\/PK-30-F-Alu\u0308minyum-Profil-ve-Boru-Bu\u0308kme-Makinasi.jpg\",\"width\":1000,\"height\":1000},{\"@type\":\"BreadcrumbList\",\"@id\":\"https:\/\/powerlinegrup.com\/urun\/pk-30-f-aluminyum-profil-ve-boru-bukme-makinasi\/#breadcrumb\",\"itemListElement\":[{\"@type\":\"ListItem\",\"position\":1,\"name\":\"Anasayfa\",\"item\":\"https:\/\/powerlinegrup.com\/en\/\"},{\"@type\":\"ListItem\",\"position\":2,\"name\":\"\u00dcr\u00fcnler\",\"item\":\"https:\/\/powerlinegrup.com\/en\/urunler\/\"},{\"@type\":\"ListItem\",\"position\":3,\"name\":\"PK 30 F Aluminum Profile and Pipe Bending Machine\"}]},{\"@type\":\"WebSite\",\"@id\":\"https:\/\/powerlinegrup.com\/#website\",\"url\":\"https:\/\/powerlinegrup.com\/\",\"name\":\"Powerline Grup\",\"description\":\"\",\"potentialAction\":[{\"@type\":\"SearchAction\",\"target\":{\"@type\":\"EntryPoint\",\"urlTemplate\":\"https:\/\/powerlinegrup.com\/?s={search_term_string}\"},\"query-input\":{\"@type\":\"PropertyValueSpecification\",\"valueRequired\":true,\"valueName\":\"search_term_string\"}}],\"inLanguage\":\"en-US\"}]}<\/script>\n<!-- \/ Yoast SEO plugin. -->","yoast_head_json":{"title":"PK 30 F Aluminum Profile and Pipe Bending Machine - Powerline Grup","robots":{"index":"index","follow":"follow","max-snippet":"max-snippet:-1","max-image-preview":"max-image-preview:large","max-video-preview":"max-video-preview:-1"},"canonical":"https:\/\/powerlinegrup.com\/urun\/pk-30-f-aluminyum-profil-ve-boru-bukme-makinasi\/","og_locale":"en_US","og_type":"article","og_title":"PK 30 F Aluminum Profile and Pipe Bending Machine - Powerline Grup","og_description":"\u00c7elik g\u00f6vde  2 alt vals topu di\u015fli sistemle tahrik edilmi\u015ftir  Red\u00fckt\u00f6rden direkt di\u015fli sistemi ile tahrik edilmi\u015ftir  \u00dcst mil bo\u015fta hareket etmektedir  Vals toplar\u0131 sertle\u015ftirilmi\u015ftir  Vals milleri \u00f6zel \u00e7elikten, sertle\u015ftirilmi\u015f ve ta\u015flanm\u0131\u015ft\u0131r  \u00c7ift h\u0131zl\u0131 motor  Standart vals toplar\u0131  Ayarlanabilir yan dayamalar  Yatay ve dikey \u00e7al\u0131\u015fma imkan\u0131","og_url":"https:\/\/powerlinegrup.com\/urun\/pk-30-f-aluminyum-profil-ve-boru-bukme-makinasi\/","og_site_name":"Powerline Grup","article_modified_time":"2023-10-30T12:20:31+00:00","og_image":[{"width":1000,"height":1000,"url":"https:\/\/powerlinegrup.com\/wp-content\/uploads\/PK-30-F-Alu\u0308minyum-Profil-ve-Boru-Bu\u0308kme-Makinasi.jpg","type":"image\/jpeg"}],"twitter_card":"summary_large_image","schema":{"@context":"https:\/\/schema.org","@graph":[{"@type":"WebPage","@id":"https:\/\/powerlinegrup.com\/urun\/pk-30-f-aluminyum-profil-ve-boru-bukme-makinasi\/","url":"https:\/\/powerlinegrup.com\/urun\/pk-30-f-aluminyum-profil-ve-boru-bukme-makinasi\/","name":"PK 30 F Aluminum Profile and Pipe Bending Machine - Powerline Grup","isPartOf":{"@id":"https:\/\/powerlinegrup.com\/#website"},"primaryImageOfPage":{"@id":"https:\/\/powerlinegrup.com\/urun\/pk-30-f-aluminyum-profil-ve-boru-bukme-makinasi\/#primaryimage"},"image":{"@id":"https:\/\/powerlinegrup.com\/urun\/pk-30-f-aluminyum-profil-ve-boru-bukme-makinasi\/#primaryimage"},"thumbnailUrl":"https:\/\/powerlinegrup.com\/wp-content\/uploads\/PK-30-F-Alu\u0308minyum-Profil-ve-Boru-Bu\u0308kme-Makinasi.jpg","datePublished":"2023-10-03T14:03:21+00:00","dateModified":"2023-10-30T12:20:31+00:00","breadcrumb":{"@id":"https:\/\/powerlinegrup.com\/urun\/pk-30-f-aluminyum-profil-ve-boru-bukme-makinasi\/#breadcrumb"},"inLanguage":"en-US","potentialAction":[{"@type":"ReadAction","target":["https:\/\/powerlinegrup.com\/urun\/pk-30-f-aluminyum-profil-ve-boru-bukme-makinasi\/"]}]},{"@type":"ImageObject","inLanguage":"en-US","@id":"https:\/\/powerlinegrup.com\/urun\/pk-30-f-aluminyum-profil-ve-boru-bukme-makinasi\/#primaryimage","url":"https:\/\/powerlinegrup.com\/wp-content\/uploads\/PK-30-F-Alu\u0308minyum-Profil-ve-Boru-Bu\u0308kme-Makinasi.jpg","contentUrl":"https:\/\/powerlinegrup.com\/wp-content\/uploads\/PK-30-F-Alu\u0308minyum-Profil-ve-Boru-Bu\u0308kme-Makinasi.jpg","width":1000,"height":1000},{"@type":"BreadcrumbList","@id":"https:\/\/powerlinegrup.com\/urun\/pk-30-f-aluminyum-profil-ve-boru-bukme-makinasi\/#breadcrumb","itemListElement":[{"@type":"ListItem","position":1,"name":"Anasayfa","item":"https:\/\/powerlinegrup.com\/en\/"},{"@type":"ListItem","position":2,"name":"\u00dcr\u00fcnler","item":"https:\/\/powerlinegrup.com\/en\/urunler\/"},{"@type":"ListItem","position":3,"name":"PK 30 F Aluminum Profile and Pipe Bending Machine"}]},{"@type":"WebSite","@id":"https:\/\/powerlinegrup.com\/#website","url":"https:\/\/powerlinegrup.com\/","name":"Powerline Grup","description":"","potentialAction":[{"@type":"SearchAction","target":{"@type":"EntryPoint","urlTemplate":"https:\/\/powerlinegrup.com\/?s={search_term_string}"},"query-input":{"@type":"PropertyValueSpecification","valueRequired":true,"valueName":"search_term_string"}}],"inLanguage":"en-US"}]}},"_links":{"self":[{"href":"https:\/\/powerlinegrup.com\/en\/wp-json\/wp\/v2\/product\/3294","targetHints":{"allow":["GET"]}}],"collection":[{"href":"https:\/\/powerlinegrup.com\/en\/wp-json\/wp\/v2\/product"}],"about":[{"href":"https:\/\/powerlinegrup.com\/en\/wp-json\/wp\/v2\/types\/product"}],"wp:featuredmedia":[{"embeddable":true,"href":"https:\/\/powerlinegrup.com\/en\/wp-json\/wp\/v2\/media\/2027"}],"wp:attachment":[{"href":"https:\/\/powerlinegrup.com\/en\/wp-json\/wp\/v2\/media?parent=3294"}],"wp:term":[{"taxonomy":"product_brand","embeddable":true,"href":"https:\/\/powerlinegrup.com\/en\/wp-json\/wp\/v2\/product_brand?post=3294"},{"taxonomy":"product_cat","embeddable":true,"href":"https:\/\/powerlinegrup.com\/en\/wp-json\/wp\/v2\/product_cat?post=3294"},{"taxonomy":"product_tag","embeddable":true,"href":"https:\/\/powerlinegrup.com\/en\/wp-json\/wp\/v2\/product_tag?post=3294"}],"curies":[{"name":"wp","href":"https:\/\/api.w.org\/{rel}","templated":true}]}}