{"id":3419,"date":"2023-04-19T15:36:42","date_gmt":"2023-04-19T12:36:42","guid":{"rendered":"https:\/\/powerlinegrup.com\/urun\/star-portatif-kopya-freze-makinesi\/"},"modified":"2023-10-30T14:18:45","modified_gmt":"2023-10-30T11:18:45","slug":"star-portable-copy-milling-machine","status":"publish","type":"product","link":"https:\/\/powerlinegrup.com\/en\/urun\/star-portable-copy-milling-machine\/","title":{"rendered":"Star Portable Copy Milling Machine"},"content":{"rendered":"<div class=\"image_frame image_item no_link scale-with-grid element_classes no_border mfn-img-box\" ><div class=\"image_wrapper \"><img loading=\"lazy\" decoding=\"async\" width=\"1338\" height=\"338\" src=\"https:\/\/powerlinegrup.com\/wp-content\/uploads\/Ekran-Resmi-2023-10-13-08.14.09.png\" class=\"scale-with-grid\" alt=\"\" style=\"\" srcset=\"https:\/\/powerlinegrup.com\/wp-content\/uploads\/Ekran-Resmi-2023-10-13-08.14.09.png 1338w, https:\/\/powerlinegrup.com\/wp-content\/uploads\/Ekran-Resmi-2023-10-13-08.14.09-300x76.png 300w, https:\/\/powerlinegrup.com\/wp-content\/uploads\/Ekran-Resmi-2023-10-13-08.14.09-1024x259.png 1024w, https:\/\/powerlinegrup.com\/wp-content\/uploads\/Ekran-Resmi-2023-10-13-08.14.09-768x194.png 768w, https:\/\/powerlinegrup.com\/wp-content\/uploads\/Ekran-Resmi-2023-10-13-08.14.09-260x66.png 260w, https:\/\/powerlinegrup.com\/wp-content\/uploads\/Ekran-Resmi-2023-10-13-08.14.09-50x13.png 50w, https:\/\/powerlinegrup.com\/wp-content\/uploads\/Ekran-Resmi-2023-10-13-08.14.09-150x38.png 150w, https:\/\/powerlinegrup.com\/wp-content\/uploads\/Ekran-Resmi-2023-10-13-08.14.09-800x202.png 800w\" sizes=\"auto, (max-width:767px) 480px, (max-width:1338px) 100vw, 1338px\" \/><\/div><\/div>\n\n","protected":false},"excerpt":{"rendered":"<p><strong>Portatif Kopya Freze Makinesi<\/strong><\/p>\n<p>Al\u00fcminyum ve plastik profillere kilit, kol yeri, mente\u015fe, ispanyolet yuvalar\u0131 ve kanal a\u00e7ma i\u015flemleri i\u00e7in kullan\u0131l\u0131r.<\/p>\n<ul>\n<li>\u0130\u015fleme uygun kopya tertibat\u0131<\/li>\n<li>Dayamalar yard\u0131m\u0131yla kopya tertibat\u0131ndan ba\u011f\u0131ms\u0131z olarak \u00e7e\u015fitli kanallar a\u00e7ma<\/li>\n<li>Ergonomik tasar\u0131m\u0131 ile kolay kullan\u0131m ve g\u00fcvenli \u00e7al\u0131\u015fma<\/li>\n<\/ul>\n<div class=\"icon_box icon_position_ no_border\"><a class=\"\" href=\"https:\/\/powerlinegrup.com\/wp-content\/uploads\/STAR.pdf\" target=\"_blank\"  title=\"\"><div class=\"icon_wrapper\"><div class=\"icon\"><i class=\"icon-acrobat\" aria-hidden=\"true\"><\/i><\/div><\/div><div class=\"desc_wrapper\"><h4 class=\"title \">PDF OLARAK G\u00d6R\u00dcNT\u00dcLEMEK \u0130\u00c7\u0130N TIKLAYINIZ<\/h4><\/div><\/a><\/div>\n\n","protected":false},"featured_media":2546,"template":"","meta":[],"product_brand":[],"product_cat":[115,116],"product_tag":[],"class_list":{"0":"post-3419","1":"product","2":"type-product","3":"status-publish","4":"has-post-thumbnail","6":"product_cat-makine-ve-yardimci-gruplar","7":"product_cat-ozcelik-makine","9":"first","10":"instock","11":"shipping-taxable","12":"product-type-simple"},"yoast_head":"<!-- This site is optimized with the Yoast SEO plugin v25.4 - https:\/\/yoast.com\/wordpress\/plugins\/seo\/ -->\n<title>Star Portable Copy Milling Machine - Powerline Grup<\/title>\n<meta name=\"robots\" content=\"index, follow, max-snippet:-1, max-image-preview:large, max-video-preview:-1\" \/>\n<link rel=\"canonical\" href=\"https:\/\/powerlinegrup.com\/urun\/star-portatif-kopya-freze-makinesi\/\" \/>\n<meta property=\"og:locale\" content=\"en_US\" \/>\n<meta property=\"og:type\" content=\"article\" \/>\n<meta property=\"og:title\" content=\"Star Portable Copy Milling Machine - Powerline Grup\" \/>\n<meta property=\"og:description\" content=\"Portatif Kopya Freze Makinesi  Al\u00fcminyum ve plastik profillere kilit, kol yeri, mente\u015fe, ispanyolet yuvalar\u0131 ve kanal a\u00e7ma i\u015flemleri i\u00e7in kullan\u0131l\u0131r.   \u0130\u015fleme uygun kopya tertibat\u0131  Dayamalar yard\u0131m\u0131yla kopya tertibat\u0131ndan ba\u011f\u0131ms\u0131z olarak \u00e7e\u015fitli kanallar a\u00e7ma  Ergonomik tasar\u0131m\u0131 ile kolay kullan\u0131m ve g\u00fcvenli \u00e7al\u0131\u015fma\" \/>\n<meta property=\"og:url\" content=\"https:\/\/powerlinegrup.com\/urun\/star-portatif-kopya-freze-makinesi\/\" \/>\n<meta property=\"og:site_name\" content=\"Powerline Grup\" \/>\n<meta property=\"article:modified_time\" content=\"2023-10-30T11:18:45+00:00\" \/>\n<meta property=\"og:image\" content=\"https:\/\/powerlinegrup.com\/wp-content\/uploads\/starg\u0306portatif.jpg\" \/>\n\t<meta property=\"og:image:width\" content=\"1000\" \/>\n\t<meta property=\"og:image:height\" content=\"1000\" \/>\n\t<meta property=\"og:image:type\" content=\"image\/jpeg\" \/>\n<meta name=\"twitter:card\" content=\"summary_large_image\" \/>\n<script type=\"application\/ld+json\" class=\"yoast-schema-graph\">{\"@context\":\"https:\/\/schema.org\",\"@graph\":[{\"@type\":\"WebPage\",\"@id\":\"https:\/\/powerlinegrup.com\/urun\/star-portatif-kopya-freze-makinesi\/\",\"url\":\"https:\/\/powerlinegrup.com\/urun\/star-portatif-kopya-freze-makinesi\/\",\"name\":\"Star Portable Copy Milling Machine - Powerline Grup\",\"isPartOf\":{\"@id\":\"https:\/\/powerlinegrup.com\/#website\"},\"primaryImageOfPage\":{\"@id\":\"https:\/\/powerlinegrup.com\/urun\/star-portatif-kopya-freze-makinesi\/#primaryimage\"},\"image\":{\"@id\":\"https:\/\/powerlinegrup.com\/urun\/star-portatif-kopya-freze-makinesi\/#primaryimage\"},\"thumbnailUrl\":\"https:\/\/powerlinegrup.com\/wp-content\/uploads\/starg\u0306portatif.jpg\",\"datePublished\":\"2023-04-19T12:36:42+00:00\",\"dateModified\":\"2023-10-30T11:18:45+00:00\",\"breadcrumb\":{\"@id\":\"https:\/\/powerlinegrup.com\/urun\/star-portatif-kopya-freze-makinesi\/#breadcrumb\"},\"inLanguage\":\"en-US\",\"potentialAction\":[{\"@type\":\"ReadAction\",\"target\":[\"https:\/\/powerlinegrup.com\/urun\/star-portatif-kopya-freze-makinesi\/\"]}]},{\"@type\":\"ImageObject\",\"inLanguage\":\"en-US\",\"@id\":\"https:\/\/powerlinegrup.com\/urun\/star-portatif-kopya-freze-makinesi\/#primaryimage\",\"url\":\"https:\/\/powerlinegrup.com\/wp-content\/uploads\/starg\u0306portatif.jpg\",\"contentUrl\":\"https:\/\/powerlinegrup.com\/wp-content\/uploads\/starg\u0306portatif.jpg\",\"width\":1000,\"height\":1000},{\"@type\":\"BreadcrumbList\",\"@id\":\"https:\/\/powerlinegrup.com\/urun\/star-portatif-kopya-freze-makinesi\/#breadcrumb\",\"itemListElement\":[{\"@type\":\"ListItem\",\"position\":1,\"name\":\"Anasayfa\",\"item\":\"https:\/\/powerlinegrup.com\/en\/\"},{\"@type\":\"ListItem\",\"position\":2,\"name\":\"\u00dcr\u00fcnler\",\"item\":\"https:\/\/powerlinegrup.com\/en\/urunler\/\"},{\"@type\":\"ListItem\",\"position\":3,\"name\":\"Star Portable Copy Milling Machine\"}]},{\"@type\":\"WebSite\",\"@id\":\"https:\/\/powerlinegrup.com\/#website\",\"url\":\"https:\/\/powerlinegrup.com\/\",\"name\":\"Powerline Grup\",\"description\":\"\",\"potentialAction\":[{\"@type\":\"SearchAction\",\"target\":{\"@type\":\"EntryPoint\",\"urlTemplate\":\"https:\/\/powerlinegrup.com\/?s={search_term_string}\"},\"query-input\":{\"@type\":\"PropertyValueSpecification\",\"valueRequired\":true,\"valueName\":\"search_term_string\"}}],\"inLanguage\":\"en-US\"}]}<\/script>\n<!-- \/ Yoast SEO plugin. -->","yoast_head_json":{"title":"Star Portable Copy Milling Machine - Powerline Grup","robots":{"index":"index","follow":"follow","max-snippet":"max-snippet:-1","max-image-preview":"max-image-preview:large","max-video-preview":"max-video-preview:-1"},"canonical":"https:\/\/powerlinegrup.com\/urun\/star-portatif-kopya-freze-makinesi\/","og_locale":"en_US","og_type":"article","og_title":"Star Portable Copy Milling Machine - Powerline Grup","og_description":"Portatif Kopya Freze Makinesi  Al\u00fcminyum ve plastik profillere kilit, kol yeri, mente\u015fe, ispanyolet yuvalar\u0131 ve kanal a\u00e7ma i\u015flemleri i\u00e7in kullan\u0131l\u0131r.   \u0130\u015fleme uygun kopya tertibat\u0131  Dayamalar yard\u0131m\u0131yla kopya tertibat\u0131ndan ba\u011f\u0131ms\u0131z olarak \u00e7e\u015fitli kanallar a\u00e7ma  Ergonomik tasar\u0131m\u0131 ile kolay kullan\u0131m ve g\u00fcvenli \u00e7al\u0131\u015fma","og_url":"https:\/\/powerlinegrup.com\/urun\/star-portatif-kopya-freze-makinesi\/","og_site_name":"Powerline Grup","article_modified_time":"2023-10-30T11:18:45+00:00","og_image":[{"width":1000,"height":1000,"url":"https:\/\/powerlinegrup.com\/wp-content\/uploads\/starg\u0306portatif.jpg","type":"image\/jpeg"}],"twitter_card":"summary_large_image","schema":{"@context":"https:\/\/schema.org","@graph":[{"@type":"WebPage","@id":"https:\/\/powerlinegrup.com\/urun\/star-portatif-kopya-freze-makinesi\/","url":"https:\/\/powerlinegrup.com\/urun\/star-portatif-kopya-freze-makinesi\/","name":"Star Portable Copy Milling Machine - Powerline Grup","isPartOf":{"@id":"https:\/\/powerlinegrup.com\/#website"},"primaryImageOfPage":{"@id":"https:\/\/powerlinegrup.com\/urun\/star-portatif-kopya-freze-makinesi\/#primaryimage"},"image":{"@id":"https:\/\/powerlinegrup.com\/urun\/star-portatif-kopya-freze-makinesi\/#primaryimage"},"thumbnailUrl":"https:\/\/powerlinegrup.com\/wp-content\/uploads\/starg\u0306portatif.jpg","datePublished":"2023-04-19T12:36:42+00:00","dateModified":"2023-10-30T11:18:45+00:00","breadcrumb":{"@id":"https:\/\/powerlinegrup.com\/urun\/star-portatif-kopya-freze-makinesi\/#breadcrumb"},"inLanguage":"en-US","potentialAction":[{"@type":"ReadAction","target":["https:\/\/powerlinegrup.com\/urun\/star-portatif-kopya-freze-makinesi\/"]}]},{"@type":"ImageObject","inLanguage":"en-US","@id":"https:\/\/powerlinegrup.com\/urun\/star-portatif-kopya-freze-makinesi\/#primaryimage","url":"https:\/\/powerlinegrup.com\/wp-content\/uploads\/starg\u0306portatif.jpg","contentUrl":"https:\/\/powerlinegrup.com\/wp-content\/uploads\/starg\u0306portatif.jpg","width":1000,"height":1000},{"@type":"BreadcrumbList","@id":"https:\/\/powerlinegrup.com\/urun\/star-portatif-kopya-freze-makinesi\/#breadcrumb","itemListElement":[{"@type":"ListItem","position":1,"name":"Anasayfa","item":"https:\/\/powerlinegrup.com\/en\/"},{"@type":"ListItem","position":2,"name":"\u00dcr\u00fcnler","item":"https:\/\/powerlinegrup.com\/en\/urunler\/"},{"@type":"ListItem","position":3,"name":"Star Portable Copy Milling Machine"}]},{"@type":"WebSite","@id":"https:\/\/powerlinegrup.com\/#website","url":"https:\/\/powerlinegrup.com\/","name":"Powerline Grup","description":"","potentialAction":[{"@type":"SearchAction","target":{"@type":"EntryPoint","urlTemplate":"https:\/\/powerlinegrup.com\/?s={search_term_string}"},"query-input":{"@type":"PropertyValueSpecification","valueRequired":true,"valueName":"search_term_string"}}],"inLanguage":"en-US"}]}},"_links":{"self":[{"href":"https:\/\/powerlinegrup.com\/en\/wp-json\/wp\/v2\/product\/3419","targetHints":{"allow":["GET"]}}],"collection":[{"href":"https:\/\/powerlinegrup.com\/en\/wp-json\/wp\/v2\/product"}],"about":[{"href":"https:\/\/powerlinegrup.com\/en\/wp-json\/wp\/v2\/types\/product"}],"wp:featuredmedia":[{"embeddable":true,"href":"https:\/\/powerlinegrup.com\/en\/wp-json\/wp\/v2\/media\/2546"}],"wp:attachment":[{"href":"https:\/\/powerlinegrup.com\/en\/wp-json\/wp\/v2\/media?parent=3419"}],"wp:term":[{"taxonomy":"product_brand","embeddable":true,"href":"https:\/\/powerlinegrup.com\/en\/wp-json\/wp\/v2\/product_brand?post=3419"},{"taxonomy":"product_cat","embeddable":true,"href":"https:\/\/powerlinegrup.com\/en\/wp-json\/wp\/v2\/product_cat?post=3419"},{"taxonomy":"product_tag","embeddable":true,"href":"https:\/\/powerlinegrup.com\/en\/wp-json\/wp\/v2\/product_tag?post=3419"}],"curies":[{"name":"wp","href":"https:\/\/api.w.org\/{rel}","templated":true}]}}