{"id":3554,"date":"2023-04-19T15:39:49","date_gmt":"2023-04-19T12:39:49","guid":{"rendered":"https:\/\/powerlinegrup.com\/urun\/polar-portatif-orta-kayit-alistirma-makinesi\/"},"modified":"2023-10-30T14:18:27","modified_gmt":"2023-10-30T11:18:27","slug":"polar-portable-medium-recording-lapping-machine","status":"publish","type":"product","link":"https:\/\/powerlinegrup.com\/en\/urun\/polar-portable-medium-recording-lapping-machine\/","title":{"rendered":"Polar Portable Medium Recording Lapping Machine"},"content":{"rendered":"<p><iframe loading=\"lazy\" title=\"YouTube video player\" src=\"https:\/\/www.youtube.com\/embed\/jlt6PDSExEk?si=KUKnEwLe3MebQvnN\" width=\"560\" height=\"315\" frameborder=\"0\" allowfullscreen=\"allowfullscreen\"><\/iframe><\/p>\n","protected":false},"excerpt":{"rendered":"<p><strong>Portatif Orta Kay\u0131t Al\u0131\u015ft\u0131rma Makinesi<br \/>\n<\/strong><br \/>\nAl\u00fcminyum ve plastik profillerin orta kay\u0131t al\u0131\u015ft\u0131rma (kertme) i\u015flemleri i\u00e7in kullan\u0131l\u0131r.<\/p>\n<ul>\n<li>Dikey ve yatay mengene sistemi<\/li>\n<li>Ergonomik tasar\u0131m\u0131 ile kolay kullan\u0131m ve g\u00fcvenli \u00e7al\u0131\u015fma<\/li>\n<\/ul>\n<div class=\"icon_box icon_position_ no_border\"><a class=\"\" href=\"https:\/\/powerlinegrup.com\/wp-content\/uploads\/POLAR-I.pdf\" target=\"_blank\"  title=\"\"><div class=\"icon_wrapper\"><div class=\"icon\"><i class=\"icon-acrobat\" aria-hidden=\"true\"><\/i><\/div><\/div><div class=\"desc_wrapper\"><h4 class=\"title \">PDF OLARAK G\u00d6R\u00dcNT\u00dcLEMEK \u0130\u00c7\u0130N TIKLAYINIZ<\/h4><\/div><\/a><\/div>\n\n","protected":false},"featured_media":2540,"template":"","meta":[],"product_brand":[],"product_cat":[115,116],"product_tag":[],"class_list":{"0":"post-3554","1":"product","2":"type-product","3":"status-publish","4":"has-post-thumbnail","6":"product_cat-makine-ve-yardimci-gruplar","7":"product_cat-ozcelik-makine","9":"first","10":"instock","11":"shipping-taxable","12":"product-type-simple"},"yoast_head":"<!-- This site is optimized with the Yoast SEO plugin v25.4 - https:\/\/yoast.com\/wordpress\/plugins\/seo\/ -->\n<title>Polar Portable Medium Recording Lapping Machine - Powerline Grup<\/title>\n<meta name=\"robots\" content=\"index, follow, max-snippet:-1, max-image-preview:large, max-video-preview:-1\" \/>\n<link rel=\"canonical\" href=\"https:\/\/powerlinegrup.com\/urun\/polar-portatif-orta-kayit-alistirma-makinesi\/\" \/>\n<meta property=\"og:locale\" content=\"en_US\" \/>\n<meta property=\"og:type\" content=\"article\" \/>\n<meta property=\"og:title\" content=\"Polar Portable Medium Recording Lapping Machine - Powerline Grup\" \/>\n<meta property=\"og:description\" content=\"Portatif Orta Kay\u0131t Al\u0131\u015ft\u0131rma Makinesi  Al\u00fcminyum ve plastik profillerin orta kay\u0131t al\u0131\u015ft\u0131rma (kertme) i\u015flemleri i\u00e7in kullan\u0131l\u0131r.   Dikey ve yatay mengene sistemi  Ergonomik tasar\u0131m\u0131 ile kolay kullan\u0131m ve g\u00fcvenli \u00e7al\u0131\u015fma\" \/>\n<meta property=\"og:url\" content=\"https:\/\/powerlinegrup.com\/urun\/polar-portatif-orta-kayit-alistirma-makinesi\/\" \/>\n<meta property=\"og:site_name\" content=\"Powerline Grup\" \/>\n<meta property=\"article:modified_time\" content=\"2023-10-30T11:18:27+00:00\" \/>\n<meta property=\"og:image\" content=\"https:\/\/powerlinegrup.com\/wp-content\/uploads\/polar-1.jpg\" \/>\n\t<meta property=\"og:image:width\" content=\"1000\" \/>\n\t<meta property=\"og:image:height\" content=\"1000\" \/>\n\t<meta property=\"og:image:type\" content=\"image\/jpeg\" \/>\n<meta name=\"twitter:card\" content=\"summary_large_image\" \/>\n<script type=\"application\/ld+json\" class=\"yoast-schema-graph\">{\"@context\":\"https:\/\/schema.org\",\"@graph\":[{\"@type\":\"WebPage\",\"@id\":\"https:\/\/powerlinegrup.com\/urun\/polar-portatif-orta-kayit-alistirma-makinesi\/\",\"url\":\"https:\/\/powerlinegrup.com\/urun\/polar-portatif-orta-kayit-alistirma-makinesi\/\",\"name\":\"Polar Portable Medium Recording Lapping Machine - Powerline Grup\",\"isPartOf\":{\"@id\":\"https:\/\/powerlinegrup.com\/#website\"},\"primaryImageOfPage\":{\"@id\":\"https:\/\/powerlinegrup.com\/urun\/polar-portatif-orta-kayit-alistirma-makinesi\/#primaryimage\"},\"image\":{\"@id\":\"https:\/\/powerlinegrup.com\/urun\/polar-portatif-orta-kayit-alistirma-makinesi\/#primaryimage\"},\"thumbnailUrl\":\"https:\/\/powerlinegrup.com\/wp-content\/uploads\/polar-1.jpg\",\"datePublished\":\"2023-04-19T12:39:49+00:00\",\"dateModified\":\"2023-10-30T11:18:27+00:00\",\"breadcrumb\":{\"@id\":\"https:\/\/powerlinegrup.com\/urun\/polar-portatif-orta-kayit-alistirma-makinesi\/#breadcrumb\"},\"inLanguage\":\"en-US\",\"potentialAction\":[{\"@type\":\"ReadAction\",\"target\":[\"https:\/\/powerlinegrup.com\/urun\/polar-portatif-orta-kayit-alistirma-makinesi\/\"]}]},{\"@type\":\"ImageObject\",\"inLanguage\":\"en-US\",\"@id\":\"https:\/\/powerlinegrup.com\/urun\/polar-portatif-orta-kayit-alistirma-makinesi\/#primaryimage\",\"url\":\"https:\/\/powerlinegrup.com\/wp-content\/uploads\/polar-1.jpg\",\"contentUrl\":\"https:\/\/powerlinegrup.com\/wp-content\/uploads\/polar-1.jpg\",\"width\":1000,\"height\":1000},{\"@type\":\"BreadcrumbList\",\"@id\":\"https:\/\/powerlinegrup.com\/urun\/polar-portatif-orta-kayit-alistirma-makinesi\/#breadcrumb\",\"itemListElement\":[{\"@type\":\"ListItem\",\"position\":1,\"name\":\"Anasayfa\",\"item\":\"https:\/\/powerlinegrup.com\/en\/\"},{\"@type\":\"ListItem\",\"position\":2,\"name\":\"\u00dcr\u00fcnler\",\"item\":\"https:\/\/powerlinegrup.com\/en\/urunler\/\"},{\"@type\":\"ListItem\",\"position\":3,\"name\":\"Polar Portable Medium Recording Lapping Machine\"}]},{\"@type\":\"WebSite\",\"@id\":\"https:\/\/powerlinegrup.com\/#website\",\"url\":\"https:\/\/powerlinegrup.com\/\",\"name\":\"Powerline Grup\",\"description\":\"\",\"potentialAction\":[{\"@type\":\"SearchAction\",\"target\":{\"@type\":\"EntryPoint\",\"urlTemplate\":\"https:\/\/powerlinegrup.com\/?s={search_term_string}\"},\"query-input\":{\"@type\":\"PropertyValueSpecification\",\"valueRequired\":true,\"valueName\":\"search_term_string\"}}],\"inLanguage\":\"en-US\"}]}<\/script>\n<!-- \/ Yoast SEO plugin. -->","yoast_head_json":{"title":"Polar Portable Medium Recording Lapping Machine - Powerline Grup","robots":{"index":"index","follow":"follow","max-snippet":"max-snippet:-1","max-image-preview":"max-image-preview:large","max-video-preview":"max-video-preview:-1"},"canonical":"https:\/\/powerlinegrup.com\/urun\/polar-portatif-orta-kayit-alistirma-makinesi\/","og_locale":"en_US","og_type":"article","og_title":"Polar Portable Medium Recording Lapping Machine - Powerline Grup","og_description":"Portatif Orta Kay\u0131t Al\u0131\u015ft\u0131rma Makinesi  Al\u00fcminyum ve plastik profillerin orta kay\u0131t al\u0131\u015ft\u0131rma (kertme) i\u015flemleri i\u00e7in kullan\u0131l\u0131r.   Dikey ve yatay mengene sistemi  Ergonomik tasar\u0131m\u0131 ile kolay kullan\u0131m ve g\u00fcvenli \u00e7al\u0131\u015fma","og_url":"https:\/\/powerlinegrup.com\/urun\/polar-portatif-orta-kayit-alistirma-makinesi\/","og_site_name":"Powerline Grup","article_modified_time":"2023-10-30T11:18:27+00:00","og_image":[{"width":1000,"height":1000,"url":"https:\/\/powerlinegrup.com\/wp-content\/uploads\/polar-1.jpg","type":"image\/jpeg"}],"twitter_card":"summary_large_image","schema":{"@context":"https:\/\/schema.org","@graph":[{"@type":"WebPage","@id":"https:\/\/powerlinegrup.com\/urun\/polar-portatif-orta-kayit-alistirma-makinesi\/","url":"https:\/\/powerlinegrup.com\/urun\/polar-portatif-orta-kayit-alistirma-makinesi\/","name":"Polar Portable Medium Recording Lapping Machine - Powerline Grup","isPartOf":{"@id":"https:\/\/powerlinegrup.com\/#website"},"primaryImageOfPage":{"@id":"https:\/\/powerlinegrup.com\/urun\/polar-portatif-orta-kayit-alistirma-makinesi\/#primaryimage"},"image":{"@id":"https:\/\/powerlinegrup.com\/urun\/polar-portatif-orta-kayit-alistirma-makinesi\/#primaryimage"},"thumbnailUrl":"https:\/\/powerlinegrup.com\/wp-content\/uploads\/polar-1.jpg","datePublished":"2023-04-19T12:39:49+00:00","dateModified":"2023-10-30T11:18:27+00:00","breadcrumb":{"@id":"https:\/\/powerlinegrup.com\/urun\/polar-portatif-orta-kayit-alistirma-makinesi\/#breadcrumb"},"inLanguage":"en-US","potentialAction":[{"@type":"ReadAction","target":["https:\/\/powerlinegrup.com\/urun\/polar-portatif-orta-kayit-alistirma-makinesi\/"]}]},{"@type":"ImageObject","inLanguage":"en-US","@id":"https:\/\/powerlinegrup.com\/urun\/polar-portatif-orta-kayit-alistirma-makinesi\/#primaryimage","url":"https:\/\/powerlinegrup.com\/wp-content\/uploads\/polar-1.jpg","contentUrl":"https:\/\/powerlinegrup.com\/wp-content\/uploads\/polar-1.jpg","width":1000,"height":1000},{"@type":"BreadcrumbList","@id":"https:\/\/powerlinegrup.com\/urun\/polar-portatif-orta-kayit-alistirma-makinesi\/#breadcrumb","itemListElement":[{"@type":"ListItem","position":1,"name":"Anasayfa","item":"https:\/\/powerlinegrup.com\/en\/"},{"@type":"ListItem","position":2,"name":"\u00dcr\u00fcnler","item":"https:\/\/powerlinegrup.com\/en\/urunler\/"},{"@type":"ListItem","position":3,"name":"Polar Portable Medium Recording Lapping Machine"}]},{"@type":"WebSite","@id":"https:\/\/powerlinegrup.com\/#website","url":"https:\/\/powerlinegrup.com\/","name":"Powerline Grup","description":"","potentialAction":[{"@type":"SearchAction","target":{"@type":"EntryPoint","urlTemplate":"https:\/\/powerlinegrup.com\/?s={search_term_string}"},"query-input":{"@type":"PropertyValueSpecification","valueRequired":true,"valueName":"search_term_string"}}],"inLanguage":"en-US"}]}},"_links":{"self":[{"href":"https:\/\/powerlinegrup.com\/en\/wp-json\/wp\/v2\/product\/3554","targetHints":{"allow":["GET"]}}],"collection":[{"href":"https:\/\/powerlinegrup.com\/en\/wp-json\/wp\/v2\/product"}],"about":[{"href":"https:\/\/powerlinegrup.com\/en\/wp-json\/wp\/v2\/types\/product"}],"wp:featuredmedia":[{"embeddable":true,"href":"https:\/\/powerlinegrup.com\/en\/wp-json\/wp\/v2\/media\/2540"}],"wp:attachment":[{"href":"https:\/\/powerlinegrup.com\/en\/wp-json\/wp\/v2\/media?parent=3554"}],"wp:term":[{"taxonomy":"product_brand","embeddable":true,"href":"https:\/\/powerlinegrup.com\/en\/wp-json\/wp\/v2\/product_brand?post=3554"},{"taxonomy":"product_cat","embeddable":true,"href":"https:\/\/powerlinegrup.com\/en\/wp-json\/wp\/v2\/product_cat?post=3554"},{"taxonomy":"product_tag","embeddable":true,"href":"https:\/\/powerlinegrup.com\/en\/wp-json\/wp\/v2\/product_tag?post=3554"}],"curies":[{"name":"wp","href":"https:\/\/api.w.org\/{rel}","templated":true}]}}