{"id":3622,"date":"2023-06-15T14:40:29","date_gmt":"2023-06-15T11:40:29","guid":{"rendered":"https:\/\/powerlinegrup.com\/urun\/galaxy-serisi\/"},"modified":"2023-06-15T14:40:29","modified_gmt":"2023-06-15T11:40:29","slug":"galaxy-serisi","status":"publish","type":"product","link":"https:\/\/powerlinegrup.com\/en\/urun\/galaxy-serisi\/","title":{"rendered":"Galaxy I Copy Milling Machine"},"content":{"rendered":"<div class=\"image_frame image_item no_link scale-with-grid element_classes no_border mfn-img-box\" ><div class=\"image_wrapper \"><img loading=\"lazy\" decoding=\"async\" width=\"2162\" height=\"440\" src=\"https:\/\/powerlinegrup.com\/wp-content\/uploads\/Ekran-Resmi-2023-09-25-10.28.33.png\" class=\"scale-with-grid\" alt=\"\" style=\"\" srcset=\"https:\/\/powerlinegrup.com\/wp-content\/uploads\/Ekran-Resmi-2023-09-25-10.28.33.png 2162w, https:\/\/powerlinegrup.com\/wp-content\/uploads\/Ekran-Resmi-2023-09-25-10.28.33-300x61.png 300w, https:\/\/powerlinegrup.com\/wp-content\/uploads\/Ekran-Resmi-2023-09-25-10.28.33-1024x208.png 1024w, https:\/\/powerlinegrup.com\/wp-content\/uploads\/Ekran-Resmi-2023-09-25-10.28.33-768x156.png 768w, https:\/\/powerlinegrup.com\/wp-content\/uploads\/Ekran-Resmi-2023-09-25-10.28.33-1536x313.png 1536w, https:\/\/powerlinegrup.com\/wp-content\/uploads\/Ekran-Resmi-2023-09-25-10.28.33-2048x417.png 2048w, https:\/\/powerlinegrup.com\/wp-content\/uploads\/Ekran-Resmi-2023-09-25-10.28.33-260x53.png 260w, https:\/\/powerlinegrup.com\/wp-content\/uploads\/Ekran-Resmi-2023-09-25-10.28.33-50x10.png 50w, https:\/\/powerlinegrup.com\/wp-content\/uploads\/Ekran-Resmi-2023-09-25-10.28.33-150x31.png 150w, https:\/\/powerlinegrup.com\/wp-content\/uploads\/Ekran-Resmi-2023-09-25-10.28.33-800x163.png 800w\" sizes=\"auto, (max-width:767px) 480px, (max-width:2162px) 100vw, 2162px\" \/><\/div><\/div>\n\n<p style=\"text-align: left;\"><iframe loading=\"lazy\" title=\"YouTube video player\" src=\"https:\/\/www.youtube.com\/embed\/GhiXrfb7fkQ?si=DpCXLaUPxQ_WCuQO\" width=\"560\" height=\"315\" frameborder=\"0\" allowfullscreen=\"allowfullscreen\"><\/iframe><\/p>\n","protected":false},"excerpt":{"rendered":"<p style=\"text-align: left;\">Al\u00fcminyum ve plastik profillere kilit, kol yeri, mente\u015fe, ispanyolet yuvalar\u0131 ve kanal a\u00e7ma i\u015flemleri i\u00e7in kullan\u0131l\u0131r.<\/p>\n<p style=\"text-align: left;\">-\u0130\u015fleme uygun kopya tertibat\u0131<br \/>\n-Dayamalar yard\u0131m\u0131yla kopya tertibat\u0131ndan ba\u011f\u0131ms\u0131z olarak \u00e7e\u015fitli kanallar a\u00e7ma<br \/>\n-Pn\u00f6matik mengeneler<\/p>\n<p style=\"text-align: center;\"><div class=\"icon_box icon_position_ no_border\"><a class=\"\" href=\"https:\/\/powerlinegrup.com\/wp-content\/uploads\/GALAXY-I.pdf\" target=\"_blank\"  title=\"\"><div class=\"icon_wrapper\"><div class=\"icon\"><i class=\"icon-acrobat\" aria-hidden=\"true\"><\/i><\/div><\/div><div class=\"desc_wrapper\"><h4 class=\"title \">PDF OLARAK G\u00d6R\u00dcNT\u00dcLEMEK \u0130\u00c7\u0130N TIKLAYINIZ<\/h4><\/div><\/a><\/div>\n<\/p>\n","protected":false},"featured_media":2516,"template":"","meta":[],"product_brand":[],"product_cat":[35],"product_tag":[],"class_list":{"0":"post-3622","1":"product","2":"type-product","3":"status-publish","4":"has-post-thumbnail","6":"product_cat-genel","8":"first","9":"instock","10":"shipping-taxable","11":"product-type-simple"},"yoast_head":"<!-- This site is optimized with the Yoast SEO plugin v25.4 - https:\/\/yoast.com\/wordpress\/plugins\/seo\/ -->\n<title>Galaxy I Copy Milling Machine - Powerline Grup<\/title>\n<meta name=\"robots\" content=\"index, follow, max-snippet:-1, max-image-preview:large, max-video-preview:-1\" \/>\n<link rel=\"canonical\" href=\"https:\/\/powerlinegrup.com\/urun\/galaxy-serisi\/\" \/>\n<meta property=\"og:locale\" content=\"en_US\" \/>\n<meta property=\"og:type\" content=\"article\" \/>\n<meta property=\"og:title\" content=\"Galaxy I Copy Milling Machine - Powerline Grup\" \/>\n<meta property=\"og:description\" content=\"Al\u00fcminyum ve plastik profillere kilit, kol yeri, mente\u015fe, ispanyolet yuvalar\u0131 ve kanal a\u00e7ma i\u015flemleri i\u00e7in kullan\u0131l\u0131r. -\u0130\u015fleme uygun kopya tertibat\u0131 -Dayamalar yard\u0131m\u0131yla kopya tertibat\u0131ndan ba\u011f\u0131ms\u0131z olarak \u00e7e\u015fitli kanallar a\u00e7ma -Pn\u00f6matik mengeneler\" \/>\n<meta property=\"og:url\" content=\"https:\/\/powerlinegrup.com\/urun\/galaxy-serisi\/\" \/>\n<meta property=\"og:site_name\" content=\"Powerline Grup\" \/>\n<meta property=\"og:image\" content=\"https:\/\/powerlinegrup.com\/wp-content\/uploads\/galaxy-1.jpg\" \/>\n\t<meta property=\"og:image:width\" content=\"1000\" \/>\n\t<meta property=\"og:image:height\" content=\"1000\" \/>\n\t<meta property=\"og:image:type\" content=\"image\/jpeg\" \/>\n<meta name=\"twitter:card\" content=\"summary_large_image\" \/>\n<script type=\"application\/ld+json\" class=\"yoast-schema-graph\">{\"@context\":\"https:\/\/schema.org\",\"@graph\":[{\"@type\":\"WebPage\",\"@id\":\"https:\/\/powerlinegrup.com\/urun\/galaxy-serisi\/\",\"url\":\"https:\/\/powerlinegrup.com\/urun\/galaxy-serisi\/\",\"name\":\"Galaxy I Copy Milling Machine - Powerline Grup\",\"isPartOf\":{\"@id\":\"https:\/\/powerlinegrup.com\/#website\"},\"primaryImageOfPage\":{\"@id\":\"https:\/\/powerlinegrup.com\/urun\/galaxy-serisi\/#primaryimage\"},\"image\":{\"@id\":\"https:\/\/powerlinegrup.com\/urun\/galaxy-serisi\/#primaryimage\"},\"thumbnailUrl\":\"https:\/\/powerlinegrup.com\/wp-content\/uploads\/galaxy-1.jpg\",\"datePublished\":\"2023-06-15T11:40:29+00:00\",\"breadcrumb\":{\"@id\":\"https:\/\/powerlinegrup.com\/urun\/galaxy-serisi\/#breadcrumb\"},\"inLanguage\":\"en-US\",\"potentialAction\":[{\"@type\":\"ReadAction\",\"target\":[\"https:\/\/powerlinegrup.com\/urun\/galaxy-serisi\/\"]}]},{\"@type\":\"ImageObject\",\"inLanguage\":\"en-US\",\"@id\":\"https:\/\/powerlinegrup.com\/urun\/galaxy-serisi\/#primaryimage\",\"url\":\"https:\/\/powerlinegrup.com\/wp-content\/uploads\/galaxy-1.jpg\",\"contentUrl\":\"https:\/\/powerlinegrup.com\/wp-content\/uploads\/galaxy-1.jpg\",\"width\":1000,\"height\":1000},{\"@type\":\"BreadcrumbList\",\"@id\":\"https:\/\/powerlinegrup.com\/urun\/galaxy-serisi\/#breadcrumb\",\"itemListElement\":[{\"@type\":\"ListItem\",\"position\":1,\"name\":\"Anasayfa\",\"item\":\"https:\/\/powerlinegrup.com\/en\/\"},{\"@type\":\"ListItem\",\"position\":2,\"name\":\"\u00dcr\u00fcnler\",\"item\":\"https:\/\/powerlinegrup.com\/en\/urunler\/\"},{\"@type\":\"ListItem\",\"position\":3,\"name\":\"Galaxy I Copy Milling Machine\"}]},{\"@type\":\"WebSite\",\"@id\":\"https:\/\/powerlinegrup.com\/#website\",\"url\":\"https:\/\/powerlinegrup.com\/\",\"name\":\"Powerline Grup\",\"description\":\"\",\"potentialAction\":[{\"@type\":\"SearchAction\",\"target\":{\"@type\":\"EntryPoint\",\"urlTemplate\":\"https:\/\/powerlinegrup.com\/?s={search_term_string}\"},\"query-input\":{\"@type\":\"PropertyValueSpecification\",\"valueRequired\":true,\"valueName\":\"search_term_string\"}}],\"inLanguage\":\"en-US\"}]}<\/script>\n<!-- \/ Yoast SEO plugin. -->","yoast_head_json":{"title":"Galaxy I Copy Milling Machine - Powerline Grup","robots":{"index":"index","follow":"follow","max-snippet":"max-snippet:-1","max-image-preview":"max-image-preview:large","max-video-preview":"max-video-preview:-1"},"canonical":"https:\/\/powerlinegrup.com\/urun\/galaxy-serisi\/","og_locale":"en_US","og_type":"article","og_title":"Galaxy I Copy Milling Machine - Powerline Grup","og_description":"Al\u00fcminyum ve plastik profillere kilit, kol yeri, mente\u015fe, ispanyolet yuvalar\u0131 ve kanal a\u00e7ma i\u015flemleri i\u00e7in kullan\u0131l\u0131r. -\u0130\u015fleme uygun kopya tertibat\u0131 -Dayamalar yard\u0131m\u0131yla kopya tertibat\u0131ndan ba\u011f\u0131ms\u0131z olarak \u00e7e\u015fitli kanallar a\u00e7ma -Pn\u00f6matik mengeneler","og_url":"https:\/\/powerlinegrup.com\/urun\/galaxy-serisi\/","og_site_name":"Powerline Grup","og_image":[{"width":1000,"height":1000,"url":"https:\/\/powerlinegrup.com\/wp-content\/uploads\/galaxy-1.jpg","type":"image\/jpeg"}],"twitter_card":"summary_large_image","schema":{"@context":"https:\/\/schema.org","@graph":[{"@type":"WebPage","@id":"https:\/\/powerlinegrup.com\/urun\/galaxy-serisi\/","url":"https:\/\/powerlinegrup.com\/urun\/galaxy-serisi\/","name":"Galaxy I Copy Milling Machine - Powerline Grup","isPartOf":{"@id":"https:\/\/powerlinegrup.com\/#website"},"primaryImageOfPage":{"@id":"https:\/\/powerlinegrup.com\/urun\/galaxy-serisi\/#primaryimage"},"image":{"@id":"https:\/\/powerlinegrup.com\/urun\/galaxy-serisi\/#primaryimage"},"thumbnailUrl":"https:\/\/powerlinegrup.com\/wp-content\/uploads\/galaxy-1.jpg","datePublished":"2023-06-15T11:40:29+00:00","breadcrumb":{"@id":"https:\/\/powerlinegrup.com\/urun\/galaxy-serisi\/#breadcrumb"},"inLanguage":"en-US","potentialAction":[{"@type":"ReadAction","target":["https:\/\/powerlinegrup.com\/urun\/galaxy-serisi\/"]}]},{"@type":"ImageObject","inLanguage":"en-US","@id":"https:\/\/powerlinegrup.com\/urun\/galaxy-serisi\/#primaryimage","url":"https:\/\/powerlinegrup.com\/wp-content\/uploads\/galaxy-1.jpg","contentUrl":"https:\/\/powerlinegrup.com\/wp-content\/uploads\/galaxy-1.jpg","width":1000,"height":1000},{"@type":"BreadcrumbList","@id":"https:\/\/powerlinegrup.com\/urun\/galaxy-serisi\/#breadcrumb","itemListElement":[{"@type":"ListItem","position":1,"name":"Anasayfa","item":"https:\/\/powerlinegrup.com\/en\/"},{"@type":"ListItem","position":2,"name":"\u00dcr\u00fcnler","item":"https:\/\/powerlinegrup.com\/en\/urunler\/"},{"@type":"ListItem","position":3,"name":"Galaxy I Copy Milling Machine"}]},{"@type":"WebSite","@id":"https:\/\/powerlinegrup.com\/#website","url":"https:\/\/powerlinegrup.com\/","name":"Powerline Grup","description":"","potentialAction":[{"@type":"SearchAction","target":{"@type":"EntryPoint","urlTemplate":"https:\/\/powerlinegrup.com\/?s={search_term_string}"},"query-input":{"@type":"PropertyValueSpecification","valueRequired":true,"valueName":"search_term_string"}}],"inLanguage":"en-US"}]}},"_links":{"self":[{"href":"https:\/\/powerlinegrup.com\/en\/wp-json\/wp\/v2\/product\/3622","targetHints":{"allow":["GET"]}}],"collection":[{"href":"https:\/\/powerlinegrup.com\/en\/wp-json\/wp\/v2\/product"}],"about":[{"href":"https:\/\/powerlinegrup.com\/en\/wp-json\/wp\/v2\/types\/product"}],"wp:featuredmedia":[{"embeddable":true,"href":"https:\/\/powerlinegrup.com\/en\/wp-json\/wp\/v2\/media\/2516"}],"wp:attachment":[{"href":"https:\/\/powerlinegrup.com\/en\/wp-json\/wp\/v2\/media?parent=3622"}],"wp:term":[{"taxonomy":"product_brand","embeddable":true,"href":"https:\/\/powerlinegrup.com\/en\/wp-json\/wp\/v2\/product_brand?post=3622"},{"taxonomy":"product_cat","embeddable":true,"href":"https:\/\/powerlinegrup.com\/en\/wp-json\/wp\/v2\/product_cat?post=3622"},{"taxonomy":"product_tag","embeddable":true,"href":"https:\/\/powerlinegrup.com\/en\/wp-json\/wp\/v2\/product_tag?post=3622"}],"curies":[{"name":"wp","href":"https:\/\/api.w.org\/{rel}","templated":true}]}}