{"id":3840,"date":"2023-10-09T16:18:33","date_gmt":"2023-10-09T13:18:33","guid":{"rendered":"https:\/\/powerlinegrup.com\/urun\/orion-i-sn-otomatik-tek-kafa-kaynak-makinesi\/"},"modified":"2023-10-09T16:18:33","modified_gmt":"2023-10-09T13:18:33","slug":"orion-i-sn-otomatik-tek-kafa-kaynak-makinesi","status":"publish","type":"product","link":"https:\/\/powerlinegrup.com\/en\/urun\/orion-i-sn-otomatik-tek-kafa-kaynak-makinesi\/","title":{"rendered":"ORION &#8211; I SN Otomatik Tek Kafa Kaynak Makinesi"},"content":{"rendered":"","protected":false},"excerpt":{"rendered":"<p><strong>Otomatik Tek Kafa S\u0131f\u0131r-Normal PVC Kaynak Makinesi <\/strong><\/p>\n<p>Plastik profillerin \u00e7e\u015fitli a\u00e7\u0131larda kaynak i\u015flemleri i\u00e7in kullan\u0131l\u0131r.<\/p>\n<ul>\n<li>Pn\u00f6matik hareket<\/li>\n<li>S\u0131f\u0131r kaynak ve normal kaynak 30\u00b0 ve 180\u00b0 aras\u0131nda kaynak<\/li>\n<li>Kaynak sistemini tek tu\u015fla de\u011fi\u015ftirme<\/li>\n<li>\u0130\u015flemi otomatik olarak ba\u015flatma ve bitirme<\/li>\n<li>Kaynak zaman\u0131 ayar\u0131 ve dijital kontroll\u00fc \u0131s\u0131tma<\/li>\n<li>Elektronik termostat sayesinde 0\u00b0C &#8211; 350\u00b0C aras\u0131nda s\u0131cakl\u0131k ayarlama<\/li>\n<\/ul>\n<div class=\"icon_box icon_position_ no_border\"><a class=\"\" href=\"https:\/\/powerlinegrup.com\/wp-content\/uploads\/ORION-I-SN-TR.pdf\" target=\"_blank\"  title=\"\"><div class=\"icon_wrapper\"><div class=\"icon\"><i class=\"icon-acrobat\" aria-hidden=\"true\"><\/i><\/div><\/div><div class=\"desc_wrapper\"><h4 class=\"title \">PDF OLARAK G\u00d6R\u00dcNT\u00dcLEMEK \u0130\u00c7\u0130N TIKLAYINIZ<\/h4><\/div><\/a><\/div>\n\n","protected":false},"featured_media":2355,"template":"","meta":[],"product_brand":[],"product_cat":[116],"product_tag":[],"class_list":{"0":"post-3840","1":"product","2":"type-product","3":"status-publish","4":"has-post-thumbnail","6":"product_cat-ozcelik-makine","8":"first","9":"instock","10":"shipping-taxable","11":"product-type-simple"},"yoast_head":"<!-- This site is optimized with the Yoast SEO plugin v25.4 - https:\/\/yoast.com\/wordpress\/plugins\/seo\/ -->\n<title>ORION - I SN Otomatik Tek Kafa Kaynak Makinesi - Powerline Grup<\/title>\n<meta name=\"robots\" content=\"index, follow, max-snippet:-1, max-image-preview:large, max-video-preview:-1\" \/>\n<link rel=\"canonical\" href=\"https:\/\/powerlinegrup.com\/urun\/orion-i-sn-otomatik-tek-kafa-kaynak-makinesi\/\" \/>\n<meta property=\"og:locale\" content=\"en_US\" \/>\n<meta property=\"og:type\" content=\"article\" \/>\n<meta property=\"og:title\" content=\"ORION - I SN Otomatik Tek Kafa Kaynak Makinesi - Powerline Grup\" \/>\n<meta property=\"og:description\" content=\"Otomatik Tek Kafa S\u0131f\u0131r-Normal PVC Kaynak Makinesi  Plastik profillerin \u00e7e\u015fitli a\u00e7\u0131larda kaynak i\u015flemleri i\u00e7in kullan\u0131l\u0131r.  Pn\u00f6matik hareket  S\u0131f\u0131r kaynak ve normal kaynak 30\u00b0 ve 180\u00b0 aras\u0131nda kaynak  Kaynak sistemini tek tu\u015fla de\u011fi\u015ftirme  \u0130\u015flemi otomatik olarak ba\u015flatma ve bitirme  Kaynak zaman\u0131 ayar\u0131 ve dijital kontroll\u00fc \u0131s\u0131tma  Elektronik termostat sayesinde 0\u00b0C - 350\u00b0C aras\u0131nda s\u0131cakl\u0131k ayarlama\" \/>\n<meta property=\"og:url\" content=\"https:\/\/powerlinegrup.com\/urun\/orion-i-sn-otomatik-tek-kafa-kaynak-makinesi\/\" \/>\n<meta property=\"og:site_name\" content=\"Powerline Grup\" \/>\n<meta property=\"og:image\" content=\"https:\/\/powerlinegrup.com\/wp-content\/uploads\/orion-1-sn-otomatik-tek-kafa-kaynak-makinesi-1.jpg\" \/>\n\t<meta property=\"og:image:width\" content=\"1000\" \/>\n\t<meta property=\"og:image:height\" content=\"1000\" \/>\n\t<meta property=\"og:image:type\" content=\"image\/jpeg\" \/>\n<meta name=\"twitter:card\" content=\"summary_large_image\" \/>\n<script type=\"application\/ld+json\" class=\"yoast-schema-graph\">{\"@context\":\"https:\/\/schema.org\",\"@graph\":[{\"@type\":\"WebPage\",\"@id\":\"https:\/\/powerlinegrup.com\/urun\/orion-i-sn-otomatik-tek-kafa-kaynak-makinesi\/\",\"url\":\"https:\/\/powerlinegrup.com\/urun\/orion-i-sn-otomatik-tek-kafa-kaynak-makinesi\/\",\"name\":\"ORION - I SN Otomatik Tek Kafa Kaynak Makinesi - Powerline Grup\",\"isPartOf\":{\"@id\":\"https:\/\/powerlinegrup.com\/#website\"},\"primaryImageOfPage\":{\"@id\":\"https:\/\/powerlinegrup.com\/urun\/orion-i-sn-otomatik-tek-kafa-kaynak-makinesi\/#primaryimage\"},\"image\":{\"@id\":\"https:\/\/powerlinegrup.com\/urun\/orion-i-sn-otomatik-tek-kafa-kaynak-makinesi\/#primaryimage\"},\"thumbnailUrl\":\"https:\/\/powerlinegrup.com\/wp-content\/uploads\/orion-1-sn-otomatik-tek-kafa-kaynak-makinesi-1.jpg\",\"datePublished\":\"2023-10-09T13:18:33+00:00\",\"breadcrumb\":{\"@id\":\"https:\/\/powerlinegrup.com\/urun\/orion-i-sn-otomatik-tek-kafa-kaynak-makinesi\/#breadcrumb\"},\"inLanguage\":\"en-US\",\"potentialAction\":[{\"@type\":\"ReadAction\",\"target\":[\"https:\/\/powerlinegrup.com\/urun\/orion-i-sn-otomatik-tek-kafa-kaynak-makinesi\/\"]}]},{\"@type\":\"ImageObject\",\"inLanguage\":\"en-US\",\"@id\":\"https:\/\/powerlinegrup.com\/urun\/orion-i-sn-otomatik-tek-kafa-kaynak-makinesi\/#primaryimage\",\"url\":\"https:\/\/powerlinegrup.com\/wp-content\/uploads\/orion-1-sn-otomatik-tek-kafa-kaynak-makinesi-1.jpg\",\"contentUrl\":\"https:\/\/powerlinegrup.com\/wp-content\/uploads\/orion-1-sn-otomatik-tek-kafa-kaynak-makinesi-1.jpg\",\"width\":1000,\"height\":1000},{\"@type\":\"BreadcrumbList\",\"@id\":\"https:\/\/powerlinegrup.com\/urun\/orion-i-sn-otomatik-tek-kafa-kaynak-makinesi\/#breadcrumb\",\"itemListElement\":[{\"@type\":\"ListItem\",\"position\":1,\"name\":\"Anasayfa\",\"item\":\"https:\/\/powerlinegrup.com\/en\/\"},{\"@type\":\"ListItem\",\"position\":2,\"name\":\"\u00dcr\u00fcnler\",\"item\":\"https:\/\/powerlinegrup.com\/en\/urunler\/\"},{\"@type\":\"ListItem\",\"position\":3,\"name\":\"ORION &#8211; I SN Otomatik Tek Kafa Kaynak Makinesi\"}]},{\"@type\":\"WebSite\",\"@id\":\"https:\/\/powerlinegrup.com\/#website\",\"url\":\"https:\/\/powerlinegrup.com\/\",\"name\":\"Powerline Grup\",\"description\":\"\",\"potentialAction\":[{\"@type\":\"SearchAction\",\"target\":{\"@type\":\"EntryPoint\",\"urlTemplate\":\"https:\/\/powerlinegrup.com\/?s={search_term_string}\"},\"query-input\":{\"@type\":\"PropertyValueSpecification\",\"valueRequired\":true,\"valueName\":\"search_term_string\"}}],\"inLanguage\":\"en-US\"}]}<\/script>\n<!-- \/ Yoast SEO plugin. -->","yoast_head_json":{"title":"ORION - I SN Otomatik Tek Kafa Kaynak Makinesi - Powerline Grup","robots":{"index":"index","follow":"follow","max-snippet":"max-snippet:-1","max-image-preview":"max-image-preview:large","max-video-preview":"max-video-preview:-1"},"canonical":"https:\/\/powerlinegrup.com\/urun\/orion-i-sn-otomatik-tek-kafa-kaynak-makinesi\/","og_locale":"en_US","og_type":"article","og_title":"ORION - I SN Otomatik Tek Kafa Kaynak Makinesi - Powerline Grup","og_description":"Otomatik Tek Kafa S\u0131f\u0131r-Normal PVC Kaynak Makinesi  Plastik profillerin \u00e7e\u015fitli a\u00e7\u0131larda kaynak i\u015flemleri i\u00e7in kullan\u0131l\u0131r.  Pn\u00f6matik hareket  S\u0131f\u0131r kaynak ve normal kaynak 30\u00b0 ve 180\u00b0 aras\u0131nda kaynak  Kaynak sistemini tek tu\u015fla de\u011fi\u015ftirme  \u0130\u015flemi otomatik olarak ba\u015flatma ve bitirme  Kaynak zaman\u0131 ayar\u0131 ve dijital kontroll\u00fc \u0131s\u0131tma  Elektronik termostat sayesinde 0\u00b0C - 350\u00b0C aras\u0131nda s\u0131cakl\u0131k ayarlama","og_url":"https:\/\/powerlinegrup.com\/urun\/orion-i-sn-otomatik-tek-kafa-kaynak-makinesi\/","og_site_name":"Powerline Grup","og_image":[{"width":1000,"height":1000,"url":"https:\/\/powerlinegrup.com\/wp-content\/uploads\/orion-1-sn-otomatik-tek-kafa-kaynak-makinesi-1.jpg","type":"image\/jpeg"}],"twitter_card":"summary_large_image","schema":{"@context":"https:\/\/schema.org","@graph":[{"@type":"WebPage","@id":"https:\/\/powerlinegrup.com\/urun\/orion-i-sn-otomatik-tek-kafa-kaynak-makinesi\/","url":"https:\/\/powerlinegrup.com\/urun\/orion-i-sn-otomatik-tek-kafa-kaynak-makinesi\/","name":"ORION - I SN Otomatik Tek Kafa Kaynak Makinesi - Powerline Grup","isPartOf":{"@id":"https:\/\/powerlinegrup.com\/#website"},"primaryImageOfPage":{"@id":"https:\/\/powerlinegrup.com\/urun\/orion-i-sn-otomatik-tek-kafa-kaynak-makinesi\/#primaryimage"},"image":{"@id":"https:\/\/powerlinegrup.com\/urun\/orion-i-sn-otomatik-tek-kafa-kaynak-makinesi\/#primaryimage"},"thumbnailUrl":"https:\/\/powerlinegrup.com\/wp-content\/uploads\/orion-1-sn-otomatik-tek-kafa-kaynak-makinesi-1.jpg","datePublished":"2023-10-09T13:18:33+00:00","breadcrumb":{"@id":"https:\/\/powerlinegrup.com\/urun\/orion-i-sn-otomatik-tek-kafa-kaynak-makinesi\/#breadcrumb"},"inLanguage":"en-US","potentialAction":[{"@type":"ReadAction","target":["https:\/\/powerlinegrup.com\/urun\/orion-i-sn-otomatik-tek-kafa-kaynak-makinesi\/"]}]},{"@type":"ImageObject","inLanguage":"en-US","@id":"https:\/\/powerlinegrup.com\/urun\/orion-i-sn-otomatik-tek-kafa-kaynak-makinesi\/#primaryimage","url":"https:\/\/powerlinegrup.com\/wp-content\/uploads\/orion-1-sn-otomatik-tek-kafa-kaynak-makinesi-1.jpg","contentUrl":"https:\/\/powerlinegrup.com\/wp-content\/uploads\/orion-1-sn-otomatik-tek-kafa-kaynak-makinesi-1.jpg","width":1000,"height":1000},{"@type":"BreadcrumbList","@id":"https:\/\/powerlinegrup.com\/urun\/orion-i-sn-otomatik-tek-kafa-kaynak-makinesi\/#breadcrumb","itemListElement":[{"@type":"ListItem","position":1,"name":"Anasayfa","item":"https:\/\/powerlinegrup.com\/en\/"},{"@type":"ListItem","position":2,"name":"\u00dcr\u00fcnler","item":"https:\/\/powerlinegrup.com\/en\/urunler\/"},{"@type":"ListItem","position":3,"name":"ORION &#8211; I SN Otomatik Tek Kafa Kaynak Makinesi"}]},{"@type":"WebSite","@id":"https:\/\/powerlinegrup.com\/#website","url":"https:\/\/powerlinegrup.com\/","name":"Powerline Grup","description":"","potentialAction":[{"@type":"SearchAction","target":{"@type":"EntryPoint","urlTemplate":"https:\/\/powerlinegrup.com\/?s={search_term_string}"},"query-input":{"@type":"PropertyValueSpecification","valueRequired":true,"valueName":"search_term_string"}}],"inLanguage":"en-US"}]}},"_links":{"self":[{"href":"https:\/\/powerlinegrup.com\/en\/wp-json\/wp\/v2\/product\/3840","targetHints":{"allow":["GET"]}}],"collection":[{"href":"https:\/\/powerlinegrup.com\/en\/wp-json\/wp\/v2\/product"}],"about":[{"href":"https:\/\/powerlinegrup.com\/en\/wp-json\/wp\/v2\/types\/product"}],"wp:featuredmedia":[{"embeddable":true,"href":"https:\/\/powerlinegrup.com\/en\/wp-json\/wp\/v2\/media\/2355"}],"wp:attachment":[{"href":"https:\/\/powerlinegrup.com\/en\/wp-json\/wp\/v2\/media?parent=3840"}],"wp:term":[{"taxonomy":"product_brand","embeddable":true,"href":"https:\/\/powerlinegrup.com\/en\/wp-json\/wp\/v2\/product_brand?post=3840"},{"taxonomy":"product_cat","embeddable":true,"href":"https:\/\/powerlinegrup.com\/en\/wp-json\/wp\/v2\/product_cat?post=3840"},{"taxonomy":"product_tag","embeddable":true,"href":"https:\/\/powerlinegrup.com\/en\/wp-json\/wp\/v2\/product_tag?post=3840"}],"curies":[{"name":"wp","href":"https:\/\/api.w.org\/{rel}","templated":true}]}}